{"id":5825,"date":"2020-01-13T15:44:44","date_gmt":"2020-01-13T14:44:44","guid":{"rendered":"https:\/\/mpk-ludwig.de\/?page_id=5825"},"modified":"2024-04-02T16:42:36","modified_gmt":"2024-04-02T14:42:36","slug":"used-tensile-testing-machines","status":"publish","type":"page","link":"https:\/\/mpk-ludwig.de\/en\/used-tensile-testing-machines\/","title":{"rendered":"Used tensile testing machines"},"content":{"rendered":"<div id=\"pl-5825\"  class=\"panel-layout\" ><div id=\"pg-5825-0\"  class=\"panel-grid panel-no-style\" ><div id=\"pgc-5825-0-0\"  class=\"panel-grid-cell\" ><div id=\"panel-5825-0-0-0\" class=\"so-panel widget widget_sow-editor panel-first-child panel-last-child\" data-index=\"0\" ><div\n\t\t\t\n\t\t\tclass=\"so-widget-sow-editor so-widget-sow-editor-base\"\n\t\t\t\n\t\t>\n<div class=\"siteorigin-widget-tinymce textwidget\">\n\t<p><img loading=\"lazy\" decoding=\"async\" class=\"alignright wp-image-3399 size-medium\" src=\"https:\/\/mpk-ludwig.de\/wp-content\/uploads\/2020\/03\/gebrauchte-maschine-118x300.jpg\" alt=\"Eine von den gebrauchten Zugpr\u00fcfmaschinen\" width=\"118\" height=\"300\" srcset=\"https:\/\/mpk-ludwig.de\/wp-content\/uploads\/2020\/03\/gebrauchte-maschine-118x300.jpg 118w, https:\/\/mpk-ludwig.de\/wp-content\/uploads\/2020\/03\/gebrauchte-maschine-32x80.jpg 32w, https:\/\/mpk-ludwig.de\/wp-content\/uploads\/2020\/03\/gebrauchte-maschine-98x250.jpg 98w, https:\/\/mpk-ludwig.de\/wp-content\/uploads\/2020\/03\/gebrauchte-maschine-126x320.jpg 126w, https:\/\/mpk-ludwig.de\/wp-content\/uploads\/2020\/03\/gebrauchte-maschine-252x640.jpg 252w, https:\/\/mpk-ludwig.de\/wp-content\/uploads\/2020\/03\/gebrauchte-maschine.jpg 315w\" sizes=\"auto, (max-width: 118px) 100vw, 118px\" \/><\/p>\n<h2>Used tensile testing machines - the affordable alternative<\/h2>\n<p>Buying new equipment and machines is always a major investment that needs to be carefully considered. For this reason, we take used tensile testing machines as trade-ins so that we can offer them to our customers at a low price.<\/p>\n<p>In our large warehouse, we have a wide variety of tensile testing machines waiting to be used again. Used universal tensile testing machines can be used in many industries. Our compact second-hand material testing machines are 100% usable and are of the same quality as a new machine.<\/p>\n<p>Like all our machines, the used devices are also compatible with various <a href=\"https:\/\/mpk-ludwig.de\/en\/tools\/grip\/\">clamping tools<\/a> test fixtures and <a href=\"https:\/\/mpk-ludwig.de\/en\/extensometer\/\">extensometers<\/a>.<\/p>\n<h3>Our tensile testing machines test a wide range of materials<\/h3>\n<p>Our <a href=\"https:\/\/mpk-ludwig.de\/en\/testing-machine\/\">tensile testers<\/a> are <strong>individually adjustable<\/strong> and could therefore be the ideal solution for you.<\/p>\n<p>Whether fibres, adhesive tape, rubber, metal or zippers - with second-hand tensile testers you can test the load limits of any material.<\/p>\n<h3>Advantages of a used tensile testing machine<\/h3>\n<ul>\n<li>Used machines are ideal for a <strong>small budget<\/strong>.<\/li>\n<li>Our tensile testing machines are <strong>individually adjustable<\/strong>.<\/li>\n<li>We <strong>inspect and maintain<\/strong> all used machines that come to us.<\/li>\n<li>The tensile testing machines from mpk LUDWIG can be <strong>retrofitted and modernized<\/strong>.<\/li>\n<li>We also supply the appropriate <strong>software<\/strong>.<\/li>\n<li><strong>Measure and test<\/strong> your materials as you would with a new machine.<\/li>\n<li>Regardless of whether you buy a new or used machine from us - we will provide you with expert advice at all times!<\/li>\n<li>The tensile testers from mpk LUDWIG can be <strong>used in many industries<\/strong>.<\/li>\n<\/ul>\n<h2>Our changing range<\/h2>\n<p>As our second-hand appliances are constantly changing, we do not put any photos online here.<\/p>\n<p>We therefore ask you to <a href=\"https:\/\/mpk-ludwig.de\/en\/contact\/\">contact us<\/a> directly if you are interested. Together we will start looking for the right tensile testing machine for you. But don\u00b4t wait too long! Demand is high.<\/p>\n<\/div>\n<\/div><\/div><\/div><\/div><\/div>","protected":false},"excerpt":{"rendered":"<p>Used tensile testing machines &#8211; the affordable alternative Buying new equipment and machines is always a major investment that needs to be carefully considered. For this reason, we take used tensile testing machines as trade-ins so that we can offer them to our customers at a low price. In our large warehouse, we have a [&hellip;]<\/p>\n","protected":false},"author":3,"featured_media":0,"parent":0,"menu_order":30,"comment_status":"closed","ping_status":"closed","template":"","meta":{"footnotes":""},"class_list":["post-5825","page","type-page","status-publish","hentry"],"yoast_head":"<!-- This site is optimized with the Yoast SEO plugin v27.3 - https:\/\/yoast.com\/product\/yoast-seo-wordpress\/ -->\n<title>Used tensile testing machines<\/title>\n<meta name=\"description\" content=\"Find quality used tensile testing machines, fully refurbished and calibrated for accurate material strength assessment favourably priced.\" \/>\n<meta name=\"robots\" content=\"index, follow, max-snippet:-1, max-image-preview:large, max-video-preview:-1\" \/>\n<link rel=\"canonical\" href=\"https:\/\/mpk-ludwig.de\/en\/used-tensile-testing-machines\/\" \/>\n<meta property=\"og:locale\" content=\"en_US\" \/>\n<meta property=\"og:type\" content=\"article\" \/>\n<meta property=\"og:title\" content=\"Used tensile testing machines\" \/>\n<meta property=\"og:description\" content=\"Find quality used tensile testing machines, fully refurbished and calibrated for accurate material strength assessment favourably priced.\" \/>\n<meta property=\"og:url\" content=\"https:\/\/mpk-ludwig.de\/en\/used-tensile-testing-machines\/\" \/>\n<meta property=\"og:site_name\" content=\"mpk-LUDWIG UG\" \/>\n<meta property=\"article:modified_time\" content=\"2024-04-02T14:42:36+00:00\" \/>\n<meta property=\"og:image\" content=\"https:\/\/mpk-ludwig.de\/wp-content\/uploads\/2020\/03\/gebrauchte-maschine-118x300.jpg\" \/>\n<meta name=\"twitter:card\" content=\"summary_large_image\" \/>\n<meta name=\"twitter:label1\" content=\"Est. reading time\" \/>\n\t<meta name=\"twitter:data1\" content=\"2 minutes\" \/>\n<script type=\"application\/ld+json\" class=\"yoast-schema-graph\">{\"@context\":\"https:\\\/\\\/schema.org\",\"@graph\":[{\"@type\":\"WebPage\",\"@id\":\"https:\\\/\\\/mpk-ludwig.de\\\/en\\\/used-tensile-testing-machines\\\/\",\"url\":\"https:\\\/\\\/mpk-ludwig.de\\\/en\\\/used-tensile-testing-machines\\\/\",\"name\":\"Used tensile testing machines\",\"isPartOf\":{\"@id\":\"https:\\\/\\\/mpk-ludwig.de\\\/en\\\/#website\"},\"primaryImageOfPage\":{\"@id\":\"https:\\\/\\\/mpk-ludwig.de\\\/en\\\/used-tensile-testing-machines\\\/#primaryimage\"},\"image\":{\"@id\":\"https:\\\/\\\/mpk-ludwig.de\\\/en\\\/used-tensile-testing-machines\\\/#primaryimage\"},\"thumbnailUrl\":\"https:\\\/\\\/mpk-ludwig.de\\\/wp-content\\\/uploads\\\/2020\\\/03\\\/gebrauchte-maschine-118x300.jpg\",\"datePublished\":\"2020-01-13T14:44:44+00:00\",\"dateModified\":\"2024-04-02T14:42:36+00:00\",\"description\":\"Find quality used tensile testing machines, fully refurbished and calibrated for accurate material strength assessment favourably priced.\",\"breadcrumb\":{\"@id\":\"https:\\\/\\\/mpk-ludwig.de\\\/en\\\/used-tensile-testing-machines\\\/#breadcrumb\"},\"inLanguage\":\"en-US\",\"potentialAction\":[{\"@type\":\"ReadAction\",\"target\":[\"https:\\\/\\\/mpk-ludwig.de\\\/en\\\/used-tensile-testing-machines\\\/\"]}]},{\"@type\":\"ImageObject\",\"inLanguage\":\"en-US\",\"@id\":\"https:\\\/\\\/mpk-ludwig.de\\\/en\\\/used-tensile-testing-machines\\\/#primaryimage\",\"url\":\"https:\\\/\\\/mpk-ludwig.de\\\/wp-content\\\/uploads\\\/2020\\\/03\\\/gebrauchte-maschine-118x300.jpg\",\"contentUrl\":\"https:\\\/\\\/mpk-ludwig.de\\\/wp-content\\\/uploads\\\/2020\\\/03\\\/gebrauchte-maschine-118x300.jpg\"},{\"@type\":\"BreadcrumbList\",\"@id\":\"https:\\\/\\\/mpk-ludwig.de\\\/en\\\/used-tensile-testing-machines\\\/#breadcrumb\",\"itemListElement\":[{\"@type\":\"ListItem\",\"position\":1,\"name\":\"Startseite\",\"item\":\"https:\\\/\\\/mpk-ludwig.de\\\/en\\\/\"},{\"@type\":\"ListItem\",\"position\":2,\"name\":\"Used tensile testing machines\"}]},{\"@type\":\"WebSite\",\"@id\":\"https:\\\/\\\/mpk-ludwig.de\\\/en\\\/#website\",\"url\":\"https:\\\/\\\/mpk-ludwig.de\\\/en\\\/\",\"name\":\"mpk-LUDWIG UG\",\"description\":\"Zugpr\u00fcfmaschinen und Schraubenpr\u00fcfst\u00e4nde vom Profi\",\"publisher\":{\"@id\":\"https:\\\/\\\/mpk-ludwig.de\\\/en\\\/#organization\"},\"alternateName\":\"mpk Zugpr\u00fcfmaschinen\",\"potentialAction\":[{\"@type\":\"SearchAction\",\"target\":{\"@type\":\"EntryPoint\",\"urlTemplate\":\"https:\\\/\\\/mpk-ludwig.de\\\/en\\\/?s={search_term_string}\"},\"query-input\":{\"@type\":\"PropertyValueSpecification\",\"valueRequired\":true,\"valueName\":\"search_term_string\"}}],\"inLanguage\":\"en-US\"},{\"@type\":\"Organization\",\"@id\":\"https:\\\/\\\/mpk-ludwig.de\\\/en\\\/#organization\",\"name\":\"mpk LUDWIG UG\",\"url\":\"https:\\\/\\\/mpk-ludwig.de\\\/en\\\/\",\"logo\":{\"@type\":\"ImageObject\",\"inLanguage\":\"en-US\",\"@id\":\"https:\\\/\\\/mpk-ludwig.de\\\/en\\\/#\\\/schema\\\/logo\\\/image\\\/\",\"url\":\"https:\\\/\\\/mpk-ludwig.de\\\/wp-content\\\/uploads\\\/2019\\\/11\\\/mpk-LUDWIG-logo.png\",\"contentUrl\":\"https:\\\/\\\/mpk-ludwig.de\\\/wp-content\\\/uploads\\\/2019\\\/11\\\/mpk-LUDWIG-logo.png\",\"width\":600,\"height\":375,\"caption\":\"mpk LUDWIG UG\"},\"image\":{\"@id\":\"https:\\\/\\\/mpk-ludwig.de\\\/en\\\/#\\\/schema\\\/logo\\\/image\\\/\"},\"sameAs\":[\"https:\\\/\\\/www.youtube.com\\\/user\\\/Kraftaufnehmer\\\/\"]}]}<\/script>\n<!-- \/ Yoast SEO plugin. -->","yoast_head_json":{"title":"Used tensile testing machines","description":"Find quality used tensile testing machines, fully refurbished and calibrated for accurate material strength assessment favourably priced.","robots":{"index":"index","follow":"follow","max-snippet":"max-snippet:-1","max-image-preview":"max-image-preview:large","max-video-preview":"max-video-preview:-1"},"canonical":"https:\/\/mpk-ludwig.de\/en\/used-tensile-testing-machines\/","og_locale":"en_US","og_type":"article","og_title":"Used tensile testing machines","og_description":"Find quality used tensile testing machines, fully refurbished and calibrated for accurate material strength assessment favourably priced.","og_url":"https:\/\/mpk-ludwig.de\/en\/used-tensile-testing-machines\/","og_site_name":"mpk-LUDWIG UG","article_modified_time":"2024-04-02T14:42:36+00:00","og_image":[{"url":"https:\/\/mpk-ludwig.de\/wp-content\/uploads\/2020\/03\/gebrauchte-maschine-118x300.jpg","type":"","width":"","height":""}],"twitter_card":"summary_large_image","twitter_misc":{"Est. reading time":"2 minutes"},"schema":{"@context":"https:\/\/schema.org","@graph":[{"@type":"WebPage","@id":"https:\/\/mpk-ludwig.de\/en\/used-tensile-testing-machines\/","url":"https:\/\/mpk-ludwig.de\/en\/used-tensile-testing-machines\/","name":"Used tensile testing machines","isPartOf":{"@id":"https:\/\/mpk-ludwig.de\/en\/#website"},"primaryImageOfPage":{"@id":"https:\/\/mpk-ludwig.de\/en\/used-tensile-testing-machines\/#primaryimage"},"image":{"@id":"https:\/\/mpk-ludwig.de\/en\/used-tensile-testing-machines\/#primaryimage"},"thumbnailUrl":"https:\/\/mpk-ludwig.de\/wp-content\/uploads\/2020\/03\/gebrauchte-maschine-118x300.jpg","datePublished":"2020-01-13T14:44:44+00:00","dateModified":"2024-04-02T14:42:36+00:00","description":"Find quality used tensile testing machines, fully refurbished and calibrated for accurate material strength assessment favourably priced.","breadcrumb":{"@id":"https:\/\/mpk-ludwig.de\/en\/used-tensile-testing-machines\/#breadcrumb"},"inLanguage":"en-US","potentialAction":[{"@type":"ReadAction","target":["https:\/\/mpk-ludwig.de\/en\/used-tensile-testing-machines\/"]}]},{"@type":"ImageObject","inLanguage":"en-US","@id":"https:\/\/mpk-ludwig.de\/en\/used-tensile-testing-machines\/#primaryimage","url":"https:\/\/mpk-ludwig.de\/wp-content\/uploads\/2020\/03\/gebrauchte-maschine-118x300.jpg","contentUrl":"https:\/\/mpk-ludwig.de\/wp-content\/uploads\/2020\/03\/gebrauchte-maschine-118x300.jpg"},{"@type":"BreadcrumbList","@id":"https:\/\/mpk-ludwig.de\/en\/used-tensile-testing-machines\/#breadcrumb","itemListElement":[{"@type":"ListItem","position":1,"name":"Startseite","item":"https:\/\/mpk-ludwig.de\/en\/"},{"@type":"ListItem","position":2,"name":"Used tensile testing machines"}]},{"@type":"WebSite","@id":"https:\/\/mpk-ludwig.de\/en\/#website","url":"https:\/\/mpk-ludwig.de\/en\/","name":"mpk-LUDWIG UG","description":"Zugpr\u00fcfmaschinen und Schraubenpr\u00fcfst\u00e4nde vom Profi","publisher":{"@id":"https:\/\/mpk-ludwig.de\/en\/#organization"},"alternateName":"mpk Zugpr\u00fcfmaschinen","potentialAction":[{"@type":"SearchAction","target":{"@type":"EntryPoint","urlTemplate":"https:\/\/mpk-ludwig.de\/en\/?s={search_term_string}"},"query-input":{"@type":"PropertyValueSpecification","valueRequired":true,"valueName":"search_term_string"}}],"inLanguage":"en-US"},{"@type":"Organization","@id":"https:\/\/mpk-ludwig.de\/en\/#organization","name":"mpk LUDWIG UG","url":"https:\/\/mpk-ludwig.de\/en\/","logo":{"@type":"ImageObject","inLanguage":"en-US","@id":"https:\/\/mpk-ludwig.de\/en\/#\/schema\/logo\/image\/","url":"https:\/\/mpk-ludwig.de\/wp-content\/uploads\/2019\/11\/mpk-LUDWIG-logo.png","contentUrl":"https:\/\/mpk-ludwig.de\/wp-content\/uploads\/2019\/11\/mpk-LUDWIG-logo.png","width":600,"height":375,"caption":"mpk LUDWIG UG"},"image":{"@id":"https:\/\/mpk-ludwig.de\/en\/#\/schema\/logo\/image\/"},"sameAs":["https:\/\/www.youtube.com\/user\/Kraftaufnehmer\/"]}]}},"_links":{"self":[{"href":"https:\/\/mpk-ludwig.de\/en\/wp-json\/wp\/v2\/pages\/5825","targetHints":{"allow":["GET"]}}],"collection":[{"href":"https:\/\/mpk-ludwig.de\/en\/wp-json\/wp\/v2\/pages"}],"about":[{"href":"https:\/\/mpk-ludwig.de\/en\/wp-json\/wp\/v2\/types\/page"}],"author":[{"embeddable":true,"href":"https:\/\/mpk-ludwig.de\/en\/wp-json\/wp\/v2\/users\/3"}],"replies":[{"embeddable":true,"href":"https:\/\/mpk-ludwig.de\/en\/wp-json\/wp\/v2\/comments?post=5825"}],"version-history":[{"count":5,"href":"https:\/\/mpk-ludwig.de\/en\/wp-json\/wp\/v2\/pages\/5825\/revisions"}],"predecessor-version":[{"id":6045,"href":"https:\/\/mpk-ludwig.de\/en\/wp-json\/wp\/v2\/pages\/5825\/revisions\/6045"}],"wp:attachment":[{"href":"https:\/\/mpk-ludwig.de\/en\/wp-json\/wp\/v2\/media?parent=5825"}],"curies":[{"name":"wp","href":"https:\/\/api.w.org\/{rel}","templated":true}]}}