{"id":5830,"date":"2019-04-12T14:10:30","date_gmt":"2019-04-12T12:10:30","guid":{"rendered":"https:\/\/mpk-ludwig.de\/?page_id=5830"},"modified":"2024-04-02T15:59:31","modified_gmt":"2024-04-02T13:59:31","slug":"horizontal-universal-torsion-testing-machine","status":"publish","type":"page","link":"https:\/\/mpk-ludwig.de\/en\/torque-testing-system\/horizontal-universal-torsion-testing-machine\/","title":{"rendered":"Horizontal Universal Torsion Testing Machine"},"content":{"rendered":"<div id=\"pl-5830\"  class=\"panel-layout\" ><div id=\"pg-5830-0\"  class=\"panel-grid panel-no-style\" ><div id=\"pgc-5830-0-0\"  class=\"panel-grid-cell\" ><div id=\"panel-5830-0-0-0\" class=\"so-panel widget widget_sow-editor panel-first-child panel-last-child\" data-index=\"0\" ><div\n\t\t\t\n\t\t\tclass=\"so-widget-sow-editor so-widget-sow-editor-base\"\n\t\t\t\n\t\t>\n<div class=\"siteorigin-widget-tinymce textwidget\">\n\t<h2>Torque measurements with high and consistent quality<\/h2>\n<p>The screws or other tensioning systems you have developed and produced must meet continuously high-quality requirements. The interplay of <strong>pre-tensioning force and torque<\/strong> is one of the important analyses in determining screws in assembly. The <strong>easy operation<\/strong> of our torque test stands supports you in routine tasks in your production. Fast and precise measurements ensure high-quality products.<\/p>\n<p>The<a href=\"https:\/\/www.din.de\/en\/meta\/search\" target=\"_blank\" rel=\"noopener\"><strong> DIN EN ISO 16047<\/strong><\/a> (Torque\/Preload Force Test) describes the procedure for organizing the tightening characteristics of threaded connection elements and similar parts.<\/p>\n<h3>The horizontal test stand determines the total coefficient of friction and more<\/h3>\n<p>Torque test stands from mpk-LUDWIG comply with the standard and determine the following measurement results during the test:<\/p>\n<ul>\n<li>Total coefficient of friction <em>\u03bc<\/em><sub>tot<\/sub><\/li>\n<li>Thread coefficient of friction <em>\u03bc<\/em><sub>th<\/sub><\/li>\n<li>Nut or head bearing coefficient of friction <em>\u03bc<\/em><sub>b<\/sub><\/li>\n<li>Preload force at yield point <em>F<\/em><sub>y<\/sub><\/li>\n<li>Thread coefficient of friction <em>\u03bc<\/em><sub>th<\/sub><\/li>\n<li>Breaking torque <em>T<\/em><sub>u<\/sub><\/li>\n<li>Breaking force <em>F<\/em><sub>u<\/sub><\/li>\n<\/ul>\n<p><a href=\"http:\/\/mpk-ludwig.de\/wp-content\/uploads\/2019\/08\/Torisionspruefmaschine-kl.pdf\" target=\"_blank\" rel=\"noopener noreferrer\"><img loading=\"lazy\" decoding=\"async\" class=\"alignnone wp-image-2191 size-medium\" src=\"https:\/\/mpk-ludwig.de\/wp-content\/uploads\/2019\/08\/Torisionspruefmaschine-Titel-212x300.jpg\" alt=\"\" width=\"212\" height=\"300\" srcset=\"https:\/\/mpk-ludwig.de\/wp-content\/uploads\/2019\/08\/Torisionspruefmaschine-Titel-212x300.jpg 212w, https:\/\/mpk-ludwig.de\/wp-content\/uploads\/2019\/08\/Torisionspruefmaschine-Titel-57x80.jpg 57w, https:\/\/mpk-ludwig.de\/wp-content\/uploads\/2019\/08\/Torisionspruefmaschine-Titel-177x250.jpg 177w, https:\/\/mpk-ludwig.de\/wp-content\/uploads\/2019\/08\/Torisionspruefmaschine-Titel-226x320.jpg 226w, https:\/\/mpk-ludwig.de\/wp-content\/uploads\/2019\/08\/Torisionspruefmaschine-Titel-453x640.jpg 453w, https:\/\/mpk-ludwig.de\/wp-content\/uploads\/2019\/08\/Torisionspruefmaschine-Titel.jpg 500w\" sizes=\"auto, (max-width: 212px) 100vw, 212px\" \/><\/a><\/p>\n<h3>Advantages of our torque test bench<\/h3>\n<p>The advantages of our torque test stand are numerous. Whether it is a horizontal or <a href=\"https:\/\/mpk-ludwig.de\/en\/torque-testing-system\/vertical-universal-torsion-testing-machine\/\" target=\"_blank\" rel=\"noopener\">vertical test stand<\/a>, this powerful instrument enables you to precisely determine the preload force, <a href=\"https:\/\/mpk-ludwig.de\/en\/torque-testing-system\/\" target=\"_blank\" rel=\"noopener\">torque<\/a>, and coefficient of friction for various screws. This allows you to identify potential defects and quality issues early on and address them straightforwardly before they lead to bigger problems.<\/p>\n<p>The user-friendliness of our torque test stand is another major plus. The machine is characterized by its simple operation, and the accompanying software is extremely user-friendly. This reduces the familiarization phase with the device to a minimum. Even users without extensive technical knowledge can quickly and effectively become acquainted with how it works.<\/p>\n<p>In <a href=\"https:\/\/mpk-ludwig.de\/en\/sectors\/\" target=\"_blank\" rel=\"noopener\">various industries<\/a>, from the automotive sector to aerospace, our torque test stand offers a reliable solution for quality assurance. The accurate measurement results and easy handling make it an indispensable tool for optimizing production processes and ensuring product quality. Rely on the performance and user-friendliness of our torque test stand to make your workflows more efficient and your products more reliable.<\/p>\n<h2>Take your production to a new level!<\/h2>\n<p>The horizontal torque test stand from mpk-LUDWIG measures reliably <strong>meaningful values<\/strong>. This allows you to continuously work on the quality of your products and take your production to a new level!<\/p>\n<h3>Buy torque tester<\/h3>\n<p>Would you like to invest in a horizontal torque test stand? <a href=\"https:\/\/mpk-ludwig.de\/en\/contact\/\"><strong>Contact<\/strong><\/a> us at any time! We will advise you and find the ideal test stand to suit your requirements.<\/p>\n<\/div>\n<\/div><\/div><\/div><div id=\"pgc-5830-0-1\"  class=\"panel-grid-cell\" ><div id=\"panel-5830-0-1-0\" class=\"so-panel widget widget_media_image panel-first-child panel-last-child\" data-index=\"1\" ><img loading=\"lazy\" decoding=\"async\" width=\"276\" height=\"300\" src=\"https:\/\/mpk-ludwig.de\/wp-content\/uploads\/2019\/09\/83Drehmomentpruefstand_H_hq-kl-276x300.jpg\" class=\"image wp-image-2248  attachment-medium size-medium\" alt=\"Schraubenpr\u00fcfstand\" style=\"max-width: 100%; height: auto;\" srcset=\"https:\/\/mpk-ludwig.de\/wp-content\/uploads\/2019\/09\/83Drehmomentpruefstand_H_hq-kl-276x300.jpg 276w, https:\/\/mpk-ludwig.de\/wp-content\/uploads\/2019\/09\/83Drehmomentpruefstand_H_hq-kl-74x80.jpg 74w, https:\/\/mpk-ludwig.de\/wp-content\/uploads\/2019\/09\/83Drehmomentpruefstand_H_hq-kl-230x250.jpg 230w, https:\/\/mpk-ludwig.de\/wp-content\/uploads\/2019\/09\/83Drehmomentpruefstand_H_hq-kl-294x320.jpg 294w, https:\/\/mpk-ludwig.de\/wp-content\/uploads\/2019\/09\/83Drehmomentpruefstand_H_hq-kl.jpg 517w\" sizes=\"auto, (max-width: 276px) 100vw, 276px\" \/><\/div><\/div><\/div><\/div>","protected":false},"excerpt":{"rendered":"<p>Torque measurements with high and consistent quality The screws or other tensioning systems you have developed and produced must meet continuously high-quality requirements. The interplay of pre-tensioning force and torque is one of the important analyses in determining screws in assembly. The easy operation of our torque test stands supports you in routine tasks in [&hellip;]<\/p>\n","protected":false},"author":3,"featured_media":0,"parent":5834,"menu_order":0,"comment_status":"closed","ping_status":"closed","template":"","meta":{"footnotes":""},"class_list":["post-5830","page","type-page","status-publish","hentry"],"yoast_head":"<!-- This site is optimized with the Yoast SEO plugin v27.3 - https:\/\/yoast.com\/product\/yoast-seo-wordpress\/ -->\n<title>Horizontal Universal Torsion Testing Machine<\/title>\n<meta name=\"description\" content=\"Discover our Horizontal Universal Torsion Testing Machine for comprehensive torsional strength analysis, ideal for various materials.\" \/>\n<meta name=\"robots\" content=\"index, follow, max-snippet:-1, max-image-preview:large, max-video-preview:-1\" \/>\n<link rel=\"canonical\" href=\"https:\/\/mpk-ludwig.de\/en\/torque-testing-system\/horizontal-universal-torsion-testing-machine\/\" \/>\n<meta property=\"og:locale\" content=\"en_US\" \/>\n<meta property=\"og:type\" content=\"article\" \/>\n<meta property=\"og:title\" content=\"Horizontal Universal Torsion Testing Machine\" \/>\n<meta property=\"og:description\" content=\"Discover our Horizontal Universal Torsion Testing Machine for comprehensive torsional strength analysis, ideal for various materials.\" \/>\n<meta property=\"og:url\" content=\"https:\/\/mpk-ludwig.de\/en\/torque-testing-system\/horizontal-universal-torsion-testing-machine\/\" \/>\n<meta property=\"og:site_name\" content=\"mpk-LUDWIG UG\" \/>\n<meta property=\"article:modified_time\" content=\"2024-04-02T13:59:31+00:00\" \/>\n<meta property=\"og:image\" content=\"https:\/\/mpk-ludwig.de\/wp-content\/uploads\/2019\/08\/Torisionspruefmaschine-Titel-212x300.jpg\" \/>\n<meta name=\"twitter:card\" content=\"summary_large_image\" \/>\n<meta name=\"twitter:label1\" content=\"Est. reading time\" \/>\n\t<meta name=\"twitter:data1\" content=\"2 minutes\" \/>\n<script type=\"application\/ld+json\" class=\"yoast-schema-graph\">{\"@context\":\"https:\\\/\\\/schema.org\",\"@graph\":[{\"@type\":\"WebPage\",\"@id\":\"https:\\\/\\\/mpk-ludwig.de\\\/en\\\/torque-testing-system\\\/horizontal-universal-torsion-testing-machine\\\/\",\"url\":\"https:\\\/\\\/mpk-ludwig.de\\\/en\\\/torque-testing-system\\\/horizontal-universal-torsion-testing-machine\\\/\",\"name\":\"Horizontal Universal Torsion Testing Machine\",\"isPartOf\":{\"@id\":\"https:\\\/\\\/mpk-ludwig.de\\\/en\\\/#website\"},\"primaryImageOfPage\":{\"@id\":\"https:\\\/\\\/mpk-ludwig.de\\\/en\\\/torque-testing-system\\\/horizontal-universal-torsion-testing-machine\\\/#primaryimage\"},\"image\":{\"@id\":\"https:\\\/\\\/mpk-ludwig.de\\\/en\\\/torque-testing-system\\\/horizontal-universal-torsion-testing-machine\\\/#primaryimage\"},\"thumbnailUrl\":\"https:\\\/\\\/mpk-ludwig.de\\\/wp-content\\\/uploads\\\/2019\\\/08\\\/Torisionspruefmaschine-Titel-212x300.jpg\",\"datePublished\":\"2019-04-12T12:10:30+00:00\",\"dateModified\":\"2024-04-02T13:59:31+00:00\",\"description\":\"Discover our Horizontal Universal Torsion Testing Machine for comprehensive torsional strength analysis, ideal for various materials.\",\"breadcrumb\":{\"@id\":\"https:\\\/\\\/mpk-ludwig.de\\\/en\\\/torque-testing-system\\\/horizontal-universal-torsion-testing-machine\\\/#breadcrumb\"},\"inLanguage\":\"en-US\",\"potentialAction\":[{\"@type\":\"ReadAction\",\"target\":[\"https:\\\/\\\/mpk-ludwig.de\\\/en\\\/torque-testing-system\\\/horizontal-universal-torsion-testing-machine\\\/\"]}]},{\"@type\":\"ImageObject\",\"inLanguage\":\"en-US\",\"@id\":\"https:\\\/\\\/mpk-ludwig.de\\\/en\\\/torque-testing-system\\\/horizontal-universal-torsion-testing-machine\\\/#primaryimage\",\"url\":\"https:\\\/\\\/mpk-ludwig.de\\\/wp-content\\\/uploads\\\/2019\\\/08\\\/Torisionspruefmaschine-Titel-212x300.jpg\",\"contentUrl\":\"https:\\\/\\\/mpk-ludwig.de\\\/wp-content\\\/uploads\\\/2019\\\/08\\\/Torisionspruefmaschine-Titel-212x300.jpg\"},{\"@type\":\"BreadcrumbList\",\"@id\":\"https:\\\/\\\/mpk-ludwig.de\\\/en\\\/torque-testing-system\\\/horizontal-universal-torsion-testing-machine\\\/#breadcrumb\",\"itemListElement\":[{\"@type\":\"ListItem\",\"position\":1,\"name\":\"Startseite\",\"item\":\"https:\\\/\\\/mpk-ludwig.de\\\/en\\\/\"},{\"@type\":\"ListItem\",\"position\":2,\"name\":\"Torque testing system\",\"item\":\"https:\\\/\\\/mpk-ludwig.de\\\/en\\\/torque-testing-system\\\/\"},{\"@type\":\"ListItem\",\"position\":3,\"name\":\"Horizontal Universal Torsion Testing Machine\"}]},{\"@type\":\"WebSite\",\"@id\":\"https:\\\/\\\/mpk-ludwig.de\\\/en\\\/#website\",\"url\":\"https:\\\/\\\/mpk-ludwig.de\\\/en\\\/\",\"name\":\"mpk-LUDWIG UG\",\"description\":\"Zugpr\u00fcfmaschinen und Schraubenpr\u00fcfst\u00e4nde vom Profi\",\"publisher\":{\"@id\":\"https:\\\/\\\/mpk-ludwig.de\\\/en\\\/#organization\"},\"alternateName\":\"mpk Zugpr\u00fcfmaschinen\",\"potentialAction\":[{\"@type\":\"SearchAction\",\"target\":{\"@type\":\"EntryPoint\",\"urlTemplate\":\"https:\\\/\\\/mpk-ludwig.de\\\/en\\\/?s={search_term_string}\"},\"query-input\":{\"@type\":\"PropertyValueSpecification\",\"valueRequired\":true,\"valueName\":\"search_term_string\"}}],\"inLanguage\":\"en-US\"},{\"@type\":\"Organization\",\"@id\":\"https:\\\/\\\/mpk-ludwig.de\\\/en\\\/#organization\",\"name\":\"mpk LUDWIG UG\",\"url\":\"https:\\\/\\\/mpk-ludwig.de\\\/en\\\/\",\"logo\":{\"@type\":\"ImageObject\",\"inLanguage\":\"en-US\",\"@id\":\"https:\\\/\\\/mpk-ludwig.de\\\/en\\\/#\\\/schema\\\/logo\\\/image\\\/\",\"url\":\"https:\\\/\\\/mpk-ludwig.de\\\/wp-content\\\/uploads\\\/2019\\\/11\\\/mpk-LUDWIG-logo.png\",\"contentUrl\":\"https:\\\/\\\/mpk-ludwig.de\\\/wp-content\\\/uploads\\\/2019\\\/11\\\/mpk-LUDWIG-logo.png\",\"width\":600,\"height\":375,\"caption\":\"mpk LUDWIG UG\"},\"image\":{\"@id\":\"https:\\\/\\\/mpk-ludwig.de\\\/en\\\/#\\\/schema\\\/logo\\\/image\\\/\"},\"sameAs\":[\"https:\\\/\\\/www.youtube.com\\\/user\\\/Kraftaufnehmer\\\/\"]}]}<\/script>\n<!-- \/ Yoast SEO plugin. -->","yoast_head_json":{"title":"Horizontal Universal Torsion Testing Machine","description":"Discover our Horizontal Universal Torsion Testing Machine for comprehensive torsional strength analysis, ideal for various materials.","robots":{"index":"index","follow":"follow","max-snippet":"max-snippet:-1","max-image-preview":"max-image-preview:large","max-video-preview":"max-video-preview:-1"},"canonical":"https:\/\/mpk-ludwig.de\/en\/torque-testing-system\/horizontal-universal-torsion-testing-machine\/","og_locale":"en_US","og_type":"article","og_title":"Horizontal Universal Torsion Testing Machine","og_description":"Discover our Horizontal Universal Torsion Testing Machine for comprehensive torsional strength analysis, ideal for various materials.","og_url":"https:\/\/mpk-ludwig.de\/en\/torque-testing-system\/horizontal-universal-torsion-testing-machine\/","og_site_name":"mpk-LUDWIG UG","article_modified_time":"2024-04-02T13:59:31+00:00","og_image":[{"url":"https:\/\/mpk-ludwig.de\/wp-content\/uploads\/2019\/08\/Torisionspruefmaschine-Titel-212x300.jpg","type":"","width":"","height":""}],"twitter_card":"summary_large_image","twitter_misc":{"Est. reading time":"2 minutes"},"schema":{"@context":"https:\/\/schema.org","@graph":[{"@type":"WebPage","@id":"https:\/\/mpk-ludwig.de\/en\/torque-testing-system\/horizontal-universal-torsion-testing-machine\/","url":"https:\/\/mpk-ludwig.de\/en\/torque-testing-system\/horizontal-universal-torsion-testing-machine\/","name":"Horizontal Universal Torsion Testing Machine","isPartOf":{"@id":"https:\/\/mpk-ludwig.de\/en\/#website"},"primaryImageOfPage":{"@id":"https:\/\/mpk-ludwig.de\/en\/torque-testing-system\/horizontal-universal-torsion-testing-machine\/#primaryimage"},"image":{"@id":"https:\/\/mpk-ludwig.de\/en\/torque-testing-system\/horizontal-universal-torsion-testing-machine\/#primaryimage"},"thumbnailUrl":"https:\/\/mpk-ludwig.de\/wp-content\/uploads\/2019\/08\/Torisionspruefmaschine-Titel-212x300.jpg","datePublished":"2019-04-12T12:10:30+00:00","dateModified":"2024-04-02T13:59:31+00:00","description":"Discover our Horizontal Universal Torsion Testing Machine for comprehensive torsional strength analysis, ideal for various materials.","breadcrumb":{"@id":"https:\/\/mpk-ludwig.de\/en\/torque-testing-system\/horizontal-universal-torsion-testing-machine\/#breadcrumb"},"inLanguage":"en-US","potentialAction":[{"@type":"ReadAction","target":["https:\/\/mpk-ludwig.de\/en\/torque-testing-system\/horizontal-universal-torsion-testing-machine\/"]}]},{"@type":"ImageObject","inLanguage":"en-US","@id":"https:\/\/mpk-ludwig.de\/en\/torque-testing-system\/horizontal-universal-torsion-testing-machine\/#primaryimage","url":"https:\/\/mpk-ludwig.de\/wp-content\/uploads\/2019\/08\/Torisionspruefmaschine-Titel-212x300.jpg","contentUrl":"https:\/\/mpk-ludwig.de\/wp-content\/uploads\/2019\/08\/Torisionspruefmaschine-Titel-212x300.jpg"},{"@type":"BreadcrumbList","@id":"https:\/\/mpk-ludwig.de\/en\/torque-testing-system\/horizontal-universal-torsion-testing-machine\/#breadcrumb","itemListElement":[{"@type":"ListItem","position":1,"name":"Startseite","item":"https:\/\/mpk-ludwig.de\/en\/"},{"@type":"ListItem","position":2,"name":"Torque testing system","item":"https:\/\/mpk-ludwig.de\/en\/torque-testing-system\/"},{"@type":"ListItem","position":3,"name":"Horizontal Universal Torsion Testing Machine"}]},{"@type":"WebSite","@id":"https:\/\/mpk-ludwig.de\/en\/#website","url":"https:\/\/mpk-ludwig.de\/en\/","name":"mpk-LUDWIG UG","description":"Zugpr\u00fcfmaschinen und Schraubenpr\u00fcfst\u00e4nde vom Profi","publisher":{"@id":"https:\/\/mpk-ludwig.de\/en\/#organization"},"alternateName":"mpk Zugpr\u00fcfmaschinen","potentialAction":[{"@type":"SearchAction","target":{"@type":"EntryPoint","urlTemplate":"https:\/\/mpk-ludwig.de\/en\/?s={search_term_string}"},"query-input":{"@type":"PropertyValueSpecification","valueRequired":true,"valueName":"search_term_string"}}],"inLanguage":"en-US"},{"@type":"Organization","@id":"https:\/\/mpk-ludwig.de\/en\/#organization","name":"mpk LUDWIG UG","url":"https:\/\/mpk-ludwig.de\/en\/","logo":{"@type":"ImageObject","inLanguage":"en-US","@id":"https:\/\/mpk-ludwig.de\/en\/#\/schema\/logo\/image\/","url":"https:\/\/mpk-ludwig.de\/wp-content\/uploads\/2019\/11\/mpk-LUDWIG-logo.png","contentUrl":"https:\/\/mpk-ludwig.de\/wp-content\/uploads\/2019\/11\/mpk-LUDWIG-logo.png","width":600,"height":375,"caption":"mpk LUDWIG UG"},"image":{"@id":"https:\/\/mpk-ludwig.de\/en\/#\/schema\/logo\/image\/"},"sameAs":["https:\/\/www.youtube.com\/user\/Kraftaufnehmer\/"]}]}},"_links":{"self":[{"href":"https:\/\/mpk-ludwig.de\/en\/wp-json\/wp\/v2\/pages\/5830","targetHints":{"allow":["GET"]}}],"collection":[{"href":"https:\/\/mpk-ludwig.de\/en\/wp-json\/wp\/v2\/pages"}],"about":[{"href":"https:\/\/mpk-ludwig.de\/en\/wp-json\/wp\/v2\/types\/page"}],"author":[{"embeddable":true,"href":"https:\/\/mpk-ludwig.de\/en\/wp-json\/wp\/v2\/users\/3"}],"replies":[{"embeddable":true,"href":"https:\/\/mpk-ludwig.de\/en\/wp-json\/wp\/v2\/comments?post=5830"}],"version-history":[{"count":5,"href":"https:\/\/mpk-ludwig.de\/en\/wp-json\/wp\/v2\/pages\/5830\/revisions"}],"predecessor-version":[{"id":5979,"href":"https:\/\/mpk-ludwig.de\/en\/wp-json\/wp\/v2\/pages\/5830\/revisions\/5979"}],"up":[{"embeddable":true,"href":"https:\/\/mpk-ludwig.de\/en\/wp-json\/wp\/v2\/pages\/5834"}],"wp:attachment":[{"href":"https:\/\/mpk-ludwig.de\/en\/wp-json\/wp\/v2\/media?parent=5830"}],"curies":[{"name":"wp","href":"https:\/\/api.w.org\/{rel}","templated":true}]}}