{"id":5834,"date":"2019-04-12T14:10:01","date_gmt":"2019-04-12T12:10:01","guid":{"rendered":"https:\/\/mpk-ludwig.de\/?page_id=5834"},"modified":"2024-06-25T16:13:29","modified_gmt":"2024-06-25T14:13:29","slug":"torque-testing-system","status":"publish","type":"page","link":"https:\/\/mpk-ludwig.de\/en\/torque-testing-system\/","title":{"rendered":"Torque testing system"},"content":{"rendered":"<div id=\"pl-5834\"  class=\"panel-layout\" ><div id=\"pg-5834-0\"  class=\"panel-grid panel-no-style\" ><div id=\"pgc-5834-0-0\"  class=\"panel-grid-cell\" ><div id=\"panel-5834-0-0-0\" class=\"so-panel widget widget_sow-editor panel-first-child panel-last-child\" data-index=\"0\" ><div\n\t\t\t\n\t\t\tclass=\"so-widget-sow-editor so-widget-sow-editor-base\"\n\t\t\t\n\t\t>\n<div class=\"siteorigin-widget-tinymce textwidget\">\n\t<h2>Check screw quality with the torque tester from mpk-LUDWIG<\/h2>\n<p>Whether you\u2019re developing or producing screws or other types of clamping systems, we recognise that you consistently need to meet high quality standards. Our torque test benches provide fast and reliable results and allow you to confidently perform quality assurance on your products.<\/p>\n<p>With the test stand from mpk-LUDWIG, you can test a variety of <strong>mechanical functional properties<\/strong>. It determines the <strong>coefficient of friction<\/strong> as well as the <strong>torque and the preload force<\/strong> of screws and the like for you. Thanks to these tests, you can quickly and easily identify and rectify defects. This way, you maintain compliance with current norms and standards.<\/p>\n<h2>Reliable machines from mpk-LUDWIG<\/h2>\n<p>The torque tester from mpk-LUDWIG exceeds the standard requirements as well as comparable test stands and testing devices. Therefore, rely on the machines from mpk-LUDWIG to elevate the <strong>quality<\/strong> of your products to a new level!<\/p>\n<h3>The characteristics of our torque testers<\/h3>\n<p>Two models are available. We offer both a <a href=\"https:\/\/mpk-ludwig.de\/en\/torque-testing-system\/vertical-universal-torsion-testing-machine\/\">vertical<\/a> and <a href=\"https:\/\/mpk-ludwig.de\/en\/torque-testing-system\/horizontal-universal-torsion-testing-machine\/\">horizontal torque test bench<\/a>, depending on your needs. Both models have their unique advantages and applications, so feel free to browse through the specifications for each.<\/p>\n<h4>Sensors of our torque testers<\/h4>\n<p>All our test stands are equipped with <strong>rotating torque sensors<\/strong> with <strong>low-wear slip rings<\/strong>. The sensor transmits an analog, DMS (strain gauge) bridge output signal in mV\/V. Typically, it is used for isolated, random sampling checks or torque measurements at low speeds. The sensor automatically measures rotational speed or angle. Thus, our torque test stands are well-equipped and provide you with <strong>meaningful and accurate measurements<\/strong>.<\/p>\n<h4>User-friendly software<\/h4>\n<p>All screw test stands from mpk-LUDWIG are equipped with the intuitive <strong>ST-Analysis<\/strong> software. The software generates <strong>records, analyzes the measurement data and performs static calculations<\/strong>. For example, it determines the thread friction torque (ISO 16047), the clamp torque (ISO 2320), the fatigue strength, as well as the tensile strength of your screws and tensioning systems. You have the option to view, edit, and compare the test results in Excel. Thus, you ensure the continuous quality of your products.<\/p>\n<h5>Advantages of the software<\/h5>\n<ol>\n<li><strong>Operation:<\/strong> The software is compatible with Windows XP, 7, 10 and different languages can be set. You can define some commands individually.<\/li>\n<li><strong>Test type:<\/strong> In addition to the thread friction torque (ISO 16047) and clamp torque (ISO 2320), the software also measures the endurance and tensile strength. You store the results in the database and provide information on the most frequently tested samples<\/li>\n<li><strong>Statistical evaluation:<\/strong> The program measures the preselected values quickly and reliably.<\/li>\n<li><strong>Units:<\/strong> The software includes a metric and empirical system of various variables such as force, length, time, load and speed. As a user, you have direct influence on the form in which the results are displayed, for example on the decimal points.<\/li>\n<li><strong>Report:<\/strong> The evaluation can be edited via Excel. This allows you to compare values with each other. The various elements can also be saved and printed individually.<\/li>\n<li><strong>Calibration:<\/strong> The multi-stage calibration ensures that the software determines reliable values.<\/li>\n<\/ol>\n<p><img loading=\"lazy\" decoding=\"async\" class=\"alignleft wp-image-2794 size-medium\" src=\"https:\/\/mpk-ludwig.de\/wp-content\/uploads\/2020\/01\/schraubenpruefstand-software-241x300.jpg\" alt=\"Datenblatt zur Schraubenpruefstand-Software\" width=\"241\" height=\"300\" srcset=\"https:\/\/mpk-ludwig.de\/wp-content\/uploads\/2020\/01\/schraubenpruefstand-software-241x300.jpg 241w, https:\/\/mpk-ludwig.de\/wp-content\/uploads\/2020\/01\/schraubenpruefstand-software-64x80.jpg 64w, https:\/\/mpk-ludwig.de\/wp-content\/uploads\/2020\/01\/schraubenpruefstand-software-200x250.jpg 200w, https:\/\/mpk-ludwig.de\/wp-content\/uploads\/2020\/01\/schraubenpruefstand-software-257x320.jpg 257w, https:\/\/mpk-ludwig.de\/wp-content\/uploads\/2020\/01\/schraubenpruefstand-software.jpg 425w\" sizes=\"auto, (max-width: 241px) 100vw, 241px\" \/><\/p>\n<p>&nbsp;<\/p>\n<h4>Our accessories<\/h4>\n<p>To provide you with the complete package, our range includes a large selection of accessories. With these, you can continually re-equip your test stand so that it always meets the requirements of your testing procedures.<\/p>\n<h2>Discover our wide range of products<\/h2>\n<p>Whether it's a <a href=\"https:\/\/mpk-ludwig.de\/en\/force-gauge\/\">force measuring device<\/a>, tensile or hardness testing machine - we focus on quality at a fair price!<\/p>\n<h3>Personal advice<\/h3>\n<p>Do you have any questions? Our experts will <a href=\"https:\/\/mpk-ludwig.de\/en\/contact\/\">advise<\/a> you on your personal concerns at any time. We will find the perfect <strong>solution<\/strong> for testing your products.<\/p>\n<\/div>\n<\/div><\/div><\/div><div id=\"pgc-5834-0-1\"  class=\"panel-grid-cell\" ><div id=\"panel-5834-0-1-0\" class=\"so-panel widget widget_sow-image panel-first-child\" data-index=\"1\" ><div class=\"image_button panel-widget-style panel-widget-style-for-5834-0-1-0\" ><div\n\t\t\t\n\t\t\tclass=\"so-widget-sow-image so-widget-sow-image-default-334eeca80698-5834\"\n\t\t\t\n\t\t>\n<div class=\"sow-image-container\">\n\t\t\t<a href=\"https:\/\/mpk-ludwig.de\/en\/torque-testing-system\/horizontal-universal-torsion-testing-machine\/\"\n\t\t\t\t\t>\n\t\t\t<img \n\tsrc=\"https:\/\/mpk-ludwig.de\/wp-content\/uploads\/2019\/09\/83Drehmomentpruefstand_H_hq-kl.jpg\" width=\"517\" height=\"562\" srcset=\"https:\/\/mpk-ludwig.de\/wp-content\/uploads\/2019\/09\/83Drehmomentpruefstand_H_hq-kl.jpg 517w, https:\/\/mpk-ludwig.de\/wp-content\/uploads\/2019\/09\/83Drehmomentpruefstand_H_hq-kl-276x300.jpg 276w, https:\/\/mpk-ludwig.de\/wp-content\/uploads\/2019\/09\/83Drehmomentpruefstand_H_hq-kl-74x80.jpg 74w, https:\/\/mpk-ludwig.de\/wp-content\/uploads\/2019\/09\/83Drehmomentpruefstand_H_hq-kl-230x250.jpg 230w, https:\/\/mpk-ludwig.de\/wp-content\/uploads\/2019\/09\/83Drehmomentpruefstand_H_hq-kl-294x320.jpg 294w\" sizes=\"(max-width: 517px) 100vw, 517px\" title=\"Horizontal Universal Torsion Testing Machine\" alt=\"Horizontal Universal Torsion Testing Machine\" \t\tclass=\"so-widget-image\"\/>\n\t\t\t<\/a><\/div>\n\n<h3 class=\"widget-title\">Horizontal Universal Torsion Testing Machine<\/h3><\/div><\/div><\/div><div id=\"panel-5834-0-1-1\" class=\"so-panel widget widget_sow-image panel-last-child\" data-index=\"2\" ><div class=\"image_button panel-widget-style panel-widget-style-for-5834-0-1-1\" ><div\n\t\t\t\n\t\t\tclass=\"so-widget-sow-image so-widget-sow-image-default-334eeca80698-5834\"\n\t\t\t\n\t\t>\n<div class=\"sow-image-container\">\n\t\t\t<a href=\"https:\/\/mpk-ludwig.de\/en\/torque-testing-system\/vertical-universal-torsion-testing-machine\/\"\n\t\t\t\t\t>\n\t\t\t<img \n\tsrc=\"https:\/\/mpk-ludwig.de\/wp-content\/uploads\/2019\/09\/83Drehmomentpruefstand_V.jpg\" width=\"600\" height=\"1154\" srcset=\"https:\/\/mpk-ludwig.de\/wp-content\/uploads\/2019\/09\/83Drehmomentpruefstand_V.jpg 600w, https:\/\/mpk-ludwig.de\/wp-content\/uploads\/2019\/09\/83Drehmomentpruefstand_V-156x300.jpg 156w, https:\/\/mpk-ludwig.de\/wp-content\/uploads\/2019\/09\/83Drehmomentpruefstand_V-532x1024.jpg 532w, https:\/\/mpk-ludwig.de\/wp-content\/uploads\/2019\/09\/83Drehmomentpruefstand_V-42x80.jpg 42w, https:\/\/mpk-ludwig.de\/wp-content\/uploads\/2019\/09\/83Drehmomentpruefstand_V-130x250.jpg 130w, https:\/\/mpk-ludwig.de\/wp-content\/uploads\/2019\/09\/83Drehmomentpruefstand_V-166x320.jpg 166w, https:\/\/mpk-ludwig.de\/wp-content\/uploads\/2019\/09\/83Drehmomentpruefstand_V-333x640.jpg 333w, https:\/\/mpk-ludwig.de\/wp-content\/uploads\/2019\/09\/83Drehmomentpruefstand_V-499x960.jpg 499w\" sizes=\"(max-width: 600px) 100vw, 600px\" title=\"Vertical Universal Torsion Testing Machine\" alt=\"Vertical Universal Torsion Testing Machine\" \t\tclass=\"so-widget-image\"\/>\n\t\t\t<\/a><\/div>\n\n<h3 class=\"widget-title\">Vertical Universal Torsion Testing Machine<\/h3><\/div><\/div><\/div><\/div><\/div><\/div>","protected":false},"excerpt":{"rendered":"<p>Check screw quality with the torque tester from mpk-LUDWIG Whether you\u2019re developing or producing screws or other types of clamping systems, we recognise that you consistently need to meet high quality standards. Our torque test benches provide fast and reliable results and allow you to confidently perform quality assurance on your products. With the test [&hellip;]<\/p>\n","protected":false},"author":3,"featured_media":0,"parent":0,"menu_order":20,"comment_status":"closed","ping_status":"closed","template":"","meta":{"footnotes":""},"class_list":["post-5834","page","type-page","status-publish","hentry"],"yoast_head":"<!-- This site is optimized with the Yoast SEO plugin v27.3 - https:\/\/yoast.com\/product\/yoast-seo-wordpress\/ -->\n<title>Torque testing system<\/title>\n<meta name=\"description\" content=\"Our torque testing systems engineered for accurate evaluation of rotational force and component durability across diverse industries.\" \/>\n<meta name=\"robots\" content=\"index, follow, max-snippet:-1, max-image-preview:large, max-video-preview:-1\" \/>\n<link rel=\"canonical\" href=\"https:\/\/mpk-ludwig.de\/en\/torque-testing-system\/\" \/>\n<meta property=\"og:locale\" content=\"en_US\" \/>\n<meta property=\"og:type\" content=\"article\" \/>\n<meta property=\"og:title\" content=\"Torque testing system\" \/>\n<meta property=\"og:description\" content=\"Our torque testing systems engineered for accurate evaluation of rotational force and component durability across diverse industries.\" \/>\n<meta property=\"og:url\" content=\"https:\/\/mpk-ludwig.de\/en\/torque-testing-system\/\" \/>\n<meta property=\"og:site_name\" content=\"mpk-LUDWIG UG\" \/>\n<meta property=\"article:modified_time\" content=\"2024-06-25T14:13:29+00:00\" \/>\n<meta property=\"og:image\" content=\"https:\/\/mpk-ludwig.de\/wp-content\/uploads\/2020\/01\/schraubenpruefstand-software-241x300.jpg\" \/>\n<meta name=\"twitter:card\" content=\"summary_large_image\" \/>\n<meta name=\"twitter:label1\" content=\"Est. reading time\" \/>\n\t<meta name=\"twitter:data1\" content=\"3 minutes\" \/>\n<script type=\"application\/ld+json\" class=\"yoast-schema-graph\">{\"@context\":\"https:\\\/\\\/schema.org\",\"@graph\":[{\"@type\":\"WebPage\",\"@id\":\"https:\\\/\\\/mpk-ludwig.de\\\/en\\\/torque-testing-system\\\/\",\"url\":\"https:\\\/\\\/mpk-ludwig.de\\\/en\\\/torque-testing-system\\\/\",\"name\":\"Torque testing system\",\"isPartOf\":{\"@id\":\"https:\\\/\\\/mpk-ludwig.de\\\/en\\\/#website\"},\"primaryImageOfPage\":{\"@id\":\"https:\\\/\\\/mpk-ludwig.de\\\/en\\\/torque-testing-system\\\/#primaryimage\"},\"image\":{\"@id\":\"https:\\\/\\\/mpk-ludwig.de\\\/en\\\/torque-testing-system\\\/#primaryimage\"},\"thumbnailUrl\":\"https:\\\/\\\/mpk-ludwig.de\\\/wp-content\\\/uploads\\\/2020\\\/01\\\/schraubenpruefstand-software-241x300.jpg\",\"datePublished\":\"2019-04-12T12:10:01+00:00\",\"dateModified\":\"2024-06-25T14:13:29+00:00\",\"description\":\"Our torque testing systems engineered for accurate evaluation of rotational force and component durability across diverse industries.\",\"breadcrumb\":{\"@id\":\"https:\\\/\\\/mpk-ludwig.de\\\/en\\\/torque-testing-system\\\/#breadcrumb\"},\"inLanguage\":\"en-US\",\"potentialAction\":[{\"@type\":\"ReadAction\",\"target\":[\"https:\\\/\\\/mpk-ludwig.de\\\/en\\\/torque-testing-system\\\/\"]}]},{\"@type\":\"ImageObject\",\"inLanguage\":\"en-US\",\"@id\":\"https:\\\/\\\/mpk-ludwig.de\\\/en\\\/torque-testing-system\\\/#primaryimage\",\"url\":\"https:\\\/\\\/mpk-ludwig.de\\\/wp-content\\\/uploads\\\/2020\\\/01\\\/schraubenpruefstand-software-241x300.jpg\",\"contentUrl\":\"https:\\\/\\\/mpk-ludwig.de\\\/wp-content\\\/uploads\\\/2020\\\/01\\\/schraubenpruefstand-software-241x300.jpg\"},{\"@type\":\"BreadcrumbList\",\"@id\":\"https:\\\/\\\/mpk-ludwig.de\\\/en\\\/torque-testing-system\\\/#breadcrumb\",\"itemListElement\":[{\"@type\":\"ListItem\",\"position\":1,\"name\":\"Startseite\",\"item\":\"https:\\\/\\\/mpk-ludwig.de\\\/en\\\/\"},{\"@type\":\"ListItem\",\"position\":2,\"name\":\"Torque testing system\"}]},{\"@type\":\"WebSite\",\"@id\":\"https:\\\/\\\/mpk-ludwig.de\\\/en\\\/#website\",\"url\":\"https:\\\/\\\/mpk-ludwig.de\\\/en\\\/\",\"name\":\"mpk-LUDWIG UG\",\"description\":\"Zugpr\u00fcfmaschinen und Schraubenpr\u00fcfst\u00e4nde vom Profi\",\"publisher\":{\"@id\":\"https:\\\/\\\/mpk-ludwig.de\\\/en\\\/#organization\"},\"alternateName\":\"mpk Zugpr\u00fcfmaschinen\",\"potentialAction\":[{\"@type\":\"SearchAction\",\"target\":{\"@type\":\"EntryPoint\",\"urlTemplate\":\"https:\\\/\\\/mpk-ludwig.de\\\/en\\\/?s={search_term_string}\"},\"query-input\":{\"@type\":\"PropertyValueSpecification\",\"valueRequired\":true,\"valueName\":\"search_term_string\"}}],\"inLanguage\":\"en-US\"},{\"@type\":\"Organization\",\"@id\":\"https:\\\/\\\/mpk-ludwig.de\\\/en\\\/#organization\",\"name\":\"mpk LUDWIG UG\",\"url\":\"https:\\\/\\\/mpk-ludwig.de\\\/en\\\/\",\"logo\":{\"@type\":\"ImageObject\",\"inLanguage\":\"en-US\",\"@id\":\"https:\\\/\\\/mpk-ludwig.de\\\/en\\\/#\\\/schema\\\/logo\\\/image\\\/\",\"url\":\"https:\\\/\\\/mpk-ludwig.de\\\/wp-content\\\/uploads\\\/2019\\\/11\\\/mpk-LUDWIG-logo.png\",\"contentUrl\":\"https:\\\/\\\/mpk-ludwig.de\\\/wp-content\\\/uploads\\\/2019\\\/11\\\/mpk-LUDWIG-logo.png\",\"width\":600,\"height\":375,\"caption\":\"mpk LUDWIG UG\"},\"image\":{\"@id\":\"https:\\\/\\\/mpk-ludwig.de\\\/en\\\/#\\\/schema\\\/logo\\\/image\\\/\"},\"sameAs\":[\"https:\\\/\\\/www.youtube.com\\\/user\\\/Kraftaufnehmer\\\/\"]}]}<\/script>\n<!-- \/ Yoast SEO plugin. -->","yoast_head_json":{"title":"Torque testing system","description":"Our torque testing systems engineered for accurate evaluation of rotational force and component durability across diverse industries.","robots":{"index":"index","follow":"follow","max-snippet":"max-snippet:-1","max-image-preview":"max-image-preview:large","max-video-preview":"max-video-preview:-1"},"canonical":"https:\/\/mpk-ludwig.de\/en\/torque-testing-system\/","og_locale":"en_US","og_type":"article","og_title":"Torque testing system","og_description":"Our torque testing systems engineered for accurate evaluation of rotational force and component durability across diverse industries.","og_url":"https:\/\/mpk-ludwig.de\/en\/torque-testing-system\/","og_site_name":"mpk-LUDWIG UG","article_modified_time":"2024-06-25T14:13:29+00:00","og_image":[{"url":"https:\/\/mpk-ludwig.de\/wp-content\/uploads\/2020\/01\/schraubenpruefstand-software-241x300.jpg","type":"","width":"","height":""}],"twitter_card":"summary_large_image","twitter_misc":{"Est. reading time":"3 minutes"},"schema":{"@context":"https:\/\/schema.org","@graph":[{"@type":"WebPage","@id":"https:\/\/mpk-ludwig.de\/en\/torque-testing-system\/","url":"https:\/\/mpk-ludwig.de\/en\/torque-testing-system\/","name":"Torque testing system","isPartOf":{"@id":"https:\/\/mpk-ludwig.de\/en\/#website"},"primaryImageOfPage":{"@id":"https:\/\/mpk-ludwig.de\/en\/torque-testing-system\/#primaryimage"},"image":{"@id":"https:\/\/mpk-ludwig.de\/en\/torque-testing-system\/#primaryimage"},"thumbnailUrl":"https:\/\/mpk-ludwig.de\/wp-content\/uploads\/2020\/01\/schraubenpruefstand-software-241x300.jpg","datePublished":"2019-04-12T12:10:01+00:00","dateModified":"2024-06-25T14:13:29+00:00","description":"Our torque testing systems engineered for accurate evaluation of rotational force and component durability across diverse industries.","breadcrumb":{"@id":"https:\/\/mpk-ludwig.de\/en\/torque-testing-system\/#breadcrumb"},"inLanguage":"en-US","potentialAction":[{"@type":"ReadAction","target":["https:\/\/mpk-ludwig.de\/en\/torque-testing-system\/"]}]},{"@type":"ImageObject","inLanguage":"en-US","@id":"https:\/\/mpk-ludwig.de\/en\/torque-testing-system\/#primaryimage","url":"https:\/\/mpk-ludwig.de\/wp-content\/uploads\/2020\/01\/schraubenpruefstand-software-241x300.jpg","contentUrl":"https:\/\/mpk-ludwig.de\/wp-content\/uploads\/2020\/01\/schraubenpruefstand-software-241x300.jpg"},{"@type":"BreadcrumbList","@id":"https:\/\/mpk-ludwig.de\/en\/torque-testing-system\/#breadcrumb","itemListElement":[{"@type":"ListItem","position":1,"name":"Startseite","item":"https:\/\/mpk-ludwig.de\/en\/"},{"@type":"ListItem","position":2,"name":"Torque testing system"}]},{"@type":"WebSite","@id":"https:\/\/mpk-ludwig.de\/en\/#website","url":"https:\/\/mpk-ludwig.de\/en\/","name":"mpk-LUDWIG UG","description":"Zugpr\u00fcfmaschinen und Schraubenpr\u00fcfst\u00e4nde vom Profi","publisher":{"@id":"https:\/\/mpk-ludwig.de\/en\/#organization"},"alternateName":"mpk Zugpr\u00fcfmaschinen","potentialAction":[{"@type":"SearchAction","target":{"@type":"EntryPoint","urlTemplate":"https:\/\/mpk-ludwig.de\/en\/?s={search_term_string}"},"query-input":{"@type":"PropertyValueSpecification","valueRequired":true,"valueName":"search_term_string"}}],"inLanguage":"en-US"},{"@type":"Organization","@id":"https:\/\/mpk-ludwig.de\/en\/#organization","name":"mpk LUDWIG UG","url":"https:\/\/mpk-ludwig.de\/en\/","logo":{"@type":"ImageObject","inLanguage":"en-US","@id":"https:\/\/mpk-ludwig.de\/en\/#\/schema\/logo\/image\/","url":"https:\/\/mpk-ludwig.de\/wp-content\/uploads\/2019\/11\/mpk-LUDWIG-logo.png","contentUrl":"https:\/\/mpk-ludwig.de\/wp-content\/uploads\/2019\/11\/mpk-LUDWIG-logo.png","width":600,"height":375,"caption":"mpk LUDWIG UG"},"image":{"@id":"https:\/\/mpk-ludwig.de\/en\/#\/schema\/logo\/image\/"},"sameAs":["https:\/\/www.youtube.com\/user\/Kraftaufnehmer\/"]}]}},"_links":{"self":[{"href":"https:\/\/mpk-ludwig.de\/en\/wp-json\/wp\/v2\/pages\/5834","targetHints":{"allow":["GET"]}}],"collection":[{"href":"https:\/\/mpk-ludwig.de\/en\/wp-json\/wp\/v2\/pages"}],"about":[{"href":"https:\/\/mpk-ludwig.de\/en\/wp-json\/wp\/v2\/types\/page"}],"author":[{"embeddable":true,"href":"https:\/\/mpk-ludwig.de\/en\/wp-json\/wp\/v2\/users\/3"}],"replies":[{"embeddable":true,"href":"https:\/\/mpk-ludwig.de\/en\/wp-json\/wp\/v2\/comments?post=5834"}],"version-history":[{"count":5,"href":"https:\/\/mpk-ludwig.de\/en\/wp-json\/wp\/v2\/pages\/5834\/revisions"}],"predecessor-version":[{"id":5975,"href":"https:\/\/mpk-ludwig.de\/en\/wp-json\/wp\/v2\/pages\/5834\/revisions\/5975"}],"wp:attachment":[{"href":"https:\/\/mpk-ludwig.de\/en\/wp-json\/wp\/v2\/media?parent=5834"}],"curies":[{"name":"wp","href":"https:\/\/api.w.org\/{rel}","templated":true}]}}