{"id":5837,"date":"2019-04-12T14:10:41","date_gmt":"2019-04-12T12:10:41","guid":{"rendered":"https:\/\/mpk-ludwig.de\/?page_id=5837"},"modified":"2024-04-02T16:01:03","modified_gmt":"2024-04-02T14:01:03","slug":"vertical-universal-torsion-testing-machine","status":"publish","type":"page","link":"https:\/\/mpk-ludwig.de\/en\/torque-testing-system\/vertical-universal-torsion-testing-machine\/","title":{"rendered":"Vertical Universal Torsion Testing Machine"},"content":{"rendered":"<div id=\"pl-5837\"  class=\"panel-layout\" ><div id=\"pg-5837-0\"  class=\"panel-grid panel-no-style\" ><div id=\"pgc-5837-0-0\"  class=\"panel-grid-cell\" ><div id=\"panel-5837-0-0-0\" class=\"so-panel widget widget_sow-editor panel-first-child panel-last-child\" data-index=\"0\" ><div\n\t\t\t\n\t\t\tclass=\"so-widget-sow-editor so-widget-sow-editor-base\"\n\t\t\t\n\t\t>\n<div class=\"siteorigin-widget-tinymce textwidget\">\n\t<p><img loading=\"lazy\" decoding=\"async\" class=\"alignright wp-image-2251\" src=\"https:\/\/mpk-ludwig.de\/wp-content\/uploads\/2019\/09\/83Drehmomentpruefstand_V-156x300.jpg\" alt=\"\" width=\"200\" height=\"385\" srcset=\"https:\/\/mpk-ludwig.de\/wp-content\/uploads\/2019\/09\/83Drehmomentpruefstand_V-156x300.jpg 156w, https:\/\/mpk-ludwig.de\/wp-content\/uploads\/2019\/09\/83Drehmomentpruefstand_V-532x1024.jpg 532w, https:\/\/mpk-ludwig.de\/wp-content\/uploads\/2019\/09\/83Drehmomentpruefstand_V-42x80.jpg 42w, https:\/\/mpk-ludwig.de\/wp-content\/uploads\/2019\/09\/83Drehmomentpruefstand_V-130x250.jpg 130w, https:\/\/mpk-ludwig.de\/wp-content\/uploads\/2019\/09\/83Drehmomentpruefstand_V-166x320.jpg 166w, https:\/\/mpk-ludwig.de\/wp-content\/uploads\/2019\/09\/83Drehmomentpruefstand_V-333x640.jpg 333w, https:\/\/mpk-ludwig.de\/wp-content\/uploads\/2019\/09\/83Drehmomentpruefstand_V-499x960.jpg 499w, https:\/\/mpk-ludwig.de\/wp-content\/uploads\/2019\/09\/83Drehmomentpruefstand_V.jpg 600w\" sizes=\"auto, (max-width: 200px) 100vw, 200px\" \/><\/p>\n<h2>Determine screw quality with the vertical torque test stand from mpk-LUDWIG<\/h2>\n<p>This series of <strong>vertical torque test stands<\/strong> has been specifically developed for product torsion analysis. Many customers who purchase this device are active in the screw industry and use the test stand to test the torque of their products.<\/p>\n<p>Regarding test methods, various sensors and lead-in parts are available to meet the standards. The individual measurement criteria require a suitable testing device. <a href=\"https:\/\/mpk-ludwig.de\/en\/contact\/\">We will find out together<\/a> which torque test stand with which accessories is right for your project<\/p>\n<h3>Professional software for testing torques<\/h3>\n<p>Through our exclusive software, force, angle, and other parameter changes are recorded simultaneously in each test to continue the <strong>calculation analysis<\/strong>. All test data are recorded in a protocol via Excel and can be accessed at any time.<\/p>\n<h3>A vertical torque test bench adapts to the requirements of your production<\/h3>\n<p>If needed, the machine can be adjusted. You can set up the test stand <strong>individually and straightforwardly<\/strong>, thus determining a variety of values. All according to the requirements of your production.<\/p>\n<p>This vertical torque test stand is suitable for capacities of under 200 Nm. Larger torsion sizes can be found in the 'Universal Torsion Testing Machine' of the <a href=\"https:\/\/mpk-ludwig.de\/en\/torque-testing-system\/horizontal-universal-torsion-testing-machine\/\">horizontal series<\/a>.<\/p>\n<h2>Numerous areas of application for the vertical torque testing system<\/h2>\n<p>The test stand can be used for a wide variety of applications, methods, and tests. For example, with the test stand, you can perform a <strong>tool torsion test<\/strong>, as well as a <strong>fatigue test<\/strong>.<\/p>\n<p>To apply these test procedures, you must mount the appropriate tool on the test stand. Examples of attachments that fall under this category include:<\/p>\n<ul>\n<li>Handles including slot (flat)<\/li>\n<li>Phillips<\/li>\n<li>Pozidriv (<a href=\"https:\/\/www.din.de\/en\/meta\/search\">ISO 8764<\/a>, DIN 5260)<\/li>\n<li>Hexagon and Torx (ISO 10664)<\/li>\n<\/ul>\n<h2>Vertical torque test bench - an investment for the future<\/h2>\n<p>If you also want to produce high-quality products in the future and place great value on durability and quality, then a torque test stand is a <strong>sensible investment<\/strong>. With the test stand, you thoroughly check your products. In this way, you continuously maintain a <strong>high standard of quality<\/strong>.<\/p>\n<p>Are you interested and want to find out more about our <a href=\"https:\/\/mpk-ludwig.de\/en\/torque-testing-system\/horizontal-universal-torsion-testing-machine\/\"><strong>horizontal <\/strong><\/a>and<strong> vertical torque test benches<\/strong>? Please feel free to <a href=\"https:\/\/mpk-ludwig.de\/en\/contact\/\"><strong>contact<\/strong><\/a> us. We will be happy to advise you!<\/p>\n<\/div>\n<\/div><\/div><\/div><\/div><\/div>","protected":false},"excerpt":{"rendered":"<p>Determine screw quality with the vertical torque test stand from mpk-LUDWIG This series of vertical torque test stands has been specifically developed for product torsion analysis. Many customers who purchase this device are active in the screw industry and use the test stand to test the torque of their products. Regarding test methods, various sensors [&hellip;]<\/p>\n","protected":false},"author":3,"featured_media":0,"parent":5834,"menu_order":0,"comment_status":"closed","ping_status":"closed","template":"","meta":{"footnotes":""},"class_list":["post-5837","page","type-page","status-publish","hentry"],"yoast_head":"<!-- This site is optimized with the Yoast SEO plugin v27.3 - https:\/\/yoast.com\/product\/yoast-seo-wordpress\/ -->\n<title>Vertical Universal Torsion Testing Machine<\/title>\n<meta name=\"description\" content=\"Our Vertical Universal Torsion Testing Machine are designed for detailed torsional testing of materials in a compact footprint.\" \/>\n<meta name=\"robots\" content=\"index, follow, max-snippet:-1, max-image-preview:large, max-video-preview:-1\" \/>\n<link rel=\"canonical\" href=\"https:\/\/mpk-ludwig.de\/en\/torque-testing-system\/vertical-universal-torsion-testing-machine\/\" \/>\n<meta property=\"og:locale\" content=\"en_US\" \/>\n<meta property=\"og:type\" content=\"article\" \/>\n<meta property=\"og:title\" content=\"Vertical Universal Torsion Testing Machine\" \/>\n<meta property=\"og:description\" content=\"Our Vertical Universal Torsion Testing Machine are designed for detailed torsional testing of materials in a compact footprint.\" \/>\n<meta property=\"og:url\" content=\"https:\/\/mpk-ludwig.de\/en\/torque-testing-system\/vertical-universal-torsion-testing-machine\/\" \/>\n<meta property=\"og:site_name\" content=\"mpk-LUDWIG UG\" \/>\n<meta property=\"article:modified_time\" content=\"2024-04-02T14:01:03+00:00\" \/>\n<meta property=\"og:image\" content=\"https:\/\/mpk-ludwig.de\/wp-content\/uploads\/2019\/09\/83Drehmomentpruefstand_V-156x300.jpg\" \/>\n<meta name=\"twitter:card\" content=\"summary_large_image\" \/>\n<meta name=\"twitter:label1\" content=\"Est. reading time\" \/>\n\t<meta name=\"twitter:data1\" content=\"2 minutes\" \/>\n<script type=\"application\/ld+json\" class=\"yoast-schema-graph\">{\"@context\":\"https:\\\/\\\/schema.org\",\"@graph\":[{\"@type\":\"WebPage\",\"@id\":\"https:\\\/\\\/mpk-ludwig.de\\\/en\\\/torque-testing-system\\\/vertical-universal-torsion-testing-machine\\\/\",\"url\":\"https:\\\/\\\/mpk-ludwig.de\\\/en\\\/torque-testing-system\\\/vertical-universal-torsion-testing-machine\\\/\",\"name\":\"Vertical Universal Torsion Testing Machine\",\"isPartOf\":{\"@id\":\"https:\\\/\\\/mpk-ludwig.de\\\/en\\\/#website\"},\"primaryImageOfPage\":{\"@id\":\"https:\\\/\\\/mpk-ludwig.de\\\/en\\\/torque-testing-system\\\/vertical-universal-torsion-testing-machine\\\/#primaryimage\"},\"image\":{\"@id\":\"https:\\\/\\\/mpk-ludwig.de\\\/en\\\/torque-testing-system\\\/vertical-universal-torsion-testing-machine\\\/#primaryimage\"},\"thumbnailUrl\":\"https:\\\/\\\/mpk-ludwig.de\\\/wp-content\\\/uploads\\\/2019\\\/09\\\/83Drehmomentpruefstand_V-156x300.jpg\",\"datePublished\":\"2019-04-12T12:10:41+00:00\",\"dateModified\":\"2024-04-02T14:01:03+00:00\",\"description\":\"Our Vertical Universal Torsion Testing Machine are designed for detailed torsional testing of materials in a compact footprint.\",\"breadcrumb\":{\"@id\":\"https:\\\/\\\/mpk-ludwig.de\\\/en\\\/torque-testing-system\\\/vertical-universal-torsion-testing-machine\\\/#breadcrumb\"},\"inLanguage\":\"en-US\",\"potentialAction\":[{\"@type\":\"ReadAction\",\"target\":[\"https:\\\/\\\/mpk-ludwig.de\\\/en\\\/torque-testing-system\\\/vertical-universal-torsion-testing-machine\\\/\"]}]},{\"@type\":\"ImageObject\",\"inLanguage\":\"en-US\",\"@id\":\"https:\\\/\\\/mpk-ludwig.de\\\/en\\\/torque-testing-system\\\/vertical-universal-torsion-testing-machine\\\/#primaryimage\",\"url\":\"https:\\\/\\\/mpk-ludwig.de\\\/wp-content\\\/uploads\\\/2019\\\/09\\\/83Drehmomentpruefstand_V-156x300.jpg\",\"contentUrl\":\"https:\\\/\\\/mpk-ludwig.de\\\/wp-content\\\/uploads\\\/2019\\\/09\\\/83Drehmomentpruefstand_V-156x300.jpg\"},{\"@type\":\"BreadcrumbList\",\"@id\":\"https:\\\/\\\/mpk-ludwig.de\\\/en\\\/torque-testing-system\\\/vertical-universal-torsion-testing-machine\\\/#breadcrumb\",\"itemListElement\":[{\"@type\":\"ListItem\",\"position\":1,\"name\":\"Startseite\",\"item\":\"https:\\\/\\\/mpk-ludwig.de\\\/en\\\/\"},{\"@type\":\"ListItem\",\"position\":2,\"name\":\"Torque testing system\",\"item\":\"https:\\\/\\\/mpk-ludwig.de\\\/en\\\/torque-testing-system\\\/\"},{\"@type\":\"ListItem\",\"position\":3,\"name\":\"Vertical Universal Torsion Testing Machine\"}]},{\"@type\":\"WebSite\",\"@id\":\"https:\\\/\\\/mpk-ludwig.de\\\/en\\\/#website\",\"url\":\"https:\\\/\\\/mpk-ludwig.de\\\/en\\\/\",\"name\":\"mpk-LUDWIG UG\",\"description\":\"Zugpr\u00fcfmaschinen und Schraubenpr\u00fcfst\u00e4nde vom Profi\",\"publisher\":{\"@id\":\"https:\\\/\\\/mpk-ludwig.de\\\/en\\\/#organization\"},\"alternateName\":\"mpk Zugpr\u00fcfmaschinen\",\"potentialAction\":[{\"@type\":\"SearchAction\",\"target\":{\"@type\":\"EntryPoint\",\"urlTemplate\":\"https:\\\/\\\/mpk-ludwig.de\\\/en\\\/?s={search_term_string}\"},\"query-input\":{\"@type\":\"PropertyValueSpecification\",\"valueRequired\":true,\"valueName\":\"search_term_string\"}}],\"inLanguage\":\"en-US\"},{\"@type\":\"Organization\",\"@id\":\"https:\\\/\\\/mpk-ludwig.de\\\/en\\\/#organization\",\"name\":\"mpk LUDWIG UG\",\"url\":\"https:\\\/\\\/mpk-ludwig.de\\\/en\\\/\",\"logo\":{\"@type\":\"ImageObject\",\"inLanguage\":\"en-US\",\"@id\":\"https:\\\/\\\/mpk-ludwig.de\\\/en\\\/#\\\/schema\\\/logo\\\/image\\\/\",\"url\":\"https:\\\/\\\/mpk-ludwig.de\\\/wp-content\\\/uploads\\\/2019\\\/11\\\/mpk-LUDWIG-logo.png\",\"contentUrl\":\"https:\\\/\\\/mpk-ludwig.de\\\/wp-content\\\/uploads\\\/2019\\\/11\\\/mpk-LUDWIG-logo.png\",\"width\":600,\"height\":375,\"caption\":\"mpk LUDWIG UG\"},\"image\":{\"@id\":\"https:\\\/\\\/mpk-ludwig.de\\\/en\\\/#\\\/schema\\\/logo\\\/image\\\/\"},\"sameAs\":[\"https:\\\/\\\/www.youtube.com\\\/user\\\/Kraftaufnehmer\\\/\"]}]}<\/script>\n<!-- \/ Yoast SEO plugin. -->","yoast_head_json":{"title":"Vertical Universal Torsion Testing Machine","description":"Our Vertical Universal Torsion Testing Machine are designed for detailed torsional testing of materials in a compact footprint.","robots":{"index":"index","follow":"follow","max-snippet":"max-snippet:-1","max-image-preview":"max-image-preview:large","max-video-preview":"max-video-preview:-1"},"canonical":"https:\/\/mpk-ludwig.de\/en\/torque-testing-system\/vertical-universal-torsion-testing-machine\/","og_locale":"en_US","og_type":"article","og_title":"Vertical Universal Torsion Testing Machine","og_description":"Our Vertical Universal Torsion Testing Machine are designed for detailed torsional testing of materials in a compact footprint.","og_url":"https:\/\/mpk-ludwig.de\/en\/torque-testing-system\/vertical-universal-torsion-testing-machine\/","og_site_name":"mpk-LUDWIG UG","article_modified_time":"2024-04-02T14:01:03+00:00","og_image":[{"url":"https:\/\/mpk-ludwig.de\/wp-content\/uploads\/2019\/09\/83Drehmomentpruefstand_V-156x300.jpg","type":"","width":"","height":""}],"twitter_card":"summary_large_image","twitter_misc":{"Est. reading time":"2 minutes"},"schema":{"@context":"https:\/\/schema.org","@graph":[{"@type":"WebPage","@id":"https:\/\/mpk-ludwig.de\/en\/torque-testing-system\/vertical-universal-torsion-testing-machine\/","url":"https:\/\/mpk-ludwig.de\/en\/torque-testing-system\/vertical-universal-torsion-testing-machine\/","name":"Vertical Universal Torsion Testing Machine","isPartOf":{"@id":"https:\/\/mpk-ludwig.de\/en\/#website"},"primaryImageOfPage":{"@id":"https:\/\/mpk-ludwig.de\/en\/torque-testing-system\/vertical-universal-torsion-testing-machine\/#primaryimage"},"image":{"@id":"https:\/\/mpk-ludwig.de\/en\/torque-testing-system\/vertical-universal-torsion-testing-machine\/#primaryimage"},"thumbnailUrl":"https:\/\/mpk-ludwig.de\/wp-content\/uploads\/2019\/09\/83Drehmomentpruefstand_V-156x300.jpg","datePublished":"2019-04-12T12:10:41+00:00","dateModified":"2024-04-02T14:01:03+00:00","description":"Our Vertical Universal Torsion Testing Machine are designed for detailed torsional testing of materials in a compact footprint.","breadcrumb":{"@id":"https:\/\/mpk-ludwig.de\/en\/torque-testing-system\/vertical-universal-torsion-testing-machine\/#breadcrumb"},"inLanguage":"en-US","potentialAction":[{"@type":"ReadAction","target":["https:\/\/mpk-ludwig.de\/en\/torque-testing-system\/vertical-universal-torsion-testing-machine\/"]}]},{"@type":"ImageObject","inLanguage":"en-US","@id":"https:\/\/mpk-ludwig.de\/en\/torque-testing-system\/vertical-universal-torsion-testing-machine\/#primaryimage","url":"https:\/\/mpk-ludwig.de\/wp-content\/uploads\/2019\/09\/83Drehmomentpruefstand_V-156x300.jpg","contentUrl":"https:\/\/mpk-ludwig.de\/wp-content\/uploads\/2019\/09\/83Drehmomentpruefstand_V-156x300.jpg"},{"@type":"BreadcrumbList","@id":"https:\/\/mpk-ludwig.de\/en\/torque-testing-system\/vertical-universal-torsion-testing-machine\/#breadcrumb","itemListElement":[{"@type":"ListItem","position":1,"name":"Startseite","item":"https:\/\/mpk-ludwig.de\/en\/"},{"@type":"ListItem","position":2,"name":"Torque testing system","item":"https:\/\/mpk-ludwig.de\/en\/torque-testing-system\/"},{"@type":"ListItem","position":3,"name":"Vertical Universal Torsion Testing Machine"}]},{"@type":"WebSite","@id":"https:\/\/mpk-ludwig.de\/en\/#website","url":"https:\/\/mpk-ludwig.de\/en\/","name":"mpk-LUDWIG UG","description":"Zugpr\u00fcfmaschinen und Schraubenpr\u00fcfst\u00e4nde vom Profi","publisher":{"@id":"https:\/\/mpk-ludwig.de\/en\/#organization"},"alternateName":"mpk Zugpr\u00fcfmaschinen","potentialAction":[{"@type":"SearchAction","target":{"@type":"EntryPoint","urlTemplate":"https:\/\/mpk-ludwig.de\/en\/?s={search_term_string}"},"query-input":{"@type":"PropertyValueSpecification","valueRequired":true,"valueName":"search_term_string"}}],"inLanguage":"en-US"},{"@type":"Organization","@id":"https:\/\/mpk-ludwig.de\/en\/#organization","name":"mpk LUDWIG UG","url":"https:\/\/mpk-ludwig.de\/en\/","logo":{"@type":"ImageObject","inLanguage":"en-US","@id":"https:\/\/mpk-ludwig.de\/en\/#\/schema\/logo\/image\/","url":"https:\/\/mpk-ludwig.de\/wp-content\/uploads\/2019\/11\/mpk-LUDWIG-logo.png","contentUrl":"https:\/\/mpk-ludwig.de\/wp-content\/uploads\/2019\/11\/mpk-LUDWIG-logo.png","width":600,"height":375,"caption":"mpk LUDWIG UG"},"image":{"@id":"https:\/\/mpk-ludwig.de\/en\/#\/schema\/logo\/image\/"},"sameAs":["https:\/\/www.youtube.com\/user\/Kraftaufnehmer\/"]}]}},"_links":{"self":[{"href":"https:\/\/mpk-ludwig.de\/en\/wp-json\/wp\/v2\/pages\/5837","targetHints":{"allow":["GET"]}}],"collection":[{"href":"https:\/\/mpk-ludwig.de\/en\/wp-json\/wp\/v2\/pages"}],"about":[{"href":"https:\/\/mpk-ludwig.de\/en\/wp-json\/wp\/v2\/types\/page"}],"author":[{"embeddable":true,"href":"https:\/\/mpk-ludwig.de\/en\/wp-json\/wp\/v2\/users\/3"}],"replies":[{"embeddable":true,"href":"https:\/\/mpk-ludwig.de\/en\/wp-json\/wp\/v2\/comments?post=5837"}],"version-history":[{"count":4,"href":"https:\/\/mpk-ludwig.de\/en\/wp-json\/wp\/v2\/pages\/5837\/revisions"}],"predecessor-version":[{"id":5981,"href":"https:\/\/mpk-ludwig.de\/en\/wp-json\/wp\/v2\/pages\/5837\/revisions\/5981"}],"up":[{"embeddable":true,"href":"https:\/\/mpk-ludwig.de\/en\/wp-json\/wp\/v2\/pages\/5834"}],"wp:attachment":[{"href":"https:\/\/mpk-ludwig.de\/en\/wp-json\/wp\/v2\/media?parent=5837"}],"curies":[{"name":"wp","href":"https:\/\/api.w.org\/{rel}","templated":true}]}}