{"id":5853,"date":"2020-01-10T13:23:22","date_gmt":"2020-01-10T12:23:22","guid":{"rendered":"https:\/\/mpk-ludwig.de\/?page_id=5853"},"modified":"2024-04-02T17:03:41","modified_gmt":"2024-04-02T15:03:41","slug":"imetrologie-nord","status":"publish","type":"page","link":"https:\/\/mpk-ludwig.de\/en\/imetrologie-nord\/","title":{"rendered":"Imetrologie NORD"},"content":{"rendered":"<div id=\"pl-5853\"  class=\"panel-layout\" ><div id=\"pg-5853-0\"  class=\"panel-grid panel-no-style\" ><div id=\"pgc-5853-0-0\"  class=\"panel-grid-cell\" ><div id=\"panel-5853-0-0-0\" class=\"so-panel widget widget_sow-editor panel-first-child\" data-index=\"0\" ><div\n\t\t\t\n\t\t\tclass=\"so-widget-sow-editor so-widget-sow-editor-base\"\n\t\t\t\n\t\t>\n<div class=\"siteorigin-widget-tinymce textwidget\">\n\t<p><a href=\"https:\/\/imetrologie.com\/en\/\" target=\"_blank\" rel=\"noopener\">Imetrologie<\/a> is proud to be an accredited <strong>calibration laboratory according to DIN EN ISO\/IEC 17025<\/strong>. Our broad spectrum of services includes the calibration of <strong>thermodynamic measurements<\/strong> such as temperature and humidity, DC voltage, DC current, pressure, and material testing machines, including force and length. Thanks to our highly specialized team of employees, we are able to offer custom solutions for sensors, processes, and methods.<\/p>\n<p>We attach great importance to the sustainability of resources and are actively committed to environmental awareness and sustainability throughout our business operations. We believe that the responsible use of resources not only benefits the environment. It also helps to improve people's quality of life.<\/p>\n<p>The humanization of workplaces is our top priority. We invest in the training and development of our employees to ensure that they can provide the best solutions for our customers. Our dedicated professionals are the heart of our company. And we are proud of their expertise and skills.<\/p>\n<p>Maintaining network partners from industry and science is another key element of our business model. We work closely with our partners to develop innovative solutions for quality-conscious customers. This collaborative partnership enables us to stay at the cutting edge of technology and achieve the best results for our customers.<\/p>\n<p>Our guiding principle is: \"<strong>... by people ... imetrology ... for people<\/strong>\". People are at the center of everything we do. Our work aims to meet the needs and expectations of our customers and contribute to improving their quality of life. We pride ourselves on being a trusted partner for our customers and promoting innovations that offer real added value.<\/p>\n<\/div>\n<\/div><\/div><div id=\"panel-5853-0-0-1\" class=\"so-panel widget widget_media_image panel-last-child\" data-index=\"1\" ><img loading=\"lazy\" decoding=\"async\" width=\"550\" height=\"115\" src=\"https:\/\/mpk-ludwig.de\/wp-content\/uploads\/2020\/01\/Imetrologie_nord.jpg\" class=\"image wp-image-2730  attachment-full size-full\" alt=\"Imetrologie nord Logo\" style=\"max-width: 100%; height: auto;\" srcset=\"https:\/\/mpk-ludwig.de\/wp-content\/uploads\/2020\/01\/Imetrologie_nord.jpg 550w, https:\/\/mpk-ludwig.de\/wp-content\/uploads\/2020\/01\/Imetrologie_nord-300x63.jpg 300w, https:\/\/mpk-ludwig.de\/wp-content\/uploads\/2020\/01\/Imetrologie_nord-80x17.jpg 80w, https:\/\/mpk-ludwig.de\/wp-content\/uploads\/2020\/01\/Imetrologie_nord-250x52.jpg 250w, https:\/\/mpk-ludwig.de\/wp-content\/uploads\/2020\/01\/Imetrologie_nord-320x67.jpg 320w\" sizes=\"auto, (max-width: 550px) 100vw, 550px\" \/><\/div><\/div><div id=\"pgc-5853-0-1\"  class=\"panel-grid-cell\" ><div id=\"panel-5853-0-1-0\" class=\"so-panel widget widget_sow-image panel-first-child panel-last-child\" data-index=\"2\" ><div class=\"image_button panel-widget-style panel-widget-style-for-5853-0-1-0\" ><div\n\t\t\t\n\t\t\tclass=\"so-widget-sow-image so-widget-sow-image-default-113ccd71f3e6-5853\"\n\t\t\t\n\t\t>\n<div class=\"sow-image-container\">\n\t\t\t<a href=\"https:\/\/mpk-ludwig.de\/en\/imetrologie-nord\/calibration\/\"\n\t\t\t\t\t>\n\t\t\t<img \n\tsrc=\"https:\/\/mpk-ludwig.de\/wp-content\/uploads\/2020\/01\/vor_ort_kalibrierung_2.jpg\" width=\"999\" height=\"915\" srcset=\"https:\/\/mpk-ludwig.de\/wp-content\/uploads\/2020\/01\/vor_ort_kalibrierung_2.jpg 999w, https:\/\/mpk-ludwig.de\/wp-content\/uploads\/2020\/01\/vor_ort_kalibrierung_2-300x275.jpg 300w, https:\/\/mpk-ludwig.de\/wp-content\/uploads\/2020\/01\/vor_ort_kalibrierung_2-768x703.jpg 768w, https:\/\/mpk-ludwig.de\/wp-content\/uploads\/2020\/01\/vor_ort_kalibrierung_2-80x73.jpg 80w, https:\/\/mpk-ludwig.de\/wp-content\/uploads\/2020\/01\/vor_ort_kalibrierung_2-250x229.jpg 250w, https:\/\/mpk-ludwig.de\/wp-content\/uploads\/2020\/01\/vor_ort_kalibrierung_2-320x293.jpg 320w, https:\/\/mpk-ludwig.de\/wp-content\/uploads\/2020\/01\/vor_ort_kalibrierung_2-640x586.jpg 640w, https:\/\/mpk-ludwig.de\/wp-content\/uploads\/2020\/01\/vor_ort_kalibrierung_2-960x879.jpg 960w\" sizes=\"(max-width: 999px) 100vw, 999px\" title=\"Calibration\" alt=\"Calibration\" \t\tclass=\"so-widget-image\"\/>\n\t\t\t<\/a><\/div>\n\n<h3 class=\"widget-title\">Calibration<\/h3><\/div><\/div><\/div><\/div><\/div><\/div>","protected":false},"excerpt":{"rendered":"<p>Imetrologie is proud to be an accredited calibration laboratory according to DIN EN ISO\/IEC 17025. Our broad spectrum of services includes the calibration of thermodynamic measurements such as temperature and humidity, DC voltage, DC current, pressure, and material testing machines, including force and length. Thanks to our highly specialized team of employees, we are able [&hellip;]<\/p>\n","protected":false},"author":3,"featured_media":0,"parent":0,"menu_order":40,"comment_status":"closed","ping_status":"closed","template":"","meta":{"footnotes":""},"class_list":["post-5853","page","type-page","status-publish","hentry"],"yoast_head":"<!-- This site is optimized with the Yoast SEO plugin v27.3 - https:\/\/yoast.com\/product\/yoast-seo-wordpress\/ -->\n<title>Imetrologie NORD | Precision Calibration and Metrology Services<\/title>\n<meta name=\"description\" content=\"Imetrologie NORD specializes in offering high-quality calibration and metrology services, ensuring measurement accuracy for industries.\" \/>\n<meta name=\"robots\" content=\"index, follow, max-snippet:-1, max-image-preview:large, max-video-preview:-1\" \/>\n<link rel=\"canonical\" href=\"https:\/\/mpk-ludwig.de\/en\/imetrologie-nord\/\" \/>\n<meta property=\"og:locale\" content=\"en_US\" \/>\n<meta property=\"og:type\" content=\"article\" \/>\n<meta property=\"og:title\" content=\"Imetrologie NORD | Precision Calibration and Metrology Services\" \/>\n<meta property=\"og:description\" content=\"Imetrologie NORD specializes in offering high-quality calibration and metrology services, ensuring measurement accuracy for industries.\" \/>\n<meta property=\"og:url\" content=\"https:\/\/mpk-ludwig.de\/en\/imetrologie-nord\/\" \/>\n<meta property=\"og:site_name\" content=\"mpk-LUDWIG UG\" \/>\n<meta property=\"article:modified_time\" content=\"2024-04-02T15:03:41+00:00\" \/>\n<meta property=\"og:image\" content=\"https:\/\/mpk-ludwig.de\/wp-content\/uploads\/2020\/04\/mpk-fav.png\" \/>\n\t<meta property=\"og:image:width\" content=\"600\" \/>\n\t<meta property=\"og:image:height\" content=\"600\" \/>\n\t<meta property=\"og:image:type\" content=\"image\/png\" \/>\n<meta name=\"twitter:card\" content=\"summary_large_image\" \/>\n<meta name=\"twitter:label1\" content=\"Est. reading time\" \/>\n\t<meta name=\"twitter:data1\" content=\"1 minute\" \/>\n<script type=\"application\/ld+json\" class=\"yoast-schema-graph\">{\"@context\":\"https:\\\/\\\/schema.org\",\"@graph\":[{\"@type\":\"WebPage\",\"@id\":\"https:\\\/\\\/mpk-ludwig.de\\\/en\\\/imetrologie-nord\\\/\",\"url\":\"https:\\\/\\\/mpk-ludwig.de\\\/en\\\/imetrologie-nord\\\/\",\"name\":\"Imetrologie NORD | Precision Calibration and Metrology Services\",\"isPartOf\":{\"@id\":\"https:\\\/\\\/mpk-ludwig.de\\\/en\\\/#website\"},\"datePublished\":\"2020-01-10T12:23:22+00:00\",\"dateModified\":\"2024-04-02T15:03:41+00:00\",\"description\":\"Imetrologie NORD specializes in offering high-quality calibration and metrology services, ensuring measurement accuracy for industries.\",\"breadcrumb\":{\"@id\":\"https:\\\/\\\/mpk-ludwig.de\\\/en\\\/imetrologie-nord\\\/#breadcrumb\"},\"inLanguage\":\"en-US\",\"potentialAction\":[{\"@type\":\"ReadAction\",\"target\":[\"https:\\\/\\\/mpk-ludwig.de\\\/en\\\/imetrologie-nord\\\/\"]}]},{\"@type\":\"BreadcrumbList\",\"@id\":\"https:\\\/\\\/mpk-ludwig.de\\\/en\\\/imetrologie-nord\\\/#breadcrumb\",\"itemListElement\":[{\"@type\":\"ListItem\",\"position\":1,\"name\":\"Startseite\",\"item\":\"https:\\\/\\\/mpk-ludwig.de\\\/en\\\/\"},{\"@type\":\"ListItem\",\"position\":2,\"name\":\"Imetrologie NORD\"}]},{\"@type\":\"WebSite\",\"@id\":\"https:\\\/\\\/mpk-ludwig.de\\\/en\\\/#website\",\"url\":\"https:\\\/\\\/mpk-ludwig.de\\\/en\\\/\",\"name\":\"mpk-LUDWIG UG\",\"description\":\"Zugpr\u00fcfmaschinen und Schraubenpr\u00fcfst\u00e4nde vom Profi\",\"publisher\":{\"@id\":\"https:\\\/\\\/mpk-ludwig.de\\\/en\\\/#organization\"},\"alternateName\":\"mpk Zugpr\u00fcfmaschinen\",\"potentialAction\":[{\"@type\":\"SearchAction\",\"target\":{\"@type\":\"EntryPoint\",\"urlTemplate\":\"https:\\\/\\\/mpk-ludwig.de\\\/en\\\/?s={search_term_string}\"},\"query-input\":{\"@type\":\"PropertyValueSpecification\",\"valueRequired\":true,\"valueName\":\"search_term_string\"}}],\"inLanguage\":\"en-US\"},{\"@type\":\"Organization\",\"@id\":\"https:\\\/\\\/mpk-ludwig.de\\\/en\\\/#organization\",\"name\":\"mpk LUDWIG UG\",\"url\":\"https:\\\/\\\/mpk-ludwig.de\\\/en\\\/\",\"logo\":{\"@type\":\"ImageObject\",\"inLanguage\":\"en-US\",\"@id\":\"https:\\\/\\\/mpk-ludwig.de\\\/en\\\/#\\\/schema\\\/logo\\\/image\\\/\",\"url\":\"https:\\\/\\\/mpk-ludwig.de\\\/wp-content\\\/uploads\\\/2019\\\/11\\\/mpk-LUDWIG-logo.png\",\"contentUrl\":\"https:\\\/\\\/mpk-ludwig.de\\\/wp-content\\\/uploads\\\/2019\\\/11\\\/mpk-LUDWIG-logo.png\",\"width\":600,\"height\":375,\"caption\":\"mpk LUDWIG UG\"},\"image\":{\"@id\":\"https:\\\/\\\/mpk-ludwig.de\\\/en\\\/#\\\/schema\\\/logo\\\/image\\\/\"},\"sameAs\":[\"https:\\\/\\\/www.youtube.com\\\/user\\\/Kraftaufnehmer\\\/\"]}]}<\/script>\n<!-- \/ Yoast SEO plugin. -->","yoast_head_json":{"title":"Imetrologie NORD | Precision Calibration and Metrology Services","description":"Imetrologie NORD specializes in offering high-quality calibration and metrology services, ensuring measurement accuracy for industries.","robots":{"index":"index","follow":"follow","max-snippet":"max-snippet:-1","max-image-preview":"max-image-preview:large","max-video-preview":"max-video-preview:-1"},"canonical":"https:\/\/mpk-ludwig.de\/en\/imetrologie-nord\/","og_locale":"en_US","og_type":"article","og_title":"Imetrologie NORD | Precision Calibration and Metrology Services","og_description":"Imetrologie NORD specializes in offering high-quality calibration and metrology services, ensuring measurement accuracy for industries.","og_url":"https:\/\/mpk-ludwig.de\/en\/imetrologie-nord\/","og_site_name":"mpk-LUDWIG UG","article_modified_time":"2024-04-02T15:03:41+00:00","og_image":[{"width":600,"height":600,"url":"https:\/\/mpk-ludwig.de\/wp-content\/uploads\/2020\/04\/mpk-fav.png","type":"image\/png"}],"twitter_card":"summary_large_image","twitter_misc":{"Est. reading time":"1 minute"},"schema":{"@context":"https:\/\/schema.org","@graph":[{"@type":"WebPage","@id":"https:\/\/mpk-ludwig.de\/en\/imetrologie-nord\/","url":"https:\/\/mpk-ludwig.de\/en\/imetrologie-nord\/","name":"Imetrologie NORD | Precision Calibration and Metrology Services","isPartOf":{"@id":"https:\/\/mpk-ludwig.de\/en\/#website"},"datePublished":"2020-01-10T12:23:22+00:00","dateModified":"2024-04-02T15:03:41+00:00","description":"Imetrologie NORD specializes in offering high-quality calibration and metrology services, ensuring measurement accuracy for industries.","breadcrumb":{"@id":"https:\/\/mpk-ludwig.de\/en\/imetrologie-nord\/#breadcrumb"},"inLanguage":"en-US","potentialAction":[{"@type":"ReadAction","target":["https:\/\/mpk-ludwig.de\/en\/imetrologie-nord\/"]}]},{"@type":"BreadcrumbList","@id":"https:\/\/mpk-ludwig.de\/en\/imetrologie-nord\/#breadcrumb","itemListElement":[{"@type":"ListItem","position":1,"name":"Startseite","item":"https:\/\/mpk-ludwig.de\/en\/"},{"@type":"ListItem","position":2,"name":"Imetrologie NORD"}]},{"@type":"WebSite","@id":"https:\/\/mpk-ludwig.de\/en\/#website","url":"https:\/\/mpk-ludwig.de\/en\/","name":"mpk-LUDWIG UG","description":"Zugpr\u00fcfmaschinen und Schraubenpr\u00fcfst\u00e4nde vom Profi","publisher":{"@id":"https:\/\/mpk-ludwig.de\/en\/#organization"},"alternateName":"mpk Zugpr\u00fcfmaschinen","potentialAction":[{"@type":"SearchAction","target":{"@type":"EntryPoint","urlTemplate":"https:\/\/mpk-ludwig.de\/en\/?s={search_term_string}"},"query-input":{"@type":"PropertyValueSpecification","valueRequired":true,"valueName":"search_term_string"}}],"inLanguage":"en-US"},{"@type":"Organization","@id":"https:\/\/mpk-ludwig.de\/en\/#organization","name":"mpk LUDWIG UG","url":"https:\/\/mpk-ludwig.de\/en\/","logo":{"@type":"ImageObject","inLanguage":"en-US","@id":"https:\/\/mpk-ludwig.de\/en\/#\/schema\/logo\/image\/","url":"https:\/\/mpk-ludwig.de\/wp-content\/uploads\/2019\/11\/mpk-LUDWIG-logo.png","contentUrl":"https:\/\/mpk-ludwig.de\/wp-content\/uploads\/2019\/11\/mpk-LUDWIG-logo.png","width":600,"height":375,"caption":"mpk LUDWIG UG"},"image":{"@id":"https:\/\/mpk-ludwig.de\/en\/#\/schema\/logo\/image\/"},"sameAs":["https:\/\/www.youtube.com\/user\/Kraftaufnehmer\/"]}]}},"_links":{"self":[{"href":"https:\/\/mpk-ludwig.de\/en\/wp-json\/wp\/v2\/pages\/5853","targetHints":{"allow":["GET"]}}],"collection":[{"href":"https:\/\/mpk-ludwig.de\/en\/wp-json\/wp\/v2\/pages"}],"about":[{"href":"https:\/\/mpk-ludwig.de\/en\/wp-json\/wp\/v2\/types\/page"}],"author":[{"embeddable":true,"href":"https:\/\/mpk-ludwig.de\/en\/wp-json\/wp\/v2\/users\/3"}],"replies":[{"embeddable":true,"href":"https:\/\/mpk-ludwig.de\/en\/wp-json\/wp\/v2\/comments?post=5853"}],"version-history":[{"count":5,"href":"https:\/\/mpk-ludwig.de\/en\/wp-json\/wp\/v2\/pages\/5853\/revisions"}],"predecessor-version":[{"id":6007,"href":"https:\/\/mpk-ludwig.de\/en\/wp-json\/wp\/v2\/pages\/5853\/revisions\/6007"}],"wp:attachment":[{"href":"https:\/\/mpk-ludwig.de\/en\/wp-json\/wp\/v2\/media?parent=5853"}],"curies":[{"name":"wp","href":"https:\/\/api.w.org\/{rel}","templated":true}]}}