{"id":5856,"date":"2020-01-14T08:59:08","date_gmt":"2020-01-14T07:59:08","guid":{"rendered":"https:\/\/mpk-ludwig.de\/?page_id=5856"},"modified":"2024-04-02T17:06:39","modified_gmt":"2024-04-02T15:06:39","slug":"calibration","status":"publish","type":"page","link":"https:\/\/mpk-ludwig.de\/en\/imetrologie-nord\/calibration\/","title":{"rendered":"Calibration"},"content":{"rendered":"<div id=\"pl-5856\"  class=\"panel-layout\" ><div id=\"pg-5856-0\"  class=\"panel-grid panel-no-style\" ><div id=\"pgc-5856-0-0\"  class=\"panel-grid-cell\" ><div id=\"panel-5856-0-0-0\" class=\"so-panel widget widget_sow-editor panel-first-child panel-last-child\" data-index=\"0\" ><div\n\t\t\t\n\t\t\tclass=\"so-widget-sow-editor so-widget-sow-editor-base\"\n\t\t\t\n\t\t>\n<div class=\"siteorigin-widget-tinymce textwidget\">\n\t<h2>DAkkS Calibration<\/h2>\n<p>The German Accreditation Body GmbH (<a href=\"https:\/\/www.dakks.de\/en\/home-en.html\" target=\"_blank\" rel=\"noopener\">DAkkS<\/a>), Berlin, is an <strong>organization with a private economic profile<\/strong>. Its accreditation is subject to the <strong>Administrative Procedures Act<\/strong> of the Federal Republic of Germany (VwVfG). DAkkS has EU endorsement. Since January 1, 2010, an EU regulation stipulates that all EU member states must designate a national accreditation point of contact.<\/p>\n<h3>The driving force behind DAkkS calibration: the DKD<\/h3>\n<p>The German Calibration Service (DKD), as a committee of the Physikalisch-Technische Bundesanstalt (PTB), was integrated into DAkkS on December 17, 2009. It became one of the four main DAkkS professional societies. This newly structured DKD ensures the <strong>cooperation of accredited calibration laboratories with the PTB<\/strong>.<\/p>\n<p>For membership in the DKD, the applying calibration laboratory had to prove its metrological and personnel competencies. With the achievement of <strong>certification<\/strong> comes the <strong>entitlement<\/strong> to perform DAkkS calibration in the accredited measuring ranges and to document it in the so-called \"DKD calibration certificate\".<\/p>\n<p><strong>Mr. Friedhelm Ludwig<\/strong>, owner of mpk LUDWIG UG, Emsb\u00fcren, is accredited as a <strong>service technician<\/strong> for the company Imetrologie NORD, Institute for Metrology and Process Technology, in the field of material testing machines DAkkS and thus carries out the <strong>certified DAkkS calibration<\/strong> through them.<\/p>\n<h3>DAkkS calibration by certified laboratories<\/h3>\n<p>DAkkS-certified bodies - companies, laboratories - perform <strong>sovereign tasks<\/strong> in the sense of their accreditation. This becomes clear when looking at the DAkkS GmbH shareholders. These are<\/p>\n<ul>\n<li>the Federal Republic of Germany<\/li>\n<li>the federal states;<\/li>\n<li>the German economy, represented by the BDI - Federation of German Industries.<\/li>\n<\/ul>\n<p>In metrology, we understand calibration to be those <strong>measuring procedures<\/strong> with which <strong>deviations<\/strong> from measuring devices can be reliably and reproducibly <strong>detected<\/strong> and <strong>documented<\/strong>. The German Calibration Service (DKD) represented calibration laboratories from research, industry, technical monitoring institutions, and authorities. The DAkkS, active at the EU level, has accredited the aforementioned entities in their function as the legal successor of the DKD. This is reflected in the term DAkkS Calibration.<\/p>\n<h4>DAkkS adjustment: Services by Mr. Ludwig via the Institute of Imetrology North<\/h4>\n<p>Mr. Ludwig has more than <strong>15 years of experience<\/strong> in the fields of calibration and tensile testing machine construction. The equipment of the laboratory of Imetrologie Nord, which is set up for DAkkS calibration, is aligned with these competencies. Here, Mr. Ludwig takes over the DAkkS calibration of the measuring and testing equipment you use. The DAkkS calibration is carried out with regard to the following physical measurands<\/p>\n<ul>\n<li>Pressure<\/li>\n<li>temperature<\/li>\n<li>electrical signals<\/li>\n<li>Materials testing machines (WPM)<\/li>\n<li>moisture<\/li>\n<\/ul>\n<p>Targeted training and further training measures for our employees and the constant review of our range of services ensure the highest level of reliability for your DAkkS calibration.<\/p>\n<h4>Service \"on site\": DAkkS calibration of your machines &amp; devices<\/h4>\n<p>This also applies to the 'on-site' service. The broad spectrum of inspections and maintenance includes DAkkS calibration (of the hand force measuring devices and universal tensile machines used in your company). The DAkkS calibration carried out by Imetrologie Nord is independent of the brand and field of application. You can access this service nationwide in Germany and in neighboring foreign countries<\/p>\n<p><a href=\"https:\/\/mpk-ludwig.de\/en\/contact\/\" target=\"_blank\" rel=\"noopener\">Please contact us<\/a>. We will make you an offer for your individual DAkkS calibration by Imetrologie Nord.<\/p>\n<p>&nbsp;<\/p>\n<h2 class=\"page-title content--title\">Factory calibration<\/h2>\n<p>Our informative <strong>calibration certificates<\/strong>, with details of the measurement uncertainty, show you the deviation of your test equipment as factory calibrations and, if desired, a comparison between before and after adjustment (as found, as left).<\/p>\n<p>Validated procedures are also used to calibrate your measuring and testing equipment during factory calibration. We calibrate your measuring and testing equipment in accordance with DIN EN ISO\/IEC 17025.<\/p>\n<p>Compliance with the required <strong>accuracy<\/strong> of our measuring and testing standards is an absolute prerequisite for high, consistently good quality and confidence in our service.<\/p>\n<p>To ensure this service, all measuring and testing standards used in our calibration laboratory are connected to the national standard of the Physikalisch Technische Bundesanstalt (PTB) in Braunschweig or to other national standards by means of traceable calibration.<\/p>\n<\/div>\n<\/div><\/div><\/div><div id=\"pgc-5856-0-1\"  class=\"panel-grid-cell\" ><div id=\"panel-5856-0-1-0\" class=\"so-panel widget widget_sow-image panel-first-child\" data-index=\"1\" ><div class=\"image_button textalign--center panel-widget-style panel-widget-style-for-5856-0-1-0\" ><div\n\t\t\t\n\t\t\tclass=\"so-widget-sow-image so-widget-sow-image-default-fcdcd8a14e55-5856\"\n\t\t\t\n\t\t>\n<div class=\"sow-image-container\">\n\t\t\t<a href=\"https:\/\/mpk-ludwig.de\/wp-content\/uploads\/2020\/04\/D-K-15219-01-00.pdf\"\n\t\t\ttarget=\"_blank\" rel=\"noopener noreferrer\" \t\t>\n\t\t\t<img \n\tsrc=\"https:\/\/mpk-ludwig.de\/wp-content\/uploads\/2020\/04\/D-K-15219-01-00-Vorschau.jpg\" width=\"489\" height=\"810\" srcset=\"https:\/\/mpk-ludwig.de\/wp-content\/uploads\/2020\/04\/D-K-15219-01-00-Vorschau.jpg 489w, https:\/\/mpk-ludwig.de\/wp-content\/uploads\/2020\/04\/D-K-15219-01-00-Vorschau-181x300.jpg 181w, https:\/\/mpk-ludwig.de\/wp-content\/uploads\/2020\/04\/D-K-15219-01-00-Vorschau-48x80.jpg 48w, https:\/\/mpk-ludwig.de\/wp-content\/uploads\/2020\/04\/D-K-15219-01-00-Vorschau-151x250.jpg 151w, https:\/\/mpk-ludwig.de\/wp-content\/uploads\/2020\/04\/D-K-15219-01-00-Vorschau-193x320.jpg 193w, https:\/\/mpk-ludwig.de\/wp-content\/uploads\/2020\/04\/D-K-15219-01-00-Vorschau-386x640.jpg 386w\" sizes=\"(max-width: 489px) 100vw, 489px\" title=\"DAkkS Scope\" alt=\"DAkkS Scope\" \t\tclass=\"so-widget-image\"\/>\n\t\t\t<\/a><\/div>\n\n<h3 class=\"widget-title\">DAkkS Scope<\/h3><\/div><\/div><\/div><div id=\"panel-5856-0-1-1\" class=\"so-panel widget widget_sow-image\" data-index=\"2\" ><div class=\"image_button textalign--center panel-widget-style panel-widget-style-for-5856-0-1-1\" ><div\n\t\t\t\n\t\t\tclass=\"so-widget-sow-image so-widget-sow-image-default-fcdcd8a14e55-5856\"\n\t\t\t\n\t\t>\n<div class=\"sow-image-container\">\n\t\t\t<a href=\"https:\/\/mpk-ludwig.de\/wp-content\/uploads\/2020\/04\/Akkreditierungsurkunde_2019_imetrologie.pdf\"\n\t\t\ttarget=\"_blank\" rel=\"noopener noreferrer\" \t\t>\n\t\t\t<img \n\tsrc=\"https:\/\/mpk-ludwig.de\/wp-content\/uploads\/2020\/04\/Akkreditierungsurkunde_Vorschau.jpg\" width=\"595\" height=\"842\" srcset=\"https:\/\/mpk-ludwig.de\/wp-content\/uploads\/2020\/04\/Akkreditierungsurkunde_Vorschau.jpg 595w, https:\/\/mpk-ludwig.de\/wp-content\/uploads\/2020\/04\/Akkreditierungsurkunde_Vorschau-212x300.jpg 212w, https:\/\/mpk-ludwig.de\/wp-content\/uploads\/2020\/04\/Akkreditierungsurkunde_Vorschau-57x80.jpg 57w, https:\/\/mpk-ludwig.de\/wp-content\/uploads\/2020\/04\/Akkreditierungsurkunde_Vorschau-177x250.jpg 177w, https:\/\/mpk-ludwig.de\/wp-content\/uploads\/2020\/04\/Akkreditierungsurkunde_Vorschau-226x320.jpg 226w, https:\/\/mpk-ludwig.de\/wp-content\/uploads\/2020\/04\/Akkreditierungsurkunde_Vorschau-452x640.jpg 452w\" sizes=\"(max-width: 595px) 100vw, 595px\" title=\"DAkkS Certificate\" alt=\"DAkkS Certificate\" \t\tclass=\"so-widget-image\"\/>\n\t\t\t<\/a><\/div>\n\n<h3 class=\"widget-title\">DAkkS Certificate<\/h3><\/div><\/div><\/div><div id=\"panel-5856-0-1-2\" class=\"so-panel widget widget_sow-image\" data-index=\"3\" ><div class=\"image_button textalign--center panel-widget-style panel-widget-style-for-5856-0-1-2\" ><div\n\t\t\t\n\t\t\tclass=\"so-widget-sow-image so-widget-sow-image-default-fcdcd8a14e55-5856\"\n\t\t\t\n\t\t>\n<div class=\"sow-image-container\">\n\t\t\t<a href=\"https:\/\/mpk-ludwig.de\/wp-content\/uploads\/2020\/04\/D-K-temperaturmessgroessen.pdf\"\n\t\t\ttarget=\"_blank\" rel=\"noopener noreferrer\" \t\t>\n\t\t\t<img \n\tsrc=\"https:\/\/mpk-ludwig.de\/wp-content\/uploads\/2020\/04\/D-K-temperaturmessgroessen-vorschau.jpg\" width=\"513\" height=\"810\" srcset=\"https:\/\/mpk-ludwig.de\/wp-content\/uploads\/2020\/04\/D-K-temperaturmessgroessen-vorschau.jpg 513w, https:\/\/mpk-ludwig.de\/wp-content\/uploads\/2020\/04\/D-K-temperaturmessgroessen-vorschau-190x300.jpg 190w, https:\/\/mpk-ludwig.de\/wp-content\/uploads\/2020\/04\/D-K-temperaturmessgroessen-vorschau-51x80.jpg 51w, https:\/\/mpk-ludwig.de\/wp-content\/uploads\/2020\/04\/D-K-temperaturmessgroessen-vorschau-158x250.jpg 158w, https:\/\/mpk-ludwig.de\/wp-content\/uploads\/2020\/04\/D-K-temperaturmessgroessen-vorschau-203x320.jpg 203w, https:\/\/mpk-ludwig.de\/wp-content\/uploads\/2020\/04\/D-K-temperaturmessgroessen-vorschau-405x640.jpg 405w\" sizes=\"(max-width: 513px) 100vw, 513px\" title=\"Temperature measurands\" alt=\"Temperature measurands\" \t\tclass=\"so-widget-image\"\/>\n\t\t\t<\/a><\/div>\n\n<h3 class=\"widget-title\">Temperature measurands<\/h3><\/div><\/div><\/div><div id=\"panel-5856-0-1-3\" class=\"so-panel widget widget_sow-image\" data-index=\"4\" ><div class=\"image_button textalign--center panel-widget-style panel-widget-style-for-5856-0-1-3\" ><div\n\t\t\t\n\t\t\tclass=\"so-widget-sow-image so-widget-sow-image-default-fcdcd8a14e55-5856\"\n\t\t\t\n\t\t>\n<div class=\"sow-image-container\">\n\t\t\t<a href=\"https:\/\/mpk-ludwig.de\/wp-content\/uploads\/2020\/04\/D-K-feuchtemessgroessen.pdf\"\n\t\t\ttarget=\"_blank\" rel=\"noopener noreferrer\" \t\t>\n\t\t\t<img \n\tsrc=\"https:\/\/mpk-ludwig.de\/wp-content\/uploads\/2020\/04\/D-K-feuchtemessgroessen-vorschau.jpg\" width=\"512\" height=\"405\" srcset=\"https:\/\/mpk-ludwig.de\/wp-content\/uploads\/2020\/04\/D-K-feuchtemessgroessen-vorschau.jpg 512w, https:\/\/mpk-ludwig.de\/wp-content\/uploads\/2020\/04\/D-K-feuchtemessgroessen-vorschau-300x237.jpg 300w, https:\/\/mpk-ludwig.de\/wp-content\/uploads\/2020\/04\/D-K-feuchtemessgroessen-vorschau-80x63.jpg 80w, https:\/\/mpk-ludwig.de\/wp-content\/uploads\/2020\/04\/D-K-feuchtemessgroessen-vorschau-250x198.jpg 250w, https:\/\/mpk-ludwig.de\/wp-content\/uploads\/2020\/04\/D-K-feuchtemessgroessen-vorschau-320x253.jpg 320w\" sizes=\"(max-width: 512px) 100vw, 512px\" title=\"Humidity measurands\" alt=\"Humidity measurands\" \t\tclass=\"so-widget-image\"\/>\n\t\t\t<\/a><\/div>\n\n<h3 class=\"widget-title\">Humidity measurands<\/h3><\/div><\/div><\/div><div id=\"panel-5856-0-1-4\" class=\"so-panel widget widget_sow-image\" data-index=\"5\" ><div class=\"image_button textalign--center panel-widget-style panel-widget-style-for-5856-0-1-4\" ><div\n\t\t\t\n\t\t\tclass=\"so-widget-sow-image so-widget-sow-image-default-fcdcd8a14e55-5856\"\n\t\t\t\n\t\t>\n<div class=\"sow-image-container\">\n\t\t\t<a href=\"https:\/\/mpk-ludwig.de\/wp-content\/uploads\/2020\/04\/D-K-messgroessen.pdf\"\n\t\t\ttarget=\"_blank\" rel=\"noopener noreferrer\" \t\t>\n\t\t\t<img \n\tsrc=\"https:\/\/mpk-ludwig.de\/wp-content\/uploads\/2020\/04\/D-K-messgroessen-vorschau.jpg\" width=\"514\" height=\"810\" srcset=\"https:\/\/mpk-ludwig.de\/wp-content\/uploads\/2020\/04\/D-K-messgroessen-vorschau.jpg 514w, https:\/\/mpk-ludwig.de\/wp-content\/uploads\/2020\/04\/D-K-messgroessen-vorschau-190x300.jpg 190w, https:\/\/mpk-ludwig.de\/wp-content\/uploads\/2020\/04\/D-K-messgroessen-vorschau-51x80.jpg 51w, https:\/\/mpk-ludwig.de\/wp-content\/uploads\/2020\/04\/D-K-messgroessen-vorschau-159x250.jpg 159w, https:\/\/mpk-ludwig.de\/wp-content\/uploads\/2020\/04\/D-K-messgroessen-vorschau-203x320.jpg 203w, https:\/\/mpk-ludwig.de\/wp-content\/uploads\/2020\/04\/D-K-messgroessen-vorschau-406x640.jpg 406w\" sizes=\"(max-width: 514px) 100vw, 514px\" title=\"Measurands\" alt=\"Measurands\" \t\tclass=\"so-widget-image\"\/>\n\t\t\t<\/a><\/div>\n\n<h3 class=\"widget-title\">Measurands<\/h3><\/div><\/div><\/div><div id=\"panel-5856-0-1-5\" class=\"so-panel widget widget_sow-image\" data-index=\"6\" ><div class=\"image_button textalign--center panel-widget-style panel-widget-style-for-5856-0-1-5\" ><div\n\t\t\t\n\t\t\tclass=\"so-widget-sow-image so-widget-sow-image-default-fcdcd8a14e55-5856\"\n\t\t\t\n\t\t>\n<div class=\"sow-image-container\">\n\t\t\t<a href=\"https:\/\/mpk-ludwig.de\/wp-content\/uploads\/2020\/04\/D-K-werkstoffpruefmaschinen.pdf\"\n\t\t\ttarget=\"_blank\" rel=\"noopener noreferrer\" \t\t>\n\t\t\t<img \n\tsrc=\"https:\/\/mpk-ludwig.de\/wp-content\/uploads\/2020\/04\/D-K-werkstoffpruefmaschinen-vorschau.jpg\" width=\"514\" height=\"222\" srcset=\"https:\/\/mpk-ludwig.de\/wp-content\/uploads\/2020\/04\/D-K-werkstoffpruefmaschinen-vorschau.jpg 514w, https:\/\/mpk-ludwig.de\/wp-content\/uploads\/2020\/04\/D-K-werkstoffpruefmaschinen-vorschau-300x130.jpg 300w, https:\/\/mpk-ludwig.de\/wp-content\/uploads\/2020\/04\/D-K-werkstoffpruefmaschinen-vorschau-80x35.jpg 80w, https:\/\/mpk-ludwig.de\/wp-content\/uploads\/2020\/04\/D-K-werkstoffpruefmaschinen-vorschau-250x108.jpg 250w, https:\/\/mpk-ludwig.de\/wp-content\/uploads\/2020\/04\/D-K-werkstoffpruefmaschinen-vorschau-320x138.jpg 320w\" sizes=\"(max-width: 514px) 100vw, 514px\" title=\"Materials testing machines\" alt=\"Materials testing machines\" \t\tclass=\"so-widget-image\"\/>\n\t\t\t<\/a><\/div>\n\n<h3 class=\"widget-title\">Materials testing machines<\/h3><\/div><\/div><\/div><div id=\"panel-5856-0-1-6\" class=\"so-panel widget widget_sow-image panel-last-child\" data-index=\"7\" ><div class=\"image_button textalign--center panel-widget-style panel-widget-style-for-5856-0-1-6\" ><div\n\t\t\t\n\t\t\tclass=\"so-widget-sow-image so-widget-sow-image-default-fcdcd8a14e55-5856\"\n\t\t\t\n\t\t>\n<div class=\"sow-image-container\">\n\t\t\t<a href=\"https:\/\/mpk-ludwig.de\/wp-content\/uploads\/2020\/04\/D-K_Vor_ORT.pdf\"\n\t\t\ttarget=\"_blank\" rel=\"noopener noreferrer\" \t\t>\n\t\t\t<img \n\tsrc=\"https:\/\/mpk-ludwig.de\/wp-content\/uploads\/2020\/04\/D-K_Vor_ORT_vorschau.jpg\" width=\"514\" height=\"810\" srcset=\"https:\/\/mpk-ludwig.de\/wp-content\/uploads\/2020\/04\/D-K_Vor_ORT_vorschau.jpg 514w, https:\/\/mpk-ludwig.de\/wp-content\/uploads\/2020\/04\/D-K_Vor_ORT_vorschau-190x300.jpg 190w, https:\/\/mpk-ludwig.de\/wp-content\/uploads\/2020\/04\/D-K_Vor_ORT_vorschau-51x80.jpg 51w, https:\/\/mpk-ludwig.de\/wp-content\/uploads\/2020\/04\/D-K_Vor_ORT_vorschau-159x250.jpg 159w, https:\/\/mpk-ludwig.de\/wp-content\/uploads\/2020\/04\/D-K_Vor_ORT_vorschau-203x320.jpg 203w, https:\/\/mpk-ludwig.de\/wp-content\/uploads\/2020\/04\/D-K_Vor_ORT_vorschau-406x640.jpg 406w\" sizes=\"(max-width: 514px) 100vw, 514px\" title=\"On-site calibration\" alt=\"On-site calibration\" \t\tclass=\"so-widget-image\"\/>\n\t\t\t<\/a><\/div>\n\n<h3 class=\"widget-title\">On-site calibration<\/h3><\/div><\/div><\/div><\/div><\/div><\/div>","protected":false},"excerpt":{"rendered":"<p>DAkkS Calibration The German Accreditation Body GmbH (DAkkS), Berlin, is an organization with a private economic profile. Its accreditation is subject to the Administrative Procedures Act of the Federal Republic of Germany (VwVfG). DAkkS has EU endorsement. Since January 1, 2010, an EU regulation stipulates that all EU member states must designate a national accreditation [&hellip;]<\/p>\n","protected":false},"author":3,"featured_media":0,"parent":5853,"menu_order":10,"comment_status":"closed","ping_status":"closed","template":"","meta":{"footnotes":""},"class_list":["post-5856","page","type-page","status-publish","hentry"],"yoast_head":"<!-- This site is optimized with the Yoast SEO plugin v27.3 - https:\/\/yoast.com\/product\/yoast-seo-wordpress\/ -->\n<title>Calibration Services | Ensuring Measurement Accuracy<\/title>\n<meta name=\"description\" content=\"Expert calibration services tailored to maintain precision in your instruments and equipment. Trust in standards in measurement accuracy.\" \/>\n<meta name=\"robots\" content=\"index, follow, max-snippet:-1, max-image-preview:large, max-video-preview:-1\" \/>\n<link rel=\"canonical\" href=\"https:\/\/mpk-ludwig.de\/en\/imetrologie-nord\/calibration\/\" \/>\n<meta property=\"og:locale\" content=\"en_US\" \/>\n<meta property=\"og:type\" content=\"article\" \/>\n<meta property=\"og:title\" content=\"Calibration Services | Ensuring Measurement Accuracy\" \/>\n<meta property=\"og:description\" content=\"Expert calibration services tailored to maintain precision in your instruments and equipment. Trust in standards in measurement accuracy.\" \/>\n<meta property=\"og:url\" content=\"https:\/\/mpk-ludwig.de\/en\/imetrologie-nord\/calibration\/\" \/>\n<meta property=\"og:site_name\" content=\"mpk-LUDWIG UG\" \/>\n<meta property=\"article:modified_time\" content=\"2024-04-02T15:06:39+00:00\" \/>\n<meta property=\"og:image\" content=\"https:\/\/mpk-ludwig.de\/wp-content\/uploads\/2020\/04\/mpk-fav.png\" \/>\n\t<meta property=\"og:image:width\" content=\"600\" \/>\n\t<meta property=\"og:image:height\" content=\"600\" \/>\n\t<meta property=\"og:image:type\" content=\"image\/png\" \/>\n<meta name=\"twitter:card\" content=\"summary_large_image\" \/>\n<meta name=\"twitter:label1\" content=\"Est. reading time\" \/>\n\t<meta name=\"twitter:data1\" content=\"4 minutes\" \/>\n<script type=\"application\/ld+json\" class=\"yoast-schema-graph\">{\"@context\":\"https:\\\/\\\/schema.org\",\"@graph\":[{\"@type\":\"WebPage\",\"@id\":\"https:\\\/\\\/mpk-ludwig.de\\\/en\\\/imetrologie-nord\\\/calibration\\\/\",\"url\":\"https:\\\/\\\/mpk-ludwig.de\\\/en\\\/imetrologie-nord\\\/calibration\\\/\",\"name\":\"Calibration Services | Ensuring Measurement Accuracy\",\"isPartOf\":{\"@id\":\"https:\\\/\\\/mpk-ludwig.de\\\/en\\\/#website\"},\"datePublished\":\"2020-01-14T07:59:08+00:00\",\"dateModified\":\"2024-04-02T15:06:39+00:00\",\"description\":\"Expert calibration services tailored to maintain precision in your instruments and equipment. Trust in standards in measurement accuracy.\",\"breadcrumb\":{\"@id\":\"https:\\\/\\\/mpk-ludwig.de\\\/en\\\/imetrologie-nord\\\/calibration\\\/#breadcrumb\"},\"inLanguage\":\"en-US\",\"potentialAction\":[{\"@type\":\"ReadAction\",\"target\":[\"https:\\\/\\\/mpk-ludwig.de\\\/en\\\/imetrologie-nord\\\/calibration\\\/\"]}]},{\"@type\":\"BreadcrumbList\",\"@id\":\"https:\\\/\\\/mpk-ludwig.de\\\/en\\\/imetrologie-nord\\\/calibration\\\/#breadcrumb\",\"itemListElement\":[{\"@type\":\"ListItem\",\"position\":1,\"name\":\"Startseite\",\"item\":\"https:\\\/\\\/mpk-ludwig.de\\\/en\\\/\"},{\"@type\":\"ListItem\",\"position\":2,\"name\":\"Imetrologie NORD\",\"item\":\"https:\\\/\\\/mpk-ludwig.de\\\/en\\\/imetrologie-nord\\\/\"},{\"@type\":\"ListItem\",\"position\":3,\"name\":\"Calibration\"}]},{\"@type\":\"WebSite\",\"@id\":\"https:\\\/\\\/mpk-ludwig.de\\\/en\\\/#website\",\"url\":\"https:\\\/\\\/mpk-ludwig.de\\\/en\\\/\",\"name\":\"mpk-LUDWIG UG\",\"description\":\"Zugpr\u00fcfmaschinen und Schraubenpr\u00fcfst\u00e4nde vom Profi\",\"publisher\":{\"@id\":\"https:\\\/\\\/mpk-ludwig.de\\\/en\\\/#organization\"},\"alternateName\":\"mpk Zugpr\u00fcfmaschinen\",\"potentialAction\":[{\"@type\":\"SearchAction\",\"target\":{\"@type\":\"EntryPoint\",\"urlTemplate\":\"https:\\\/\\\/mpk-ludwig.de\\\/en\\\/?s={search_term_string}\"},\"query-input\":{\"@type\":\"PropertyValueSpecification\",\"valueRequired\":true,\"valueName\":\"search_term_string\"}}],\"inLanguage\":\"en-US\"},{\"@type\":\"Organization\",\"@id\":\"https:\\\/\\\/mpk-ludwig.de\\\/en\\\/#organization\",\"name\":\"mpk LUDWIG UG\",\"url\":\"https:\\\/\\\/mpk-ludwig.de\\\/en\\\/\",\"logo\":{\"@type\":\"ImageObject\",\"inLanguage\":\"en-US\",\"@id\":\"https:\\\/\\\/mpk-ludwig.de\\\/en\\\/#\\\/schema\\\/logo\\\/image\\\/\",\"url\":\"https:\\\/\\\/mpk-ludwig.de\\\/wp-content\\\/uploads\\\/2019\\\/11\\\/mpk-LUDWIG-logo.png\",\"contentUrl\":\"https:\\\/\\\/mpk-ludwig.de\\\/wp-content\\\/uploads\\\/2019\\\/11\\\/mpk-LUDWIG-logo.png\",\"width\":600,\"height\":375,\"caption\":\"mpk LUDWIG UG\"},\"image\":{\"@id\":\"https:\\\/\\\/mpk-ludwig.de\\\/en\\\/#\\\/schema\\\/logo\\\/image\\\/\"},\"sameAs\":[\"https:\\\/\\\/www.youtube.com\\\/user\\\/Kraftaufnehmer\\\/\"]}]}<\/script>\n<!-- \/ Yoast SEO plugin. -->","yoast_head_json":{"title":"Calibration Services | Ensuring Measurement Accuracy","description":"Expert calibration services tailored to maintain precision in your instruments and equipment. Trust in standards in measurement accuracy.","robots":{"index":"index","follow":"follow","max-snippet":"max-snippet:-1","max-image-preview":"max-image-preview:large","max-video-preview":"max-video-preview:-1"},"canonical":"https:\/\/mpk-ludwig.de\/en\/imetrologie-nord\/calibration\/","og_locale":"en_US","og_type":"article","og_title":"Calibration Services | Ensuring Measurement Accuracy","og_description":"Expert calibration services tailored to maintain precision in your instruments and equipment. Trust in standards in measurement accuracy.","og_url":"https:\/\/mpk-ludwig.de\/en\/imetrologie-nord\/calibration\/","og_site_name":"mpk-LUDWIG UG","article_modified_time":"2024-04-02T15:06:39+00:00","og_image":[{"width":600,"height":600,"url":"https:\/\/mpk-ludwig.de\/wp-content\/uploads\/2020\/04\/mpk-fav.png","type":"image\/png"}],"twitter_card":"summary_large_image","twitter_misc":{"Est. reading time":"4 minutes"},"schema":{"@context":"https:\/\/schema.org","@graph":[{"@type":"WebPage","@id":"https:\/\/mpk-ludwig.de\/en\/imetrologie-nord\/calibration\/","url":"https:\/\/mpk-ludwig.de\/en\/imetrologie-nord\/calibration\/","name":"Calibration Services | Ensuring Measurement Accuracy","isPartOf":{"@id":"https:\/\/mpk-ludwig.de\/en\/#website"},"datePublished":"2020-01-14T07:59:08+00:00","dateModified":"2024-04-02T15:06:39+00:00","description":"Expert calibration services tailored to maintain precision in your instruments and equipment. Trust in standards in measurement accuracy.","breadcrumb":{"@id":"https:\/\/mpk-ludwig.de\/en\/imetrologie-nord\/calibration\/#breadcrumb"},"inLanguage":"en-US","potentialAction":[{"@type":"ReadAction","target":["https:\/\/mpk-ludwig.de\/en\/imetrologie-nord\/calibration\/"]}]},{"@type":"BreadcrumbList","@id":"https:\/\/mpk-ludwig.de\/en\/imetrologie-nord\/calibration\/#breadcrumb","itemListElement":[{"@type":"ListItem","position":1,"name":"Startseite","item":"https:\/\/mpk-ludwig.de\/en\/"},{"@type":"ListItem","position":2,"name":"Imetrologie NORD","item":"https:\/\/mpk-ludwig.de\/en\/imetrologie-nord\/"},{"@type":"ListItem","position":3,"name":"Calibration"}]},{"@type":"WebSite","@id":"https:\/\/mpk-ludwig.de\/en\/#website","url":"https:\/\/mpk-ludwig.de\/en\/","name":"mpk-LUDWIG UG","description":"Zugpr\u00fcfmaschinen und Schraubenpr\u00fcfst\u00e4nde vom Profi","publisher":{"@id":"https:\/\/mpk-ludwig.de\/en\/#organization"},"alternateName":"mpk Zugpr\u00fcfmaschinen","potentialAction":[{"@type":"SearchAction","target":{"@type":"EntryPoint","urlTemplate":"https:\/\/mpk-ludwig.de\/en\/?s={search_term_string}"},"query-input":{"@type":"PropertyValueSpecification","valueRequired":true,"valueName":"search_term_string"}}],"inLanguage":"en-US"},{"@type":"Organization","@id":"https:\/\/mpk-ludwig.de\/en\/#organization","name":"mpk LUDWIG UG","url":"https:\/\/mpk-ludwig.de\/en\/","logo":{"@type":"ImageObject","inLanguage":"en-US","@id":"https:\/\/mpk-ludwig.de\/en\/#\/schema\/logo\/image\/","url":"https:\/\/mpk-ludwig.de\/wp-content\/uploads\/2019\/11\/mpk-LUDWIG-logo.png","contentUrl":"https:\/\/mpk-ludwig.de\/wp-content\/uploads\/2019\/11\/mpk-LUDWIG-logo.png","width":600,"height":375,"caption":"mpk LUDWIG UG"},"image":{"@id":"https:\/\/mpk-ludwig.de\/en\/#\/schema\/logo\/image\/"},"sameAs":["https:\/\/www.youtube.com\/user\/Kraftaufnehmer\/"]}]}},"_links":{"self":[{"href":"https:\/\/mpk-ludwig.de\/en\/wp-json\/wp\/v2\/pages\/5856","targetHints":{"allow":["GET"]}}],"collection":[{"href":"https:\/\/mpk-ludwig.de\/en\/wp-json\/wp\/v2\/pages"}],"about":[{"href":"https:\/\/mpk-ludwig.de\/en\/wp-json\/wp\/v2\/types\/page"}],"author":[{"embeddable":true,"href":"https:\/\/mpk-ludwig.de\/en\/wp-json\/wp\/v2\/users\/3"}],"replies":[{"embeddable":true,"href":"https:\/\/mpk-ludwig.de\/en\/wp-json\/wp\/v2\/comments?post=5856"}],"version-history":[{"count":4,"href":"https:\/\/mpk-ludwig.de\/en\/wp-json\/wp\/v2\/pages\/5856\/revisions"}],"predecessor-version":[{"id":6035,"href":"https:\/\/mpk-ludwig.de\/en\/wp-json\/wp\/v2\/pages\/5856\/revisions\/6035"}],"up":[{"embeddable":true,"href":"https:\/\/mpk-ludwig.de\/en\/wp-json\/wp\/v2\/pages\/5853"}],"wp:attachment":[{"href":"https:\/\/mpk-ludwig.de\/en\/wp-json\/wp\/v2\/media?parent=5856"}],"curies":[{"name":"wp","href":"https:\/\/api.w.org\/{rel}","templated":true}]}}