{"id":5859,"date":"2011-05-20T18:49:43","date_gmt":"2011-05-20T16:49:43","guid":{"rendered":"https:\/\/mpk-ludwig.de\/?page_id=5859"},"modified":"2024-04-02T15:19:11","modified_gmt":"2024-04-02T13:19:11","slug":"mpk-ludwig-ug-your-professional-for-tensile-testing-machines","status":"publish","type":"page","link":"https:\/\/mpk-ludwig.de\/en\/","title":{"rendered":"mpk-LUDWIG UG \u2013 Your professional for tensile testing machines"},"content":{"rendered":"<div id=\"pl-5859\"  class=\"panel-layout\" ><div id=\"pg-5859-0\"  class=\"panel-grid panel-has-style\" ><div class=\"siteorigin-panels-stretch panel-row-style panel-row-style-for-5859-0\" data-stretch-type=\"full\" ><div id=\"pgc-5859-0-0\"  class=\"panel-grid-cell\" ><div id=\"panel-5859-0-0-0\" class=\"so-panel widget widget_sow-editor panel-first-child\" data-index=\"0\" ><div\n\t\t\t\n\t\t\tclass=\"so-widget-sow-editor so-widget-sow-editor-base\"\n\t\t\t\n\t\t>\n<div class=\"siteorigin-widget-tinymce textwidget\">\n\t<p>&nbsp;<\/p>\n<h1>Tensile testing machines and torque testers from professionals<\/h1>\n<\/div>\n<\/div><\/div><div id=\"panel-5859-0-0-1\" class=\"so-panel widget widget_web2_features panel-last-child\" data-index=\"1\" ><div\n\t\t\t\n\t\t\tclass=\"so-widget-web2_features so-widget-web2_features-default-d75171398898-5859\"\n\t\t\t\n\t\t><div class=\"web2_features\" id=\"features\">\n    <h3 class=\"web2_features--title widget-title\">Systematic material testing \u2013 our service offer<\/h3>\n\n    <div class=\"web2_features--items items uk-child-width-1-1 uk-child-width-1-2@s uk-child-width-1-4@m uk-grid-match\" uk-grid>\n        \n            \n                <div>\n                    <div class=\"item item--image image uk-width-1-3 uk-width-1-1@s uk-align-center\">\n                        <img loading=\"lazy\" decoding=\"async\" width=\"1214\" height=\"2000\" src=\"https:\/\/mpk-ludwig.de\/wp-content\/uploads\/2023\/03\/mpk-imet50-zugpruefmaschine.jpg\" class=\"attachment-full size-full\" alt=\"Frontansicht einer zwei-s\u00e4uligen Werkstoffpr\u00fcfmaschine\" srcset=\"https:\/\/mpk-ludwig.de\/wp-content\/uploads\/2023\/03\/mpk-imet50-zugpruefmaschine.jpg 1214w, https:\/\/mpk-ludwig.de\/wp-content\/uploads\/2023\/03\/mpk-imet50-zugpruefmaschine-182x300.jpg 182w, https:\/\/mpk-ludwig.de\/wp-content\/uploads\/2023\/03\/mpk-imet50-zugpruefmaschine-622x1024.jpg 622w, https:\/\/mpk-ludwig.de\/wp-content\/uploads\/2023\/03\/mpk-imet50-zugpruefmaschine-768x1265.jpg 768w, https:\/\/mpk-ludwig.de\/wp-content\/uploads\/2023\/03\/mpk-imet50-zugpruefmaschine-49x80.jpg 49w, https:\/\/mpk-ludwig.de\/wp-content\/uploads\/2023\/03\/mpk-imet50-zugpruefmaschine-152x250.jpg 152w, https:\/\/mpk-ludwig.de\/wp-content\/uploads\/2023\/03\/mpk-imet50-zugpruefmaschine-194x320.jpg 194w, https:\/\/mpk-ludwig.de\/wp-content\/uploads\/2023\/03\/mpk-imet50-zugpruefmaschine-388x640.jpg 388w, https:\/\/mpk-ludwig.de\/wp-content\/uploads\/2023\/03\/mpk-imet50-zugpruefmaschine-583x960.jpg 583w, https:\/\/mpk-ludwig.de\/wp-content\/uploads\/2023\/03\/mpk-imet50-zugpruefmaschine-932x1536.jpg 932w\" sizes=\"auto, (max-width: 1214px) 100vw, 1214px\" \/>                    <\/div>\n                <\/div>\n            \n        \n                            <div>\n                    <div class=\"item item--box box\">\n                        <h3 class=\"item--title title\">\n                            <span class=\"inner item--title-inner\">Tensile testing machine<\/span>\n                        <\/h3>\n                        <div class=\"item--content\"><p style=\"text-align: center;\"><strong>Manufacturing<\/strong><\/p>\n<p style=\"text-align: center;\">- single-column up to 3 kN<br \/>\n- twin-column up to 150 kN<\/p>\n<p style=\"text-align: center;\"><strong>Upgrade<\/strong><\/p>\n<p style=\"text-align: center;\">of old electronics with PC and software<\/p>\n<p style=\"text-align: center;\"><strong>Accredited calibration and maintenance<\/strong><\/p>\n<p style=\"text-align: center;\">of your testing machines, even machines from other manufacturers<\/p>\n<p style=\"text-align: center;\"><strong>Trade-in &gt;<\/strong><\/p>\n<p style=\"text-align: center;\">of your old machine<\/p>\n<p style=\"text-align: center;\"><strong>Service<\/strong><\/p>\n<p style=\"text-align: center;\">Testing your samples<\/p>\n<\/div>\n\n                                                    <div class=\"item--pdf-file\">\n                                <div class=\"inner\">\n                                    <a class=\"uk-button uk-button-primary uk-button-small\"\n                                       href=\"https:\/\/mpk-ludwig.de\/zugpruefmaschinen\/\" target=\"_self\">\n                                        More Information                                    <\/a>\n                                <\/div>\n                            <\/div>\n                        \n                    <\/div>\n                <\/div>\n            \n        \n                            <div>\n                    <div class=\"item item--box box\">\n                        <h3 class=\"item--title title\">\n                            <span class=\"inner item--title-inner\">Torque testing system<\/span>\n                        <\/h3>\n                        <div class=\"item--content\"><p style=\"text-align: center;\"><strong>Horizontal torsion testing machine<\/strong><\/p>\n<p style=\"text-align: center;\">- up to 5000 Nm total torque<br \/>\n- ISO 16047 head friction torque<br \/>\n- clamp force<br \/>\n- ISO 2320 prevailing torque<\/p>\n<p style=\"text-align: center;\"><strong>Vertical torsion testing machin<\/strong>e<\/p>\n<p style=\"text-align: center;\">- up to 200 Nm<br \/>\n- for screw industry<br \/>\n- force\/angle analysis<br \/>\n- servo motor control<br \/>\n- Satisfy EN14592, EN15737, EN10666, and ISO 2702<br \/>\n- Max. 1m length Timber screws for torsional test<\/p>\n<p style=\"text-align: center;\"><strong>Calibration and maintenance<\/strong><\/p>\n<\/div>\n\n                                                    <div class=\"item--pdf-file\">\n                                <div class=\"inner\">\n                                    <a class=\"uk-button uk-button-primary uk-button-small\"\n                                       href=\"https:\/\/mpk-ludwig.de\/drehmomentpruefstand\/\" target=\"_self\">\n                                        More Information                                    <\/a>\n                                <\/div>\n                            <\/div>\n                        \n                    <\/div>\n                <\/div>\n            \n        \n                            <div>\n                    <div class=\"item item--box box\">\n                        <h3 class=\"item--title title\">\n                            <span class=\"inner item--title-inner\">Force gauges<\/span>\n                        <\/h3>\n                        <div class=\"item--content\"><p style=\"text-align: center;\"><strong>Digital indicator imet 47<\/strong><\/p>\n<p style=\"text-align: center;\">- 4 different units (weight, force, torsion, pressure)<br \/>\n- 7 different ranges<br \/>\n- 24 bit A\/D converter<br \/>\n- USB interface<br \/>\n- Software<\/p>\n<p style=\"text-align: center;\"><strong>Hydraulic load cell<\/strong><\/p>\n<p style=\"text-align: center;\">- up to 1,6 MN<br \/>\n- analog\/digital gauge<br \/>\n- different sizes<br \/>\n- no power supply<br \/>\n- used for static application<br \/>\n- for vice benches<\/p>\n<\/div>\n\n                                                    <div class=\"item--pdf-file\">\n                                <div class=\"inner\">\n                                    <a class=\"uk-button uk-button-primary uk-button-small\"\n                                       href=\"https:\/\/mpk-ludwig.de\/?page_id=1885\" target=\"_self\">\n                                        More Information                                    <\/a>\n                                <\/div>\n                            <\/div>\n                        \n                    <\/div>\n                <\/div>\n            \n            <\/div>\n\n<\/div><\/div><\/div><\/div><\/div><\/div><div id=\"pg-5859-1\"  class=\"panel-grid panel-has-style\" ><div class=\"blue_line siteorigin-panels-stretch panel-row-style panel-row-style-for-5859-1\" data-stretch-type=\"full\" ><div id=\"pgc-5859-1-0\"  class=\"panel-grid-cell\" ><div id=\"panel-5859-1-0-0\" class=\"so-panel widget widget_web2_title_widget panel-first-child\" data-index=\"2\" ><div\n\t\t\t\n\t\t\tclass=\"so-widget-web2_title_widget so-widget-web2_title_widget-default-d75171398898-5859\"\n\t\t\t\n\t\t><h3 class=\"web2-title textalign--left web2-title--default\"><span>Calibration of Imetrologie NORD<\/span><\/h3><\/div><\/div><div id=\"panel-5859-1-0-1\" class=\"so-panel widget widget_sow-image panel-last-child\" data-index=\"3\" ><div\n\t\t\t\n\t\t\tclass=\"so-widget-sow-image so-widget-sow-image-default-8b5b6f678277-5859\"\n\t\t\t\n\t\t>\n<div class=\"sow-image-container\">\n\t\t\t<a href=\"https:\/\/mpk-ludwig.de\/imetrologie-nord\/\"\n\t\t\t\t\t>\n\t\t\t<img \n\tsrc=\"https:\/\/mpk-ludwig.de\/wp-content\/uploads\/2020\/01\/Imetrologie_nord.jpg\" width=\"550\" height=\"115\" srcset=\"https:\/\/mpk-ludwig.de\/wp-content\/uploads\/2020\/01\/Imetrologie_nord.jpg 550w, https:\/\/mpk-ludwig.de\/wp-content\/uploads\/2020\/01\/Imetrologie_nord-300x63.jpg 300w, https:\/\/mpk-ludwig.de\/wp-content\/uploads\/2020\/01\/Imetrologie_nord-80x17.jpg 80w, https:\/\/mpk-ludwig.de\/wp-content\/uploads\/2020\/01\/Imetrologie_nord-250x52.jpg 250w, https:\/\/mpk-ludwig.de\/wp-content\/uploads\/2020\/01\/Imetrologie_nord-320x67.jpg 320w\" sizes=\"(max-width: 550px) 100vw, 550px\" alt=\"Zur Seite imetrologie Nord.\" \t\tclass=\"so-widget-image\"\/>\n\t\t\t<\/a><\/div>\n\n<\/div><\/div><\/div><div id=\"pgc-5859-1-1\"  class=\"panel-grid-cell\" ><div id=\"panel-5859-1-1-0\" class=\"so-panel widget widget_web2_features panel-first-child panel-last-child\" data-index=\"4\" ><div\n\t\t\t\n\t\t\tclass=\"so-widget-web2_features so-widget-web2_features-default-d75171398898-5859\"\n\t\t\t\n\t\t><div class=\"web2_features\" id=\"features\">\n    <h3 class=\"web2_features--title widget-title\"><\/h3>\n\n    <div class=\"web2_features--items items uk-child-width-1-1 uk-child-width-1-1@s uk-child-width-1-1@m uk-grid-match\" uk-grid>\n        \n                            <div>\n                    <div class=\"item item--box box\">\n                        <h3 class=\"item--title title\">\n                            <span class=\"inner item--title-inner\">Calibration of<\/span>\n                        <\/h3>\n                        <div class=\"item--content\"><h4 style=\"text-align: center; color: white;\">temperature<\/h4>\n<h4 style=\"text-align: center; color: white;\">humidity<\/h4>\n<h4 style=\"text-align: center; color: white;\">pressure<\/h4>\n<h4 style=\"text-align: center; color: white;\">signals<\/h4>\n<h4 style=\"text-align: center; color: white;\">sensors<\/h4>\n<h4 style=\"text-align: center; color: white;\">WPM force<\/h4><\/div>\n\n                                                    <div class=\"item--pdf-file\">\n                                <div class=\"inner\">\n                                    <a class=\"uk-button uk-button-primary uk-button-small\"\n                                       href=\"https:\/\/mpk-ludwig.de\/imetrologie-nord\/kalibrierung\/\" target=\"_self\">\n                                        More Information                                    <\/a>\n                                <\/div>\n                            <\/div>\n                        \n                    <\/div>\n                <\/div>\n            \n            <\/div>\n\n<\/div><\/div><\/div><\/div><\/div><\/div><\/div>","protected":false},"excerpt":{"rendered":"<p>&nbsp; Tensile testing machines and torque testers from professionals<\/p>\n","protected":false},"author":3,"featured_media":0,"parent":0,"menu_order":0,"comment_status":"open","ping_status":"closed","template":"","meta":{"footnotes":""},"class_list":["post-5859","page","type-page","status-publish","hentry"],"yoast_head":"<!-- This site is optimized with the Yoast SEO plugin v27.3 - https:\/\/yoast.com\/product\/yoast-seo-wordpress\/ -->\n<title>Tensile testing machines<\/title>\n<meta name=\"description\" content=\"Discover our industry-leading tensile testing machines and torque testers expertly engineered to deliver precise, reliable results.\" \/>\n<meta name=\"robots\" content=\"index, follow, max-snippet:-1, max-image-preview:large, max-video-preview:-1\" \/>\n<link rel=\"canonical\" href=\"https:\/\/mpk-ludwig.de\/en\/\" \/>\n<meta property=\"og:locale\" content=\"en_US\" \/>\n<meta property=\"og:type\" content=\"article\" \/>\n<meta property=\"og:title\" content=\"Tensile testing machines\" \/>\n<meta property=\"og:description\" content=\"Discover our industry-leading tensile testing machines and torque testers expertly engineered to deliver precise, reliable results.\" \/>\n<meta property=\"og:url\" content=\"https:\/\/mpk-ludwig.de\/en\/\" \/>\n<meta property=\"og:site_name\" content=\"mpk-LUDWIG UG\" \/>\n<meta property=\"article:modified_time\" content=\"2024-04-02T13:19:11+00:00\" \/>\n<meta property=\"og:image\" content=\"https:\/\/mpk-ludwig.de\/wp-content\/uploads\/2020\/04\/mpk-fav.png\" \/>\n\t<meta property=\"og:image:width\" content=\"600\" \/>\n\t<meta property=\"og:image:height\" content=\"600\" \/>\n\t<meta property=\"og:image:type\" content=\"image\/png\" \/>\n<meta name=\"twitter:card\" content=\"summary_large_image\" \/>\n<script type=\"application\/ld+json\" class=\"yoast-schema-graph\">{\"@context\":\"https:\\\/\\\/schema.org\",\"@graph\":[{\"@type\":\"WebPage\",\"@id\":\"https:\\\/\\\/mpk-ludwig.de\\\/en\\\/\",\"url\":\"https:\\\/\\\/mpk-ludwig.de\\\/en\\\/\",\"name\":\"Tensile testing machines\",\"isPartOf\":{\"@id\":\"https:\\\/\\\/mpk-ludwig.de\\\/en\\\/#website\"},\"datePublished\":\"2011-05-20T16:49:43+00:00\",\"dateModified\":\"2024-04-02T13:19:11+00:00\",\"description\":\"Discover our industry-leading tensile testing machines and torque testers expertly engineered to deliver precise, reliable results.\",\"breadcrumb\":{\"@id\":\"https:\\\/\\\/mpk-ludwig.de\\\/en\\\/#breadcrumb\"},\"inLanguage\":\"en-US\",\"potentialAction\":[{\"@type\":\"ReadAction\",\"target\":[\"https:\\\/\\\/mpk-ludwig.de\\\/en\\\/\"]}]},{\"@type\":\"BreadcrumbList\",\"@id\":\"https:\\\/\\\/mpk-ludwig.de\\\/en\\\/#breadcrumb\",\"itemListElement\":[{\"@type\":\"ListItem\",\"position\":1,\"name\":\"Startseite\",\"item\":\"https:\\\/\\\/mpk-ludwig.de\\\/en\\\/\"},{\"@type\":\"ListItem\",\"position\":2,\"name\":\"mpk-LUDWIG UG \u2013 Your professional for tensile testing machines\"}]},{\"@type\":\"WebSite\",\"@id\":\"https:\\\/\\\/mpk-ludwig.de\\\/en\\\/#website\",\"url\":\"https:\\\/\\\/mpk-ludwig.de\\\/en\\\/\",\"name\":\"mpk-LUDWIG UG\",\"description\":\"Zugpr\u00fcfmaschinen und Schraubenpr\u00fcfst\u00e4nde vom Profi\",\"publisher\":{\"@id\":\"https:\\\/\\\/mpk-ludwig.de\\\/en\\\/#organization\"},\"alternateName\":\"mpk Zugpr\u00fcfmaschinen\",\"potentialAction\":[{\"@type\":\"SearchAction\",\"target\":{\"@type\":\"EntryPoint\",\"urlTemplate\":\"https:\\\/\\\/mpk-ludwig.de\\\/en\\\/?s={search_term_string}\"},\"query-input\":{\"@type\":\"PropertyValueSpecification\",\"valueRequired\":true,\"valueName\":\"search_term_string\"}}],\"inLanguage\":\"en-US\"},{\"@type\":\"Organization\",\"@id\":\"https:\\\/\\\/mpk-ludwig.de\\\/en\\\/#organization\",\"name\":\"mpk LUDWIG UG\",\"url\":\"https:\\\/\\\/mpk-ludwig.de\\\/en\\\/\",\"logo\":{\"@type\":\"ImageObject\",\"inLanguage\":\"en-US\",\"@id\":\"https:\\\/\\\/mpk-ludwig.de\\\/en\\\/#\\\/schema\\\/logo\\\/image\\\/\",\"url\":\"https:\\\/\\\/mpk-ludwig.de\\\/wp-content\\\/uploads\\\/2019\\\/11\\\/mpk-LUDWIG-logo.png\",\"contentUrl\":\"https:\\\/\\\/mpk-ludwig.de\\\/wp-content\\\/uploads\\\/2019\\\/11\\\/mpk-LUDWIG-logo.png\",\"width\":600,\"height\":375,\"caption\":\"mpk LUDWIG UG\"},\"image\":{\"@id\":\"https:\\\/\\\/mpk-ludwig.de\\\/en\\\/#\\\/schema\\\/logo\\\/image\\\/\"},\"sameAs\":[\"https:\\\/\\\/www.youtube.com\\\/user\\\/Kraftaufnehmer\\\/\"]}]}<\/script>\n<!-- \/ Yoast SEO plugin. -->","yoast_head_json":{"title":"Tensile testing machines","description":"Discover our industry-leading tensile testing machines and torque testers expertly engineered to deliver precise, reliable results.","robots":{"index":"index","follow":"follow","max-snippet":"max-snippet:-1","max-image-preview":"max-image-preview:large","max-video-preview":"max-video-preview:-1"},"canonical":"https:\/\/mpk-ludwig.de\/en\/","og_locale":"en_US","og_type":"article","og_title":"Tensile testing machines","og_description":"Discover our industry-leading tensile testing machines and torque testers expertly engineered to deliver precise, reliable results.","og_url":"https:\/\/mpk-ludwig.de\/en\/","og_site_name":"mpk-LUDWIG UG","article_modified_time":"2024-04-02T13:19:11+00:00","og_image":[{"width":600,"height":600,"url":"https:\/\/mpk-ludwig.de\/wp-content\/uploads\/2020\/04\/mpk-fav.png","type":"image\/png"}],"twitter_card":"summary_large_image","schema":{"@context":"https:\/\/schema.org","@graph":[{"@type":"WebPage","@id":"https:\/\/mpk-ludwig.de\/en\/","url":"https:\/\/mpk-ludwig.de\/en\/","name":"Tensile testing machines","isPartOf":{"@id":"https:\/\/mpk-ludwig.de\/en\/#website"},"datePublished":"2011-05-20T16:49:43+00:00","dateModified":"2024-04-02T13:19:11+00:00","description":"Discover our industry-leading tensile testing machines and torque testers expertly engineered to deliver precise, reliable results.","breadcrumb":{"@id":"https:\/\/mpk-ludwig.de\/en\/#breadcrumb"},"inLanguage":"en-US","potentialAction":[{"@type":"ReadAction","target":["https:\/\/mpk-ludwig.de\/en\/"]}]},{"@type":"BreadcrumbList","@id":"https:\/\/mpk-ludwig.de\/en\/#breadcrumb","itemListElement":[{"@type":"ListItem","position":1,"name":"Startseite","item":"https:\/\/mpk-ludwig.de\/en\/"},{"@type":"ListItem","position":2,"name":"mpk-LUDWIG UG \u2013 Your professional for tensile testing machines"}]},{"@type":"WebSite","@id":"https:\/\/mpk-ludwig.de\/en\/#website","url":"https:\/\/mpk-ludwig.de\/en\/","name":"mpk-LUDWIG UG","description":"Zugpr\u00fcfmaschinen und Schraubenpr\u00fcfst\u00e4nde vom Profi","publisher":{"@id":"https:\/\/mpk-ludwig.de\/en\/#organization"},"alternateName":"mpk Zugpr\u00fcfmaschinen","potentialAction":[{"@type":"SearchAction","target":{"@type":"EntryPoint","urlTemplate":"https:\/\/mpk-ludwig.de\/en\/?s={search_term_string}"},"query-input":{"@type":"PropertyValueSpecification","valueRequired":true,"valueName":"search_term_string"}}],"inLanguage":"en-US"},{"@type":"Organization","@id":"https:\/\/mpk-ludwig.de\/en\/#organization","name":"mpk LUDWIG UG","url":"https:\/\/mpk-ludwig.de\/en\/","logo":{"@type":"ImageObject","inLanguage":"en-US","@id":"https:\/\/mpk-ludwig.de\/en\/#\/schema\/logo\/image\/","url":"https:\/\/mpk-ludwig.de\/wp-content\/uploads\/2019\/11\/mpk-LUDWIG-logo.png","contentUrl":"https:\/\/mpk-ludwig.de\/wp-content\/uploads\/2019\/11\/mpk-LUDWIG-logo.png","width":600,"height":375,"caption":"mpk LUDWIG UG"},"image":{"@id":"https:\/\/mpk-ludwig.de\/en\/#\/schema\/logo\/image\/"},"sameAs":["https:\/\/www.youtube.com\/user\/Kraftaufnehmer\/"]}]}},"_links":{"self":[{"href":"https:\/\/mpk-ludwig.de\/en\/wp-json\/wp\/v2\/pages\/5859","targetHints":{"allow":["GET"]}}],"collection":[{"href":"https:\/\/mpk-ludwig.de\/en\/wp-json\/wp\/v2\/pages"}],"about":[{"href":"https:\/\/mpk-ludwig.de\/en\/wp-json\/wp\/v2\/types\/page"}],"author":[{"embeddable":true,"href":"https:\/\/mpk-ludwig.de\/en\/wp-json\/wp\/v2\/users\/3"}],"replies":[{"embeddable":true,"href":"https:\/\/mpk-ludwig.de\/en\/wp-json\/wp\/v2\/comments?post=5859"}],"version-history":[{"count":5,"href":"https:\/\/mpk-ludwig.de\/en\/wp-json\/wp\/v2\/pages\/5859\/revisions"}],"predecessor-version":[{"id":5967,"href":"https:\/\/mpk-ludwig.de\/en\/wp-json\/wp\/v2\/pages\/5859\/revisions\/5967"}],"wp:attachment":[{"href":"https:\/\/mpk-ludwig.de\/en\/wp-json\/wp\/v2\/media?parent=5859"}],"curies":[{"name":"wp","href":"https:\/\/api.w.org\/{rel}","templated":true}]}}