{"id":5866,"date":"2019-04-12T14:14:15","date_gmt":"2019-04-12T12:14:15","guid":{"rendered":"https:\/\/mpk-ludwig.de\/?page_id=5866"},"modified":"2025-06-05T10:42:27","modified_gmt":"2025-06-05T08:42:27","slug":"imprint","status":"publish","type":"page","link":"https:\/\/mpk-ludwig.de\/en\/imprint\/","title":{"rendered":"Imprint"},"content":{"rendered":"<div>\n<div id=\"lc-text-AgencyClient_Imprint-en\"><\/div>\n<script>\n  fetch(`https:\/\/app.cockpit.legal\/api\/cockpit\/resources\/legaldocumentshare\/a01275335e1d5b639e17a492e30b3ea2\/document\/render\/html?language=en`)\n  .then((result) => { return result.text(); })\n  .then((content) => {\n    document.getElementById(\"lc-text-AgencyClient_Imprint-en\").innerHTML = content\n  });\n<\/script>\n<noscript>\n  You cannot see this legal text because you have JavaScript disabled.\n  Please follow this\n  <a target=\"_blank\" href=\"https:\/\/app.cockpit.legal\/api\/cockpit\/resources\/legaldocumentshare\/a01275335e1d5b639e17a492e30b3ea2\/document\/render\/html?language=en\">link<\/a>\n  to view the legal text.\n<\/noscript>\n<\/div>\n","protected":false},"excerpt":{"rendered":"","protected":false},"author":3,"featured_media":0,"parent":0,"menu_order":80,"comment_status":"closed","ping_status":"closed","template":"","meta":{"footnotes":""},"class_list":["post-5866","page","type-page","status-publish","hentry"],"yoast_head":"<!-- This site is optimized with the Yoast SEO plugin v27.3 - https:\/\/yoast.com\/product\/yoast-seo-wordpress\/ -->\n<title>Imprint | Legal Information and Company Details<\/title>\n<meta name=\"description\" content=\"Access our imprint for all legal information and company details. Learn more about our business, regulatory compliance and how to contact us.\" \/>\n<meta name=\"robots\" content=\"index, follow, max-snippet:-1, max-image-preview:large, max-video-preview:-1\" \/>\n<link rel=\"canonical\" href=\"https:\/\/mpk-ludwig.de\/en\/imprint\/\" \/>\n<meta property=\"og:locale\" content=\"en_US\" \/>\n<meta property=\"og:type\" content=\"article\" \/>\n<meta property=\"og:title\" content=\"Imprint | Legal Information and Company Details\" \/>\n<meta property=\"og:description\" content=\"Access our imprint for all legal information and company details. Learn more about our business, regulatory compliance and how to contact us.\" \/>\n<meta property=\"og:url\" content=\"https:\/\/mpk-ludwig.de\/en\/imprint\/\" \/>\n<meta property=\"og:site_name\" content=\"mpk-LUDWIG UG\" \/>\n<meta property=\"article:modified_time\" content=\"2025-06-05T08:42:27+00:00\" \/>\n<meta property=\"og:image\" content=\"https:\/\/mpk-ludwig.de\/wp-content\/uploads\/2020\/04\/mpk-fav.png\" \/>\n\t<meta property=\"og:image:width\" content=\"600\" \/>\n\t<meta property=\"og:image:height\" content=\"600\" \/>\n\t<meta property=\"og:image:type\" content=\"image\/png\" \/>\n<meta name=\"twitter:card\" content=\"summary_large_image\" \/>\n<script type=\"application\/ld+json\" class=\"yoast-schema-graph\">{\"@context\":\"https:\\\/\\\/schema.org\",\"@graph\":[{\"@type\":\"WebPage\",\"@id\":\"https:\\\/\\\/mpk-ludwig.de\\\/en\\\/imprint\\\/\",\"url\":\"https:\\\/\\\/mpk-ludwig.de\\\/en\\\/imprint\\\/\",\"name\":\"Imprint | Legal Information and Company Details\",\"isPartOf\":{\"@id\":\"https:\\\/\\\/mpk-ludwig.de\\\/en\\\/#website\"},\"datePublished\":\"2019-04-12T12:14:15+00:00\",\"dateModified\":\"2025-06-05T08:42:27+00:00\",\"description\":\"Access our imprint for all legal information and company details. Learn more about our business, regulatory compliance and how to contact us.\",\"breadcrumb\":{\"@id\":\"https:\\\/\\\/mpk-ludwig.de\\\/en\\\/imprint\\\/#breadcrumb\"},\"inLanguage\":\"en-US\",\"potentialAction\":[{\"@type\":\"ReadAction\",\"target\":[\"https:\\\/\\\/mpk-ludwig.de\\\/en\\\/imprint\\\/\"]}]},{\"@type\":\"BreadcrumbList\",\"@id\":\"https:\\\/\\\/mpk-ludwig.de\\\/en\\\/imprint\\\/#breadcrumb\",\"itemListElement\":[{\"@type\":\"ListItem\",\"position\":1,\"name\":\"Startseite\",\"item\":\"https:\\\/\\\/mpk-ludwig.de\\\/en\\\/\"},{\"@type\":\"ListItem\",\"position\":2,\"name\":\"Imprint\"}]},{\"@type\":\"WebSite\",\"@id\":\"https:\\\/\\\/mpk-ludwig.de\\\/en\\\/#website\",\"url\":\"https:\\\/\\\/mpk-ludwig.de\\\/en\\\/\",\"name\":\"mpk-LUDWIG UG\",\"description\":\"Zugpr\u00fcfmaschinen und Schraubenpr\u00fcfst\u00e4nde vom Profi\",\"publisher\":{\"@id\":\"https:\\\/\\\/mpk-ludwig.de\\\/en\\\/#organization\"},\"alternateName\":\"mpk Zugpr\u00fcfmaschinen\",\"potentialAction\":[{\"@type\":\"SearchAction\",\"target\":{\"@type\":\"EntryPoint\",\"urlTemplate\":\"https:\\\/\\\/mpk-ludwig.de\\\/en\\\/?s={search_term_string}\"},\"query-input\":{\"@type\":\"PropertyValueSpecification\",\"valueRequired\":true,\"valueName\":\"search_term_string\"}}],\"inLanguage\":\"en-US\"},{\"@type\":\"Organization\",\"@id\":\"https:\\\/\\\/mpk-ludwig.de\\\/en\\\/#organization\",\"name\":\"mpk LUDWIG UG\",\"url\":\"https:\\\/\\\/mpk-ludwig.de\\\/en\\\/\",\"logo\":{\"@type\":\"ImageObject\",\"inLanguage\":\"en-US\",\"@id\":\"https:\\\/\\\/mpk-ludwig.de\\\/en\\\/#\\\/schema\\\/logo\\\/image\\\/\",\"url\":\"https:\\\/\\\/mpk-ludwig.de\\\/wp-content\\\/uploads\\\/2019\\\/11\\\/mpk-LUDWIG-logo.png\",\"contentUrl\":\"https:\\\/\\\/mpk-ludwig.de\\\/wp-content\\\/uploads\\\/2019\\\/11\\\/mpk-LUDWIG-logo.png\",\"width\":600,\"height\":375,\"caption\":\"mpk LUDWIG UG\"},\"image\":{\"@id\":\"https:\\\/\\\/mpk-ludwig.de\\\/en\\\/#\\\/schema\\\/logo\\\/image\\\/\"},\"sameAs\":[\"https:\\\/\\\/www.youtube.com\\\/user\\\/Kraftaufnehmer\\\/\"]}]}<\/script>\n<!-- \/ Yoast SEO plugin. -->","yoast_head_json":{"title":"Imprint | Legal Information and Company Details","description":"Access our imprint for all legal information and company details. Learn more about our business, regulatory compliance and how to contact us.","robots":{"index":"index","follow":"follow","max-snippet":"max-snippet:-1","max-image-preview":"max-image-preview:large","max-video-preview":"max-video-preview:-1"},"canonical":"https:\/\/mpk-ludwig.de\/en\/imprint\/","og_locale":"en_US","og_type":"article","og_title":"Imprint | Legal Information and Company Details","og_description":"Access our imprint for all legal information and company details. Learn more about our business, regulatory compliance and how to contact us.","og_url":"https:\/\/mpk-ludwig.de\/en\/imprint\/","og_site_name":"mpk-LUDWIG UG","article_modified_time":"2025-06-05T08:42:27+00:00","og_image":[{"width":600,"height":600,"url":"https:\/\/mpk-ludwig.de\/wp-content\/uploads\/2020\/04\/mpk-fav.png","type":"image\/png"}],"twitter_card":"summary_large_image","schema":{"@context":"https:\/\/schema.org","@graph":[{"@type":"WebPage","@id":"https:\/\/mpk-ludwig.de\/en\/imprint\/","url":"https:\/\/mpk-ludwig.de\/en\/imprint\/","name":"Imprint | Legal Information and Company Details","isPartOf":{"@id":"https:\/\/mpk-ludwig.de\/en\/#website"},"datePublished":"2019-04-12T12:14:15+00:00","dateModified":"2025-06-05T08:42:27+00:00","description":"Access our imprint for all legal information and company details. Learn more about our business, regulatory compliance and how to contact us.","breadcrumb":{"@id":"https:\/\/mpk-ludwig.de\/en\/imprint\/#breadcrumb"},"inLanguage":"en-US","potentialAction":[{"@type":"ReadAction","target":["https:\/\/mpk-ludwig.de\/en\/imprint\/"]}]},{"@type":"BreadcrumbList","@id":"https:\/\/mpk-ludwig.de\/en\/imprint\/#breadcrumb","itemListElement":[{"@type":"ListItem","position":1,"name":"Startseite","item":"https:\/\/mpk-ludwig.de\/en\/"},{"@type":"ListItem","position":2,"name":"Imprint"}]},{"@type":"WebSite","@id":"https:\/\/mpk-ludwig.de\/en\/#website","url":"https:\/\/mpk-ludwig.de\/en\/","name":"mpk-LUDWIG UG","description":"Zugpr\u00fcfmaschinen und Schraubenpr\u00fcfst\u00e4nde vom Profi","publisher":{"@id":"https:\/\/mpk-ludwig.de\/en\/#organization"},"alternateName":"mpk Zugpr\u00fcfmaschinen","potentialAction":[{"@type":"SearchAction","target":{"@type":"EntryPoint","urlTemplate":"https:\/\/mpk-ludwig.de\/en\/?s={search_term_string}"},"query-input":{"@type":"PropertyValueSpecification","valueRequired":true,"valueName":"search_term_string"}}],"inLanguage":"en-US"},{"@type":"Organization","@id":"https:\/\/mpk-ludwig.de\/en\/#organization","name":"mpk LUDWIG UG","url":"https:\/\/mpk-ludwig.de\/en\/","logo":{"@type":"ImageObject","inLanguage":"en-US","@id":"https:\/\/mpk-ludwig.de\/en\/#\/schema\/logo\/image\/","url":"https:\/\/mpk-ludwig.de\/wp-content\/uploads\/2019\/11\/mpk-LUDWIG-logo.png","contentUrl":"https:\/\/mpk-ludwig.de\/wp-content\/uploads\/2019\/11\/mpk-LUDWIG-logo.png","width":600,"height":375,"caption":"mpk LUDWIG UG"},"image":{"@id":"https:\/\/mpk-ludwig.de\/en\/#\/schema\/logo\/image\/"},"sameAs":["https:\/\/www.youtube.com\/user\/Kraftaufnehmer\/"]}]}},"_links":{"self":[{"href":"https:\/\/mpk-ludwig.de\/en\/wp-json\/wp\/v2\/pages\/5866","targetHints":{"allow":["GET"]}}],"collection":[{"href":"https:\/\/mpk-ludwig.de\/en\/wp-json\/wp\/v2\/pages"}],"about":[{"href":"https:\/\/mpk-ludwig.de\/en\/wp-json\/wp\/v2\/types\/page"}],"author":[{"embeddable":true,"href":"https:\/\/mpk-ludwig.de\/en\/wp-json\/wp\/v2\/users\/3"}],"replies":[{"embeddable":true,"href":"https:\/\/mpk-ludwig.de\/en\/wp-json\/wp\/v2\/comments?post=5866"}],"version-history":[{"count":5,"href":"https:\/\/mpk-ludwig.de\/en\/wp-json\/wp\/v2\/pages\/5866\/revisions"}],"predecessor-version":[{"id":6583,"href":"https:\/\/mpk-ludwig.de\/en\/wp-json\/wp\/v2\/pages\/5866\/revisions\/6583"}],"wp:attachment":[{"href":"https:\/\/mpk-ludwig.de\/en\/wp-json\/wp\/v2\/media?parent=5866"}],"curies":[{"name":"wp","href":"https:\/\/api.w.org\/{rel}","templated":true}]}}