{"id":5873,"date":"2020-01-14T11:10:17","date_gmt":"2020-01-14T10:10:17","guid":{"rendered":"https:\/\/mpk-ludwig.de\/?page_id=5873"},"modified":"2024-04-02T17:01:03","modified_gmt":"2024-04-02T15:01:03","slug":"force-transducer","status":"publish","type":"page","link":"https:\/\/mpk-ludwig.de\/en\/force-gauge\/force-transducer\/","title":{"rendered":"Force transducer"},"content":{"rendered":"<div id=\"pl-5873\"  class=\"panel-layout\" ><div id=\"pg-5873-0\"  class=\"panel-grid panel-no-style\" ><div id=\"pgc-5873-0-0\"  class=\"panel-grid-cell\" ><div id=\"panel-5873-0-0-0\" class=\"so-panel widget widget_sow-editor panel-first-child panel-last-child\" data-index=\"0\" ><div\n\t\t\t\n\t\t\tclass=\"so-widget-sow-editor so-widget-sow-editor-base\"\n\t\t\t\n\t\t>\n<div class=\"siteorigin-widget-tinymce textwidget\">\n\t<p>The force transducers in the AEP series are highly precise and are characterized by their exceptional long-term stability. This is why they are used in a wide variety of applications and branches of industry. Their versatility and precision make them indispensable tools for measuring forces in various application areas.<\/p>\n<p>These force sensors can be used in conjunction with a digital indicator or as a force sensor in <a href=\"https:\/\/mpk-ludwig.de\/en\/testing-machine\/\">tensile testing machines<\/a>. Because they precisely measure both static and quasi-dynamic forces. Depending on the requirements of the measuring range, the sensors are made of high-quality stainless steel or aluminum to ensure accuracy and durability.<\/p>\n<p>In our extensive product range, you will find a variety of force introduction components for tensile and compressive forces. These can be flexibly adapted to your specific needs. We strive to offer our customers the best solutions in force measurement technology, whether for tensile testing machines or other applications where precise force measurements are required.<\/p>\n<p>Our standard load cells comply, in conjunction with our materials testing machines, with class 0.5 according to <a href=\"https:\/\/www.din.de\/en\/meta\/search\" target=\"_blank\" rel=\"noopener\">DIN EN ISO 7500-1<\/a> and ASTM E4, which corresponds to an accuracy of +\/-0.5% of the measured value. This ensures reliable and reproducible measurement results in a wide range of applications where tensile and compressive force measurements are essential.<\/p>\n<p>The areas of application for compression and tensile force measurements are extremely diverse and range from materials testing to quality control in manufacturing. Our aim is to provide our customers with high-quality force measurement solutions that help to improve product quality and ensure safety in various industries.<\/p>\n<p>Discover our force transducers, designed for unparalleled accuracy in measuring compression and tension forces across various industries and applications.<\/p>\n<\/div>\n<\/div><\/div><\/div><\/div><div id=\"pg-5873-1\"  class=\"panel-grid panel-no-style\" ><div id=\"pgc-5873-1-0\"  class=\"panel-grid-cell\" ><div id=\"panel-5873-1-0-0\" class=\"so-panel widget widget_web2_title_widget panel-first-child\" data-index=\"1\" ><div\n\t\t\t\n\t\t\tclass=\"so-widget-web2_title_widget so-widget-web2_title_widget-default-d75171398898-5873\"\n\t\t\t\n\t\t><h2 class=\"web2-title textalign--center web2-title--default\"><span>TS For tensile and compressive forces<\/span><\/h2><\/div><\/div><div id=\"panel-5873-1-0-1\" class=\"so-panel widget widget_sow-image panel-last-child\" data-index=\"2\" ><div\n\t\t\t\n\t\t\tclass=\"so-widget-sow-image so-widget-sow-image-default-113ccd71f3e6-5873\"\n\t\t\t\n\t\t>\n<div class=\"sow-image-container\">\n\t\t<img \n\tsrc=\"https:\/\/mpk-ludwig.de\/wp-content\/uploads\/2020\/01\/kraftaufnehmer_ts.jpg\" width=\"170\" height=\"110\" srcset=\"https:\/\/mpk-ludwig.de\/wp-content\/uploads\/2020\/01\/kraftaufnehmer_ts.jpg 170w, https:\/\/mpk-ludwig.de\/wp-content\/uploads\/2020\/01\/kraftaufnehmer_ts-80x52.jpg 80w\" sizes=\"(max-width: 170px) 100vw, 170px\" alt=\"Kraftaufnehmer TS\" \t\tclass=\"so-widget-image\"\/>\n\t<\/div>\n\n<\/div><\/div><\/div><div id=\"pgc-5873-1-1\"  class=\"panel-grid-cell\" ><div id=\"panel-5873-1-1-0\" class=\"so-panel widget widget_web2_title_widget panel-first-child\" data-index=\"3\" ><div\n\t\t\t\n\t\t\tclass=\"so-widget-web2_title_widget so-widget-web2_title_widget-default-d75171398898-5873\"\n\t\t\t\n\t\t><h2 class=\"web2-title textalign--center web2-title--default\"><span>TS For tensile and compressive forces<\/span><\/h2><\/div><\/div><div id=\"panel-5873-1-1-1\" class=\"so-panel widget widget_sow-image panel-last-child\" data-index=\"4\" ><div\n\t\t\t\n\t\t\tclass=\"so-widget-sow-image so-widget-sow-image-default-113ccd71f3e6-5873\"\n\t\t\t\n\t\t>\n<div class=\"sow-image-container\">\n\t\t<img \n\tsrc=\"https:\/\/mpk-ludwig.de\/wp-content\/uploads\/2020\/01\/kraftaufnehmer_tc4.jpg\" width=\"170\" height=\"110\" srcset=\"https:\/\/mpk-ludwig.de\/wp-content\/uploads\/2020\/01\/kraftaufnehmer_tc4.jpg 170w, https:\/\/mpk-ludwig.de\/wp-content\/uploads\/2020\/01\/kraftaufnehmer_tc4-80x52.jpg 80w\" sizes=\"(max-width: 170px) 100vw, 170px\" alt=\"Kraftaufnehmer TC4\" \t\tclass=\"so-widget-image\"\/>\n\t<\/div>\n\n<\/div><\/div><\/div><div id=\"pgc-5873-1-2\"  class=\"panel-grid-cell\" ><div id=\"panel-5873-1-2-0\" class=\"so-panel widget widget_web2_title_widget panel-first-child\" data-index=\"5\" ><div\n\t\t\t\n\t\t\tclass=\"so-widget-web2_title_widget so-widget-web2_title_widget-default-d75171398898-5873\"\n\t\t\t\n\t\t><h2 class=\"web2-title textalign--center web2-title--default\"><span>C2S For compressive forces<\/span><\/h2><\/div><\/div><div id=\"panel-5873-1-2-1\" class=\"so-panel widget widget_sow-image panel-last-child\" data-index=\"6\" ><div\n\t\t\t\n\t\t\tclass=\"so-widget-sow-image so-widget-sow-image-default-113ccd71f3e6-5873\"\n\t\t\t\n\t\t>\n<div class=\"sow-image-container\">\n\t\t<img \n\tsrc=\"https:\/\/mpk-ludwig.de\/wp-content\/uploads\/2020\/01\/kraftaufnehmer_cs2.jpg\" width=\"170\" height=\"110\" srcset=\"https:\/\/mpk-ludwig.de\/wp-content\/uploads\/2020\/01\/kraftaufnehmer_cs2.jpg 170w, https:\/\/mpk-ludwig.de\/wp-content\/uploads\/2020\/01\/kraftaufnehmer_cs2-80x52.jpg 80w\" sizes=\"(max-width: 170px) 100vw, 170px\" alt=\"Kraftaufnehmer CS2\" \t\tclass=\"so-widget-image\"\/>\n\t<\/div>\n\n<\/div><\/div><\/div><\/div><div id=\"pg-5873-2\"  class=\"panel-grid panel-no-style\" ><div id=\"pgc-5873-2-0\"  class=\"panel-grid-cell\" ><div id=\"panel-5873-2-0-0\" class=\"so-panel widget widget_sow-editor panel-first-child panel-last-child\" data-index=\"7\" ><div\n\t\t\t\n\t\t\tclass=\"so-widget-sow-editor so-widget-sow-editor-base\"\n\t\t\t\n\t\t>\n<div class=\"siteorigin-widget-tinymce textwidget\">\n\t<p>For more information, simply use our <a href=\"https:\/\/mpk-ludwig.de\/en\/contact\/\" target=\"_blank\" rel=\"noopener\">contact form<\/a> or call <a href=\"tel:004959039328101\">+49 59 03\/93 28 101<\/a>.<\/p>\n<\/div>\n<\/div><\/div><\/div><\/div><\/div>","protected":false},"excerpt":{"rendered":"<p>The force transducers in the AEP series are highly precise and are characterized by their exceptional long-term stability. This is why they are used in a wide variety of applications and branches of industry. Their versatility and precision make them indispensable tools for measuring forces in various application areas. These force sensors can be used [&hellip;]<\/p>\n","protected":false},"author":3,"featured_media":0,"parent":5940,"menu_order":30,"comment_status":"closed","ping_status":"closed","template":"","meta":{"footnotes":""},"class_list":["post-5873","page","type-page","status-publish","hentry"],"yoast_head":"<!-- This site is optimized with the Yoast SEO plugin v27.3 - https:\/\/yoast.com\/product\/yoast-seo-wordpress\/ -->\n<title>Force Transducer | High-Accuracy Force Sensing Solutions<\/title>\n<meta name=\"description\" content=\"Discover our force transducer, designed for unparalleled accuracy in measuring compression and tension forces.\" \/>\n<meta name=\"robots\" content=\"index, follow, max-snippet:-1, max-image-preview:large, max-video-preview:-1\" \/>\n<link rel=\"canonical\" href=\"https:\/\/mpk-ludwig.de\/en\/force-gauge\/force-transducer\/\" \/>\n<meta property=\"og:locale\" content=\"en_US\" \/>\n<meta property=\"og:type\" content=\"article\" \/>\n<meta property=\"og:title\" content=\"Force Transducer | High-Accuracy Force Sensing Solutions\" \/>\n<meta property=\"og:description\" content=\"Discover our force transducer, designed for unparalleled accuracy in measuring compression and tension forces.\" \/>\n<meta property=\"og:url\" content=\"https:\/\/mpk-ludwig.de\/en\/force-gauge\/force-transducer\/\" \/>\n<meta property=\"og:site_name\" content=\"mpk-LUDWIG UG\" \/>\n<meta property=\"article:modified_time\" content=\"2024-04-02T15:01:03+00:00\" \/>\n<meta property=\"og:image\" content=\"https:\/\/mpk-ludwig.de\/wp-content\/uploads\/2020\/04\/mpk-fav.png\" \/>\n\t<meta property=\"og:image:width\" content=\"600\" \/>\n\t<meta property=\"og:image:height\" content=\"600\" \/>\n\t<meta property=\"og:image:type\" content=\"image\/png\" \/>\n<meta name=\"twitter:card\" content=\"summary_large_image\" \/>\n<meta name=\"twitter:label1\" content=\"Est. reading time\" \/>\n\t<meta name=\"twitter:data1\" content=\"2 minutes\" \/>\n<script type=\"application\/ld+json\" class=\"yoast-schema-graph\">{\"@context\":\"https:\\\/\\\/schema.org\",\"@graph\":[{\"@type\":\"WebPage\",\"@id\":\"https:\\\/\\\/mpk-ludwig.de\\\/en\\\/force-gauge\\\/force-transducer\\\/\",\"url\":\"https:\\\/\\\/mpk-ludwig.de\\\/en\\\/force-gauge\\\/force-transducer\\\/\",\"name\":\"Force Transducer | High-Accuracy Force Sensing Solutions\",\"isPartOf\":{\"@id\":\"https:\\\/\\\/mpk-ludwig.de\\\/en\\\/#website\"},\"datePublished\":\"2020-01-14T10:10:17+00:00\",\"dateModified\":\"2024-04-02T15:01:03+00:00\",\"description\":\"Discover our force transducer, designed for unparalleled accuracy in measuring compression and tension forces.\",\"breadcrumb\":{\"@id\":\"https:\\\/\\\/mpk-ludwig.de\\\/en\\\/force-gauge\\\/force-transducer\\\/#breadcrumb\"},\"inLanguage\":\"en-US\",\"potentialAction\":[{\"@type\":\"ReadAction\",\"target\":[\"https:\\\/\\\/mpk-ludwig.de\\\/en\\\/force-gauge\\\/force-transducer\\\/\"]}]},{\"@type\":\"BreadcrumbList\",\"@id\":\"https:\\\/\\\/mpk-ludwig.de\\\/en\\\/force-gauge\\\/force-transducer\\\/#breadcrumb\",\"itemListElement\":[{\"@type\":\"ListItem\",\"position\":1,\"name\":\"Startseite\",\"item\":\"https:\\\/\\\/mpk-ludwig.de\\\/en\\\/\"},{\"@type\":\"ListItem\",\"position\":2,\"name\":\"Force gauge\",\"item\":\"https:\\\/\\\/mpk-ludwig.de\\\/en\\\/force-gauge\\\/\"},{\"@type\":\"ListItem\",\"position\":3,\"name\":\"Force transducer\"}]},{\"@type\":\"WebSite\",\"@id\":\"https:\\\/\\\/mpk-ludwig.de\\\/en\\\/#website\",\"url\":\"https:\\\/\\\/mpk-ludwig.de\\\/en\\\/\",\"name\":\"mpk-LUDWIG UG\",\"description\":\"Zugpr\u00fcfmaschinen und Schraubenpr\u00fcfst\u00e4nde vom Profi\",\"publisher\":{\"@id\":\"https:\\\/\\\/mpk-ludwig.de\\\/en\\\/#organization\"},\"alternateName\":\"mpk Zugpr\u00fcfmaschinen\",\"potentialAction\":[{\"@type\":\"SearchAction\",\"target\":{\"@type\":\"EntryPoint\",\"urlTemplate\":\"https:\\\/\\\/mpk-ludwig.de\\\/en\\\/?s={search_term_string}\"},\"query-input\":{\"@type\":\"PropertyValueSpecification\",\"valueRequired\":true,\"valueName\":\"search_term_string\"}}],\"inLanguage\":\"en-US\"},{\"@type\":\"Organization\",\"@id\":\"https:\\\/\\\/mpk-ludwig.de\\\/en\\\/#organization\",\"name\":\"mpk LUDWIG UG\",\"url\":\"https:\\\/\\\/mpk-ludwig.de\\\/en\\\/\",\"logo\":{\"@type\":\"ImageObject\",\"inLanguage\":\"en-US\",\"@id\":\"https:\\\/\\\/mpk-ludwig.de\\\/en\\\/#\\\/schema\\\/logo\\\/image\\\/\",\"url\":\"https:\\\/\\\/mpk-ludwig.de\\\/wp-content\\\/uploads\\\/2019\\\/11\\\/mpk-LUDWIG-logo.png\",\"contentUrl\":\"https:\\\/\\\/mpk-ludwig.de\\\/wp-content\\\/uploads\\\/2019\\\/11\\\/mpk-LUDWIG-logo.png\",\"width\":600,\"height\":375,\"caption\":\"mpk LUDWIG UG\"},\"image\":{\"@id\":\"https:\\\/\\\/mpk-ludwig.de\\\/en\\\/#\\\/schema\\\/logo\\\/image\\\/\"},\"sameAs\":[\"https:\\\/\\\/www.youtube.com\\\/user\\\/Kraftaufnehmer\\\/\"]}]}<\/script>\n<!-- \/ Yoast SEO plugin. -->","yoast_head_json":{"title":"Force Transducer | High-Accuracy Force Sensing Solutions","description":"Discover our force transducer, designed for unparalleled accuracy in measuring compression and tension forces.","robots":{"index":"index","follow":"follow","max-snippet":"max-snippet:-1","max-image-preview":"max-image-preview:large","max-video-preview":"max-video-preview:-1"},"canonical":"https:\/\/mpk-ludwig.de\/en\/force-gauge\/force-transducer\/","og_locale":"en_US","og_type":"article","og_title":"Force Transducer | High-Accuracy Force Sensing Solutions","og_description":"Discover our force transducer, designed for unparalleled accuracy in measuring compression and tension forces.","og_url":"https:\/\/mpk-ludwig.de\/en\/force-gauge\/force-transducer\/","og_site_name":"mpk-LUDWIG UG","article_modified_time":"2024-04-02T15:01:03+00:00","og_image":[{"width":600,"height":600,"url":"https:\/\/mpk-ludwig.de\/wp-content\/uploads\/2020\/04\/mpk-fav.png","type":"image\/png"}],"twitter_card":"summary_large_image","twitter_misc":{"Est. reading time":"2 minutes"},"schema":{"@context":"https:\/\/schema.org","@graph":[{"@type":"WebPage","@id":"https:\/\/mpk-ludwig.de\/en\/force-gauge\/force-transducer\/","url":"https:\/\/mpk-ludwig.de\/en\/force-gauge\/force-transducer\/","name":"Force Transducer | High-Accuracy Force Sensing Solutions","isPartOf":{"@id":"https:\/\/mpk-ludwig.de\/en\/#website"},"datePublished":"2020-01-14T10:10:17+00:00","dateModified":"2024-04-02T15:01:03+00:00","description":"Discover our force transducer, designed for unparalleled accuracy in measuring compression and tension forces.","breadcrumb":{"@id":"https:\/\/mpk-ludwig.de\/en\/force-gauge\/force-transducer\/#breadcrumb"},"inLanguage":"en-US","potentialAction":[{"@type":"ReadAction","target":["https:\/\/mpk-ludwig.de\/en\/force-gauge\/force-transducer\/"]}]},{"@type":"BreadcrumbList","@id":"https:\/\/mpk-ludwig.de\/en\/force-gauge\/force-transducer\/#breadcrumb","itemListElement":[{"@type":"ListItem","position":1,"name":"Startseite","item":"https:\/\/mpk-ludwig.de\/en\/"},{"@type":"ListItem","position":2,"name":"Force gauge","item":"https:\/\/mpk-ludwig.de\/en\/force-gauge\/"},{"@type":"ListItem","position":3,"name":"Force transducer"}]},{"@type":"WebSite","@id":"https:\/\/mpk-ludwig.de\/en\/#website","url":"https:\/\/mpk-ludwig.de\/en\/","name":"mpk-LUDWIG UG","description":"Zugpr\u00fcfmaschinen und Schraubenpr\u00fcfst\u00e4nde vom Profi","publisher":{"@id":"https:\/\/mpk-ludwig.de\/en\/#organization"},"alternateName":"mpk Zugpr\u00fcfmaschinen","potentialAction":[{"@type":"SearchAction","target":{"@type":"EntryPoint","urlTemplate":"https:\/\/mpk-ludwig.de\/en\/?s={search_term_string}"},"query-input":{"@type":"PropertyValueSpecification","valueRequired":true,"valueName":"search_term_string"}}],"inLanguage":"en-US"},{"@type":"Organization","@id":"https:\/\/mpk-ludwig.de\/en\/#organization","name":"mpk LUDWIG UG","url":"https:\/\/mpk-ludwig.de\/en\/","logo":{"@type":"ImageObject","inLanguage":"en-US","@id":"https:\/\/mpk-ludwig.de\/en\/#\/schema\/logo\/image\/","url":"https:\/\/mpk-ludwig.de\/wp-content\/uploads\/2019\/11\/mpk-LUDWIG-logo.png","contentUrl":"https:\/\/mpk-ludwig.de\/wp-content\/uploads\/2019\/11\/mpk-LUDWIG-logo.png","width":600,"height":375,"caption":"mpk LUDWIG UG"},"image":{"@id":"https:\/\/mpk-ludwig.de\/en\/#\/schema\/logo\/image\/"},"sameAs":["https:\/\/www.youtube.com\/user\/Kraftaufnehmer\/"]}]}},"_links":{"self":[{"href":"https:\/\/mpk-ludwig.de\/en\/wp-json\/wp\/v2\/pages\/5873","targetHints":{"allow":["GET"]}}],"collection":[{"href":"https:\/\/mpk-ludwig.de\/en\/wp-json\/wp\/v2\/pages"}],"about":[{"href":"https:\/\/mpk-ludwig.de\/en\/wp-json\/wp\/v2\/types\/page"}],"author":[{"embeddable":true,"href":"https:\/\/mpk-ludwig.de\/en\/wp-json\/wp\/v2\/users\/3"}],"replies":[{"embeddable":true,"href":"https:\/\/mpk-ludwig.de\/en\/wp-json\/wp\/v2\/comments?post=5873"}],"version-history":[{"count":5,"href":"https:\/\/mpk-ludwig.de\/en\/wp-json\/wp\/v2\/pages\/5873\/revisions"}],"predecessor-version":[{"id":6047,"href":"https:\/\/mpk-ludwig.de\/en\/wp-json\/wp\/v2\/pages\/5873\/revisions\/6047"}],"up":[{"embeddable":true,"href":"https:\/\/mpk-ludwig.de\/en\/wp-json\/wp\/v2\/pages\/5940"}],"wp:attachment":[{"href":"https:\/\/mpk-ludwig.de\/en\/wp-json\/wp\/v2\/media?parent=5873"}],"curies":[{"name":"wp","href":"https:\/\/api.w.org\/{rel}","templated":true}]}}