{"id":5876,"date":"2019-04-12T14:13:20","date_gmt":"2019-04-12T12:13:20","guid":{"rendered":"https:\/\/mpk-ludwig.de\/?page_id=5876"},"modified":"2025-12-01T11:37:14","modified_gmt":"2025-12-01T10:37:14","slug":"contact","status":"publish","type":"page","link":"https:\/\/mpk-ludwig.de\/en\/contact\/","title":{"rendered":"Contact"},"content":{"rendered":"<div id=\"pl-5876\"  class=\"panel-layout\" ><div id=\"pg-5876-0\"  class=\"panel-grid panel-no-style\" ><div id=\"pgc-5876-0-0\"  class=\"panel-grid-cell\" ><div id=\"panel-5876-0-0-0\" class=\"so-panel widget widget_sow-editor panel-first-child panel-last-child\" data-index=\"0\" ><div\n\t\t\t\n\t\t\tclass=\"so-widget-sow-editor so-widget-sow-editor-base\"\n\t\t\t\n\t\t>\n<div class=\"siteorigin-widget-tinymce textwidget\">\n\t<p><img loading=\"lazy\" decoding=\"async\" class=\"alignright wp-image-3660\" src=\"https:\/\/mpk-ludwig.de\/wp-content\/uploads\/2020\/03\/friedhelm-ludwig-geschaeftsfuehrer-mpk-ludwig-300x200.jpg\" alt=\"Friedhelm Ludwig am Schreibtisch\" width=\"400\" height=\"267\" srcset=\"https:\/\/mpk-ludwig.de\/wp-content\/uploads\/2020\/03\/friedhelm-ludwig-geschaeftsfuehrer-mpk-ludwig-300x200.jpg 300w, https:\/\/mpk-ludwig.de\/wp-content\/uploads\/2020\/03\/friedhelm-ludwig-geschaeftsfuehrer-mpk-ludwig-80x53.jpg 80w, https:\/\/mpk-ludwig.de\/wp-content\/uploads\/2020\/03\/friedhelm-ludwig-geschaeftsfuehrer-mpk-ludwig-250x167.jpg 250w, https:\/\/mpk-ludwig.de\/wp-content\/uploads\/2020\/03\/friedhelm-ludwig-geschaeftsfuehrer-mpk-ludwig-320x213.jpg 320w, https:\/\/mpk-ludwig.de\/wp-content\/uploads\/2020\/03\/friedhelm-ludwig-geschaeftsfuehrer-mpk-ludwig.jpg 600w, https:\/\/mpk-ludwig.de\/wp-content\/uploads\/2020\/03\/friedhelm-ludwig-geschaeftsfuehrer-mpk-ludwig-272x182.jpg 272w\" sizes=\"auto, (max-width: 400px) 100vw, 400px\" \/><\/p>\n<p>Your contact with us is extremely important, and we are always eager to address your concerns and questions promptly and professionally. Please do not hesitate to contact us, whether it be by email, telephone, or via the contact form below. Our dedicated team is at your disposal and looks forward to assisting you further.<\/p>\n<p><strong>mpk-LUDWIG UG<\/strong><br \/>\nRosenstra\u00dfe 5<br \/>\n48488 Emsbu\u0308ren<br \/>\nGermany<\/p>\n<p>Phone: <a href=\"tel:+4959039328101\">+49 59 03\/93 28 101<\/a><br \/>\n<a href=\"mailto:info@mpk-ludwig.de\">info@mpk-ludwig.de<\/a><\/p>\n<h2>What can we do for you?<\/h2>\n<div><span style=\"font-weight: 400;\">We will be happy to answer any questions you may have in order to find the right solution for your application. Take advantage of this offer to plan your project efficiently from day one and complete it successfully.<\/span><\/div>\n<div><span style=\"font-weight: 400;\">We appreciate your interest in our products and services and will be happy to answer any questions you may have or help you with specific requests. \u00a0<\/span><\/div>\n<div>Contact us directly and get expert advice now: Phone <a href=\"tel:+4959039328101\">0 59 03\/9 32 81 01<\/a><\/div>\n<div><\/div>\n<div>You can download our <a href=\"https:\/\/mpk-ludwig.de\/wp-content\/themes\/mpk-ludwig\/assets\/images\/friedhelm-ludwig.vcf\">digital business card<\/a> (<a href=\"https:\/\/en.wikipedia.org\/wiki\/VCard\">Vcard<\/a>) for your address book (e.g. Outlook) here.<\/div>\n<h3>Write us a message!<\/h3>\n\n<div class=\"wpcf7 no-js\" id=\"wpcf7-f6018-o1\" lang=\"en-US\" dir=\"ltr\" data-wpcf7-id=\"6018\">\n<div class=\"screen-reader-response\"><p role=\"status\" aria-live=\"polite\" aria-atomic=\"true\"><\/p> <ul><\/ul><\/div>\n<form action=\"\/en\/wp-json\/wp\/v2\/pages\/5876#wpcf7-f6018-o1\" method=\"post\" class=\"wpcf7-form init uk-form-horizontal\" aria-label=\"Contact form\" novalidate=\"novalidate\" data-status=\"init\">\n<fieldset class=\"hidden-fields-container\"><input type=\"hidden\" name=\"_wpcf7\" value=\"6018\" \/><input type=\"hidden\" name=\"_wpcf7_version\" value=\"6.1.5\" \/><input type=\"hidden\" name=\"_wpcf7_locale\" value=\"en_US\" \/><input type=\"hidden\" name=\"_wpcf7_unit_tag\" value=\"wpcf7-f6018-o1\" \/><input type=\"hidden\" name=\"_wpcf7_container_post\" value=\"0\" \/><input type=\"hidden\" name=\"_wpcf7_posted_data_hash\" value=\"\" \/>\n<\/fieldset>\n<fieldset class=\"uk-fieldset\">\n\t<div class=\"uk-margin\">\n\t\t<p><label class=\"uk-form-label\">Name*<\/label>\n\t\t<\/p>\n\t\t<div class=\"uk-form-controls\">\n\t\t\t<p><span class=\"wpcf7-form-control-wrap\" data-name=\"first-name\"><input size=\"40\" maxlength=\"400\" class=\"wpcf7-form-control wpcf7-text wpcf7-validates-as-required uk-input\" aria-required=\"true\" aria-invalid=\"false\" value=\"\" type=\"text\" name=\"first-name\" \/><\/span>\n\t\t\t<\/p>\n\t\t<\/div>\n\t<\/div>\n\t<div class=\"uk-margin\">\n\t\t<p><label class=\"uk-form-label\">Surname*<\/label>\n\t\t<\/p>\n\t\t<div class=\"uk-form-controls\">\n\t\t\t<p><span class=\"wpcf7-form-control-wrap\" data-name=\"last-name\"><input size=\"40\" maxlength=\"400\" class=\"wpcf7-form-control wpcf7-text wpcf7-validates-as-required uk-input\" aria-required=\"true\" aria-invalid=\"false\" value=\"\" type=\"text\" name=\"last-name\" \/><\/span>\n\t\t\t<\/p>\n\t\t<\/div>\n\t<\/div>\n\t<div class=\"uk-margin\">\n\t\t<p><label class=\"uk-form-label\">Company*<\/label>\n\t\t<\/p>\n\t\t<div class=\"uk-form-controls\">\n\t\t\t<p><span class=\"wpcf7-form-control-wrap\" data-name=\"company\"><input size=\"40\" maxlength=\"400\" class=\"wpcf7-form-control wpcf7-text wpcf7-validates-as-required uk-input\" aria-required=\"true\" aria-invalid=\"false\" value=\"\" type=\"text\" name=\"company\" \/><\/span>\n\t\t\t<\/p>\n\t\t<\/div>\n\t<\/div>\n\t<div class=\"uk-margin\">\n\t\t<p><label class=\"uk-form-label\">Telephone*<\/label>\n\t\t<\/p>\n\t\t<div class=\"uk-form-controls\">\n\t\t\t<p><span class=\"wpcf7-form-control-wrap\" data-name=\"phone\"><input size=\"40\" maxlength=\"400\" class=\"wpcf7-form-control wpcf7-text wpcf7-validates-as-required uk-input\" aria-required=\"true\" aria-invalid=\"false\" value=\"\" type=\"text\" name=\"phone\" \/><\/span>\n\t\t\t<\/p>\n\t\t<\/div>\n\t<\/div>\n\t<div class=\"uk-margin\">\n\t\t<p><label class=\"uk-form-label\">Email *<\/label>\n\t\t<\/p>\n\t\t<div class=\"uk-form-controls\">\n\t\t\t<p><span class=\"wpcf7-form-control-wrap\" data-name=\"email\"><input size=\"40\" maxlength=\"400\" class=\"wpcf7-form-control wpcf7-email wpcf7-validates-as-required wpcf7-text wpcf7-validates-as-email uk-input\" aria-required=\"true\" aria-invalid=\"false\" value=\"\" type=\"email\" name=\"email\" \/><\/span>\n\t\t\t<\/p>\n\t\t<\/div>\n\t<\/div>\n<\/fieldset>\n<fieldset class=\"uk-fieldset\">\n\t<div class=\"uk-margin\">\n\t\t<p><label class=\"uk-form-label\">Street, House number*<\/label>\n\t\t<\/p>\n\t\t<div class=\"uk-form-controls\">\n\t\t\t<p><span class=\"wpcf7-form-control-wrap\" data-name=\"street-and-no\"><input size=\"40\" maxlength=\"400\" class=\"wpcf7-form-control wpcf7-text wpcf7-validates-as-required uk-input\" aria-required=\"true\" aria-invalid=\"false\" value=\"\" type=\"text\" name=\"street-and-no\" \/><\/span>\n\t\t\t<\/p>\n\t\t<\/div>\n\t<\/div>\n\t<div class=\"uk-margin\">\n\t\t<p><label class=\"uk-form-label\">Postal code*<\/label>\n\t\t<\/p>\n\t\t<div class=\"uk-form-controls\">\n\t\t\t<p><span class=\"wpcf7-form-control-wrap\" data-name=\"PLZ\"><input class=\"wpcf7-form-control wpcf7-number wpcf7-validates-as-required wpcf7-validates-as-number uk-input\" aria-required=\"true\" aria-invalid=\"false\" value=\"\" type=\"number\" name=\"PLZ\" \/><\/span>\n\t\t\t<\/p>\n\t\t<\/div>\n\t<\/div>\n\t<div class=\"uk-margin\">\n\t\t<p><label class=\"uk-form-label\">City*<\/label>\n\t\t<\/p>\n\t\t<div class=\"uk-form-controls\">\n\t\t\t<p><span class=\"wpcf7-form-control-wrap\" data-name=\"postal-and-city\"><input size=\"40\" maxlength=\"400\" class=\"wpcf7-form-control wpcf7-text wpcf7-validates-as-required uk-input\" aria-required=\"true\" aria-invalid=\"false\" value=\"\" type=\"text\" name=\"postal-and-city\" \/><\/span>\n\t\t\t<\/p>\n\t\t<\/div>\n\t<\/div>\n\t<div class=\"uk-margin\">\n\t\t<p><label class=\"uk-form-label\">Country*<\/label>\n\t\t<\/p>\n\t\t<div class=\"uk-form-controls\">\n\t\t\t<p><span class=\"wpcf7-form-control-wrap\" data-name=\"country\"><input size=\"40\" maxlength=\"400\" class=\"wpcf7-form-control wpcf7-text wpcf7-validates-as-required uk-input\" aria-required=\"true\" aria-invalid=\"false\" value=\"\" type=\"text\" name=\"country\" \/><\/span>\n\t\t\t<\/p>\n\t\t<\/div>\n\t<\/div>\n<\/fieldset>\n<div class=\"uk-margin\">\n\t<p><label class=\"uk-form-label\">Subject*<\/label>\n\t<\/p>\n\t<div class=\"uk-form-controls\">\n\t\t<p><span class=\"wpcf7-form-control-wrap\" data-name=\"subject\"><input size=\"40\" maxlength=\"400\" class=\"wpcf7-form-control wpcf7-text wpcf7-validates-as-required uk-input\" aria-required=\"true\" aria-invalid=\"false\" value=\"\" type=\"text\" name=\"subject\" \/><\/span>\n\t\t<\/p>\n\t<\/div>\n<\/div>\n<div class=\"uk-margin\">\n\t<p><label class=\"uk-form-label\">Message*<\/label>\n\t<\/p>\n\t<div class=\"uk-form-controls\">\n\t\t<p><span class=\"wpcf7-form-control-wrap\" data-name=\"message\"><textarea cols=\"40\" rows=\"10\" maxlength=\"2000\" class=\"wpcf7-form-control wpcf7-textarea wpcf7-validates-as-required uk-textarea\" aria-required=\"true\" aria-invalid=\"false\" name=\"message\"><\/textarea><\/span>\n\t\t<\/p>\n\t<\/div>\n<\/div>\n<div class=\"uk-margin\">\n\t<p><label class=\"uk-form-label\"><\/label>\n\t<\/p>\n\t<div class=\"uk-form-controls\">\n\t\t<p><input class=\"wpcf7-form-control wpcf7-submit has-spinner uk-button uk-button-primary\" type=\"submit\" value=\"Send\" \/>\n\t\t<\/p>\n\t<\/div>\n<\/div>\n<p>* = Required fields\n<\/p>\n<p><div class=\"cf7-cf-turnstile\" style=\"margin-top: 0px; margin-bottom: -15px;\"> <div id=\"cf-turnstile-cf7-3922793832\" class=\"cf-turnstile\" data-callback=\"turnstileCF7Callback\" data-sitekey=\"0x4AAAAAAAGG-vJuG1wkdlJs\" data-theme=\"light\" data-language=\"auto\" data-size=\"\" data-retry=\"auto\" data-retry-interval=\"1000\" data-refresh-expired=\"auto\" data-refresh-timeout=\"auto\" data-action=\"contact-form-7\" data-callback=\"turnstileCF7Callback\" data-appearance=\"always\"><\/div> <style>.wpcf7-submit { pointer-events: none; opacity: 0.5; }<\/style> <script>document.addEventListener(\"DOMContentLoaded\", function() { setTimeout(function(){ var e=document.getElementById(\"cf-turnstile-cf7-3922793832\"); if(e&&!e.innerHTML.trim()){turnstile.render(e, {sitekey:\"0x4AAAAAAAGG-vJuG1wkdlJs\"});} }, 200); });<\/script> <br class=\"cf-turnstile-br cf-turnstile-br-cf7-3922793832\"> <style>#cf-turnstile-cf7-3922793832 { margin-left: -15px; }<\/style> <script>document.addEventListener(\"DOMContentLoaded\",function(){document.querySelectorAll('.wpcf7-form').forEach(function(e){e.addEventListener('submit',function(){if(document.getElementById('cf-turnstile-cf7-3922793832')){setTimeout(function(){turnstile.reset('#cf-turnstile-cf7-3922793832');},1000)}})})});<\/script> <\/div>\n<\/p><div class=\"wpcf7-response-output\" aria-hidden=\"true\"><\/div>\n<\/form>\n<\/div>\n\n<\/div>\n<\/div><\/div><\/div><\/div><\/div>","protected":false},"excerpt":{"rendered":"<p>Your contact with us is extremely important, and we are always eager to address your concerns and questions promptly and professionally. Please do not hesitate to contact us, whether it be by email, telephone, or via the contact form below. Our dedicated team is at your disposal and looks forward to assisting you further. mpk-LUDWIG [&hellip;]<\/p>\n","protected":false},"author":3,"featured_media":0,"parent":0,"menu_order":70,"comment_status":"closed","ping_status":"closed","template":"","meta":{"footnotes":""},"class_list":["post-5876","page","type-page","status-publish","hentry"],"yoast_head":"<!-- This site is optimized with the Yoast SEO plugin v27.3 - https:\/\/yoast.com\/product\/yoast-seo-wordpress\/ -->\n<title>Contact Us | Get In Touch with Our Expert Team Today<\/title>\n<meta name=\"description\" content=\"Reach out to our team for inquiries, support, or feedback. Contact us today to learn more about our services and how we can assist you.\" \/>\n<meta name=\"robots\" content=\"index, follow, max-snippet:-1, max-image-preview:large, max-video-preview:-1\" \/>\n<link rel=\"canonical\" href=\"https:\/\/mpk-ludwig.de\/en\/contact\/\" \/>\n<meta property=\"og:locale\" content=\"en_US\" \/>\n<meta property=\"og:type\" content=\"article\" \/>\n<meta property=\"og:title\" content=\"Contact Us | Get In Touch with Our Expert Team Today\" \/>\n<meta property=\"og:description\" content=\"Reach out to our team for inquiries, support, or feedback. Contact us today to learn more about our services and how we can assist you.\" \/>\n<meta property=\"og:url\" content=\"https:\/\/mpk-ludwig.de\/en\/contact\/\" \/>\n<meta property=\"og:site_name\" content=\"mpk-LUDWIG UG\" \/>\n<meta property=\"article:modified_time\" content=\"2025-12-01T10:37:14+00:00\" \/>\n<meta property=\"og:image\" content=\"https:\/\/mpk-ludwig.de\/wp-content\/uploads\/2020\/03\/friedhelm-ludwig-geschaeftsfuehrer-mpk-ludwig.jpg\" \/>\n\t<meta property=\"og:image:width\" content=\"600\" \/>\n\t<meta property=\"og:image:height\" content=\"400\" \/>\n\t<meta property=\"og:image:type\" content=\"image\/jpeg\" \/>\n<meta name=\"twitter:card\" content=\"summary_large_image\" \/>\n<meta name=\"twitter:label1\" content=\"Est. reading time\" \/>\n\t<meta name=\"twitter:data1\" content=\"1 minute\" \/>\n<script type=\"application\/ld+json\" class=\"yoast-schema-graph\">{\"@context\":\"https:\\\/\\\/schema.org\",\"@graph\":[{\"@type\":\"WebPage\",\"@id\":\"https:\\\/\\\/mpk-ludwig.de\\\/en\\\/contact\\\/\",\"url\":\"https:\\\/\\\/mpk-ludwig.de\\\/en\\\/contact\\\/\",\"name\":\"Contact Us | Get In Touch with Our Expert Team Today\",\"isPartOf\":{\"@id\":\"https:\\\/\\\/mpk-ludwig.de\\\/en\\\/#website\"},\"primaryImageOfPage\":{\"@id\":\"https:\\\/\\\/mpk-ludwig.de\\\/en\\\/contact\\\/#primaryimage\"},\"image\":{\"@id\":\"https:\\\/\\\/mpk-ludwig.de\\\/en\\\/contact\\\/#primaryimage\"},\"thumbnailUrl\":\"https:\\\/\\\/mpk-ludwig.de\\\/wp-content\\\/uploads\\\/2020\\\/03\\\/friedhelm-ludwig-geschaeftsfuehrer-mpk-ludwig-300x200.jpg\",\"datePublished\":\"2019-04-12T12:13:20+00:00\",\"dateModified\":\"2025-12-01T10:37:14+00:00\",\"description\":\"Reach out to our team for inquiries, support, or feedback. Contact us today to learn more about our services and how we can assist you.\",\"breadcrumb\":{\"@id\":\"https:\\\/\\\/mpk-ludwig.de\\\/en\\\/contact\\\/#breadcrumb\"},\"inLanguage\":\"en-US\",\"potentialAction\":[{\"@type\":\"ReadAction\",\"target\":[\"https:\\\/\\\/mpk-ludwig.de\\\/en\\\/contact\\\/\"]}]},{\"@type\":\"ImageObject\",\"inLanguage\":\"en-US\",\"@id\":\"https:\\\/\\\/mpk-ludwig.de\\\/en\\\/contact\\\/#primaryimage\",\"url\":\"https:\\\/\\\/mpk-ludwig.de\\\/wp-content\\\/uploads\\\/2020\\\/03\\\/friedhelm-ludwig-geschaeftsfuehrer-mpk-ludwig-300x200.jpg\",\"contentUrl\":\"https:\\\/\\\/mpk-ludwig.de\\\/wp-content\\\/uploads\\\/2020\\\/03\\\/friedhelm-ludwig-geschaeftsfuehrer-mpk-ludwig-300x200.jpg\"},{\"@type\":\"BreadcrumbList\",\"@id\":\"https:\\\/\\\/mpk-ludwig.de\\\/en\\\/contact\\\/#breadcrumb\",\"itemListElement\":[{\"@type\":\"ListItem\",\"position\":1,\"name\":\"Startseite\",\"item\":\"https:\\\/\\\/mpk-ludwig.de\\\/en\\\/\"},{\"@type\":\"ListItem\",\"position\":2,\"name\":\"Contact\"}]},{\"@type\":\"WebSite\",\"@id\":\"https:\\\/\\\/mpk-ludwig.de\\\/en\\\/#website\",\"url\":\"https:\\\/\\\/mpk-ludwig.de\\\/en\\\/\",\"name\":\"mpk-LUDWIG UG\",\"description\":\"Zugpr\u00fcfmaschinen und Schraubenpr\u00fcfst\u00e4nde vom Profi\",\"publisher\":{\"@id\":\"https:\\\/\\\/mpk-ludwig.de\\\/en\\\/#organization\"},\"alternateName\":\"mpk Zugpr\u00fcfmaschinen\",\"potentialAction\":[{\"@type\":\"SearchAction\",\"target\":{\"@type\":\"EntryPoint\",\"urlTemplate\":\"https:\\\/\\\/mpk-ludwig.de\\\/en\\\/?s={search_term_string}\"},\"query-input\":{\"@type\":\"PropertyValueSpecification\",\"valueRequired\":true,\"valueName\":\"search_term_string\"}}],\"inLanguage\":\"en-US\"},{\"@type\":\"Organization\",\"@id\":\"https:\\\/\\\/mpk-ludwig.de\\\/en\\\/#organization\",\"name\":\"mpk LUDWIG UG\",\"url\":\"https:\\\/\\\/mpk-ludwig.de\\\/en\\\/\",\"logo\":{\"@type\":\"ImageObject\",\"inLanguage\":\"en-US\",\"@id\":\"https:\\\/\\\/mpk-ludwig.de\\\/en\\\/#\\\/schema\\\/logo\\\/image\\\/\",\"url\":\"https:\\\/\\\/mpk-ludwig.de\\\/wp-content\\\/uploads\\\/2019\\\/11\\\/mpk-LUDWIG-logo.png\",\"contentUrl\":\"https:\\\/\\\/mpk-ludwig.de\\\/wp-content\\\/uploads\\\/2019\\\/11\\\/mpk-LUDWIG-logo.png\",\"width\":600,\"height\":375,\"caption\":\"mpk LUDWIG UG\"},\"image\":{\"@id\":\"https:\\\/\\\/mpk-ludwig.de\\\/en\\\/#\\\/schema\\\/logo\\\/image\\\/\"},\"sameAs\":[\"https:\\\/\\\/www.youtube.com\\\/user\\\/Kraftaufnehmer\\\/\"]}]}<\/script>\n<!-- \/ Yoast SEO plugin. -->","yoast_head_json":{"title":"Contact Us | Get In Touch with Our Expert Team Today","description":"Reach out to our team for inquiries, support, or feedback. Contact us today to learn more about our services and how we can assist you.","robots":{"index":"index","follow":"follow","max-snippet":"max-snippet:-1","max-image-preview":"max-image-preview:large","max-video-preview":"max-video-preview:-1"},"canonical":"https:\/\/mpk-ludwig.de\/en\/contact\/","og_locale":"en_US","og_type":"article","og_title":"Contact Us | Get In Touch with Our Expert Team Today","og_description":"Reach out to our team for inquiries, support, or feedback. Contact us today to learn more about our services and how we can assist you.","og_url":"https:\/\/mpk-ludwig.de\/en\/contact\/","og_site_name":"mpk-LUDWIG UG","article_modified_time":"2025-12-01T10:37:14+00:00","og_image":[{"width":600,"height":400,"url":"https:\/\/mpk-ludwig.de\/wp-content\/uploads\/2020\/03\/friedhelm-ludwig-geschaeftsfuehrer-mpk-ludwig.jpg","type":"image\/jpeg"}],"twitter_card":"summary_large_image","twitter_misc":{"Est. reading time":"1 minute"},"schema":{"@context":"https:\/\/schema.org","@graph":[{"@type":"WebPage","@id":"https:\/\/mpk-ludwig.de\/en\/contact\/","url":"https:\/\/mpk-ludwig.de\/en\/contact\/","name":"Contact Us | Get In Touch with Our Expert Team Today","isPartOf":{"@id":"https:\/\/mpk-ludwig.de\/en\/#website"},"primaryImageOfPage":{"@id":"https:\/\/mpk-ludwig.de\/en\/contact\/#primaryimage"},"image":{"@id":"https:\/\/mpk-ludwig.de\/en\/contact\/#primaryimage"},"thumbnailUrl":"https:\/\/mpk-ludwig.de\/wp-content\/uploads\/2020\/03\/friedhelm-ludwig-geschaeftsfuehrer-mpk-ludwig-300x200.jpg","datePublished":"2019-04-12T12:13:20+00:00","dateModified":"2025-12-01T10:37:14+00:00","description":"Reach out to our team for inquiries, support, or feedback. Contact us today to learn more about our services and how we can assist you.","breadcrumb":{"@id":"https:\/\/mpk-ludwig.de\/en\/contact\/#breadcrumb"},"inLanguage":"en-US","potentialAction":[{"@type":"ReadAction","target":["https:\/\/mpk-ludwig.de\/en\/contact\/"]}]},{"@type":"ImageObject","inLanguage":"en-US","@id":"https:\/\/mpk-ludwig.de\/en\/contact\/#primaryimage","url":"https:\/\/mpk-ludwig.de\/wp-content\/uploads\/2020\/03\/friedhelm-ludwig-geschaeftsfuehrer-mpk-ludwig-300x200.jpg","contentUrl":"https:\/\/mpk-ludwig.de\/wp-content\/uploads\/2020\/03\/friedhelm-ludwig-geschaeftsfuehrer-mpk-ludwig-300x200.jpg"},{"@type":"BreadcrumbList","@id":"https:\/\/mpk-ludwig.de\/en\/contact\/#breadcrumb","itemListElement":[{"@type":"ListItem","position":1,"name":"Startseite","item":"https:\/\/mpk-ludwig.de\/en\/"},{"@type":"ListItem","position":2,"name":"Contact"}]},{"@type":"WebSite","@id":"https:\/\/mpk-ludwig.de\/en\/#website","url":"https:\/\/mpk-ludwig.de\/en\/","name":"mpk-LUDWIG UG","description":"Zugpr\u00fcfmaschinen und Schraubenpr\u00fcfst\u00e4nde vom Profi","publisher":{"@id":"https:\/\/mpk-ludwig.de\/en\/#organization"},"alternateName":"mpk Zugpr\u00fcfmaschinen","potentialAction":[{"@type":"SearchAction","target":{"@type":"EntryPoint","urlTemplate":"https:\/\/mpk-ludwig.de\/en\/?s={search_term_string}"},"query-input":{"@type":"PropertyValueSpecification","valueRequired":true,"valueName":"search_term_string"}}],"inLanguage":"en-US"},{"@type":"Organization","@id":"https:\/\/mpk-ludwig.de\/en\/#organization","name":"mpk LUDWIG UG","url":"https:\/\/mpk-ludwig.de\/en\/","logo":{"@type":"ImageObject","inLanguage":"en-US","@id":"https:\/\/mpk-ludwig.de\/en\/#\/schema\/logo\/image\/","url":"https:\/\/mpk-ludwig.de\/wp-content\/uploads\/2019\/11\/mpk-LUDWIG-logo.png","contentUrl":"https:\/\/mpk-ludwig.de\/wp-content\/uploads\/2019\/11\/mpk-LUDWIG-logo.png","width":600,"height":375,"caption":"mpk LUDWIG UG"},"image":{"@id":"https:\/\/mpk-ludwig.de\/en\/#\/schema\/logo\/image\/"},"sameAs":["https:\/\/www.youtube.com\/user\/Kraftaufnehmer\/"]}]}},"_links":{"self":[{"href":"https:\/\/mpk-ludwig.de\/en\/wp-json\/wp\/v2\/pages\/5876","targetHints":{"allow":["GET"]}}],"collection":[{"href":"https:\/\/mpk-ludwig.de\/en\/wp-json\/wp\/v2\/pages"}],"about":[{"href":"https:\/\/mpk-ludwig.de\/en\/wp-json\/wp\/v2\/types\/page"}],"author":[{"embeddable":true,"href":"https:\/\/mpk-ludwig.de\/en\/wp-json\/wp\/v2\/users\/3"}],"replies":[{"embeddable":true,"href":"https:\/\/mpk-ludwig.de\/en\/wp-json\/wp\/v2\/comments?post=5876"}],"version-history":[{"count":5,"href":"https:\/\/mpk-ludwig.de\/en\/wp-json\/wp\/v2\/pages\/5876\/revisions"}],"predecessor-version":[{"id":6609,"href":"https:\/\/mpk-ludwig.de\/en\/wp-json\/wp\/v2\/pages\/5876\/revisions\/6609"}],"wp:attachment":[{"href":"https:\/\/mpk-ludwig.de\/en\/wp-json\/wp\/v2\/media?parent=5876"}],"curies":[{"name":"wp","href":"https:\/\/api.w.org\/{rel}","templated":true}]}}