{"id":5924,"date":"2019-04-12T14:07:36","date_gmt":"2019-04-12T12:07:36","guid":{"rendered":"https:\/\/mpk-ludwig.de\/?page_id=5924"},"modified":"2024-04-02T15:43:41","modified_gmt":"2024-04-02T13:43:41","slug":"thermo-chambers","status":"publish","type":"page","link":"https:\/\/mpk-ludwig.de\/en\/thermo-chambers\/","title":{"rendered":"Thermo chambers"},"content":{"rendered":"<div id=\"pl-5924\"  class=\"panel-layout\" ><div id=\"pg-5924-0\"  class=\"panel-grid panel-no-style\" ><div id=\"pgc-5924-0-0\"  class=\"panel-grid-cell\" ><div id=\"panel-5924-0-0-0\" class=\"so-panel widget widget_sow-editor panel-first-child panel-last-child\" data-index=\"0\" ><div\n\t\t\t\n\t\t\tclass=\"so-widget-sow-editor so-widget-sow-editor-base\"\n\t\t\t\n\t\t><h3 class=\"widget-title\">Test temperature resistance<\/h3>\n<div class=\"siteorigin-widget-tinymce textwidget\">\n\t<div class=\"siteorigin-widget-tinymce textwidget\">\n<p>Testing for temperature resistance is a crucial step in evaluating the <strong>performance of materials<\/strong>. You would want to know at what temperature a particular material becomes porous and unstable, when it begins to melt, and how it behaves under extreme cold conditions. All these questions can be answered through comprehensive material tests in special thermal chambers or temperature control chambers.<\/p>\n<p>In these sophisticated facilities, materials scientists and engineers are able to simulate a wide range of temperature conditions and analyse the reactions of materials to these extreme environments. The temperature chambers allow tests to be carried out at particularly high and low temperatures in order to obtain a comprehensive assessment of material properties. Depending on the model and technical equipment, these chambers can reach temperatures from <strong>freezing cold -80\u00b0C to scorching hot 280\u00b0C<\/strong>.<\/p>\n<p>The information gained from these tests is of invaluable worth to various industries, whether it be in aerospace, the automotive sector, electronics manufacturing, or other fields. They enable the evaluation of the reliability of components and products under extreme conditions and ensure that they meet the required standards.<\/p>\n<p>Our state-of-the-art temperature control chambers are equipped with <strong>precise control systems<\/strong> to ensure accurate and reproducible results. Our dedicated team of experts will support you in planning and conducting your temperature tests to ensure that you receive the relevant data you need.<\/p>\n<p>If you need further information about our thermal chamber and temperature control chamber services or require assistance in selecting the most suitable temperature tests for your specific needs, <a href=\"https:\/\/mpk-ludwig.de\/en\/contact-en\/\">we are at your disposal<\/a>. Rely on our expertise and our high-quality facilities to thoroughly test the temperature resistance of your materials.<\/p>\n<p>&nbsp;<\/p>\n<\/div>\n<\/div>\n<\/div><\/div><\/div><\/div><div id=\"pg-5924-1\"  class=\"panel-grid panel-no-style\" ><div id=\"pgc-5924-1-0\"  class=\"panel-grid-cell\" ><div id=\"panel-5924-1-0-0\" class=\"so-panel widget widget_sow-editor panel-first-child panel-last-child\" data-index=\"1\" ><div\n\t\t\t\n\t\t\tclass=\"so-widget-sow-editor so-widget-sow-editor-base\"\n\t\t\t\n\t\t><h3 class=\"widget-title\">TH2700 Temperature chamber<\/h3>\n<div class=\"siteorigin-widget-tinymce textwidget\">\n\t<div class=\"siteorigin-widget-tinymce textwidget\">\n<ul>\n<li><strong>Self-supporting double-shell housing<\/strong> made of stainless steel V2a<\/li>\n<li><strong>welded<\/strong>, outer sides cleanly <strong>ground<\/strong> and <strong>brushed<\/strong><\/li>\n<li><strong>Ring heating element<\/strong> 2.3 kW 220Volt<\/li>\n<li>Temperature range <strong>up to -80\u00b0C + 280\u00b0C<\/strong> (optional-180\u00b0C to 350\u00b0C)<\/li>\n<li>Heat distribution with central <strong>circulation fan, air circulation principle<\/strong><\/li>\n<li><strong>Front door with quadruple glazing<\/strong>, heated with 2 heating coils to allow the icing to evaporate (optional door lighting, interior lighting)<\/li>\n<li>Feed-throughs at the top and bottom with <strong>V2a bushes inside <a href=\"https:\/\/de.wikipedia.org\/wiki\/Polytetrafluorethylen\">Teflon<\/a> bushes outside 50 mm<\/strong> (with Teflon reduction sleeve - 2 half shells)<\/li>\n<\/ul>\n<\/div>\n<\/div>\n<\/div><\/div><\/div><div id=\"pgc-5924-1-1\"  class=\"panel-grid-cell\" ><div id=\"panel-5924-1-1-0\" class=\"so-panel widget widget_media_image panel-first-child panel-last-child\" data-index=\"2\" ><img loading=\"lazy\" decoding=\"async\" width=\"200\" height=\"300\" src=\"https:\/\/mpk-ludwig.de\/wp-content\/uploads\/2019\/04\/TK67-adment-mit-rechteckigem-Loch-2-200x300.jpg\" class=\"image wp-image-1979  attachment-medium size-medium\" alt=\"Thermokammer TK67 mit rechteckigem Loch\" style=\"max-width: 100%; height: auto;\" srcset=\"https:\/\/mpk-ludwig.de\/wp-content\/uploads\/2019\/04\/TK67-adment-mit-rechteckigem-Loch-2-200x300.jpg 200w, https:\/\/mpk-ludwig.de\/wp-content\/uploads\/2019\/04\/TK67-adment-mit-rechteckigem-Loch-2-768x1153.jpg 768w, https:\/\/mpk-ludwig.de\/wp-content\/uploads\/2019\/04\/TK67-adment-mit-rechteckigem-Loch-2-682x1024.jpg 682w, https:\/\/mpk-ludwig.de\/wp-content\/uploads\/2019\/04\/TK67-adment-mit-rechteckigem-Loch-2-53x80.jpg 53w, https:\/\/mpk-ludwig.de\/wp-content\/uploads\/2019\/04\/TK67-adment-mit-rechteckigem-Loch-2-167x250.jpg 167w, https:\/\/mpk-ludwig.de\/wp-content\/uploads\/2019\/04\/TK67-adment-mit-rechteckigem-Loch-2-213x320.jpg 213w, https:\/\/mpk-ludwig.de\/wp-content\/uploads\/2019\/04\/TK67-adment-mit-rechteckigem-Loch-2-426x640.jpg 426w, https:\/\/mpk-ludwig.de\/wp-content\/uploads\/2019\/04\/TK67-adment-mit-rechteckigem-Loch-2-640x960.jpg 640w\" sizes=\"auto, (max-width: 200px) 100vw, 200px\" \/><\/div><\/div><div id=\"pgc-5924-1-2\"  class=\"panel-grid-cell\" ><div id=\"panel-5924-1-2-0\" class=\"so-panel widget widget_media_image panel-first-child panel-last-child\" data-index=\"3\" ><img loading=\"lazy\" decoding=\"async\" width=\"199\" height=\"300\" src=\"https:\/\/mpk-ludwig.de\/wp-content\/uploads\/2019\/04\/TK67-at-mit-rechteckigem-Loch-199x300.jpg\" class=\"image wp-image-1980  attachment-medium size-medium\" alt=\"Thermokammer mit rechteckigem Loch\" style=\"max-width: 100%; height: auto;\" srcset=\"https:\/\/mpk-ludwig.de\/wp-content\/uploads\/2019\/04\/TK67-at-mit-rechteckigem-Loch-199x300.jpg 199w, https:\/\/mpk-ludwig.de\/wp-content\/uploads\/2019\/04\/TK67-at-mit-rechteckigem-Loch-768x1158.jpg 768w, https:\/\/mpk-ludwig.de\/wp-content\/uploads\/2019\/04\/TK67-at-mit-rechteckigem-Loch-679x1024.jpg 679w, https:\/\/mpk-ludwig.de\/wp-content\/uploads\/2019\/04\/TK67-at-mit-rechteckigem-Loch-53x80.jpg 53w, https:\/\/mpk-ludwig.de\/wp-content\/uploads\/2019\/04\/TK67-at-mit-rechteckigem-Loch-166x250.jpg 166w, https:\/\/mpk-ludwig.de\/wp-content\/uploads\/2019\/04\/TK67-at-mit-rechteckigem-Loch-212x320.jpg 212w, https:\/\/mpk-ludwig.de\/wp-content\/uploads\/2019\/04\/TK67-at-mit-rechteckigem-Loch-424x640.jpg 424w, https:\/\/mpk-ludwig.de\/wp-content\/uploads\/2019\/04\/TK67-at-mit-rechteckigem-Loch-636x960.jpg 636w\" sizes=\"auto, (max-width: 199px) 100vw, 199px\" \/><\/div><\/div><\/div><div id=\"pg-5924-2\"  class=\"panel-grid panel-no-style\" ><div id=\"pgc-5924-2-0\"  class=\"panel-grid-cell\" ><div id=\"panel-5924-2-0-0\" class=\"so-panel widget widget_web2_title_widget panel-first-child panel-last-child\" data-index=\"4\" ><div\n\t\t\t\n\t\t\tclass=\"so-widget-web2_title_widget so-widget-web2_title_widget-default-d75171398898-5924\"\n\t\t\t\n\t\t><h2 class=\"web2-title textalign--left web2-title--default\"><span>Further models<\/span><\/h2><\/div><\/div><\/div><\/div><div id=\"pg-5924-3\"  class=\"panel-grid panel-no-style\" ><div id=\"pgc-5924-3-0\"  class=\"panel-grid-cell\" ><div id=\"panel-5924-3-0-0\" class=\"so-panel widget widget_media_image panel-first-child\" data-index=\"5\" ><img loading=\"lazy\" decoding=\"async\" width=\"203\" height=\"181\" src=\"https:\/\/mpk-ludwig.de\/wp-content\/uploads\/2020\/03\/Thermokammer-11.jpg\" class=\"image wp-image-3410  attachment-full size-full\" alt=\"Miniaturaufnahme einer kleinen Thermokammer\" style=\"max-width: 100%; height: auto;\" srcset=\"https:\/\/mpk-ludwig.de\/wp-content\/uploads\/2020\/03\/Thermokammer-11.jpg 203w, https:\/\/mpk-ludwig.de\/wp-content\/uploads\/2020\/03\/Thermokammer-11-80x71.jpg 80w\" sizes=\"auto, (max-width: 203px) 100vw, 203px\" \/><\/div><div id=\"panel-5924-3-0-1\" class=\"so-panel widget widget_media_image panel-last-child\" data-index=\"6\" ><img loading=\"lazy\" decoding=\"async\" width=\"125\" height=\"144\" src=\"https:\/\/mpk-ludwig.de\/wp-content\/uploads\/2020\/01\/thermokammern_02.jpg\" class=\"image wp-image-2806  attachment-full size-full\" alt=\"Miniaturansicht einer Thermokammer mit ge\u00f6ffneter T\u00fcr auf Beinen\" style=\"max-width: 100%; height: auto;\" srcset=\"https:\/\/mpk-ludwig.de\/wp-content\/uploads\/2020\/01\/thermokammern_02.jpg 125w, https:\/\/mpk-ludwig.de\/wp-content\/uploads\/2020\/01\/thermokammern_02-69x80.jpg 69w\" sizes=\"auto, (max-width: 125px) 100vw, 125px\" \/><\/div><\/div><div id=\"pgc-5924-3-1\"  class=\"panel-grid-cell\" ><div id=\"panel-5924-3-1-0\" class=\"so-panel widget widget_media_image panel-first-child\" data-index=\"7\" ><img loading=\"lazy\" decoding=\"async\" width=\"125\" height=\"153\" src=\"https:\/\/mpk-ludwig.de\/wp-content\/uploads\/2020\/01\/thermokammern_03.jpg\" class=\"image wp-image-2807  attachment-full size-full\" alt=\"Miniaturansicht einer hohen Temperaturkammer mit ge\u00f6ffneter T\u00fcr\" style=\"max-width: 100%; height: auto;\" srcset=\"https:\/\/mpk-ludwig.de\/wp-content\/uploads\/2020\/01\/thermokammern_03.jpg 125w, https:\/\/mpk-ludwig.de\/wp-content\/uploads\/2020\/01\/thermokammern_03-65x80.jpg 65w\" sizes=\"auto, (max-width: 125px) 100vw, 125px\" \/><\/div><div id=\"panel-5924-3-1-1\" class=\"so-panel widget widget_media_image panel-last-child\" data-index=\"8\" ><img loading=\"lazy\" decoding=\"async\" width=\"125\" height=\"126\" src=\"https:\/\/mpk-ludwig.de\/wp-content\/uploads\/2020\/01\/thermokammern_07.jpg\" class=\"image wp-image-2810  attachment-full size-full\" alt=\"Miniaturansicht einer Thermokammer\" style=\"max-width: 100%; height: auto;\" srcset=\"https:\/\/mpk-ludwig.de\/wp-content\/uploads\/2020\/01\/thermokammern_07.jpg 125w, https:\/\/mpk-ludwig.de\/wp-content\/uploads\/2020\/01\/thermokammern_07-80x80.jpg 80w\" sizes=\"auto, (max-width: 125px) 100vw, 125px\" \/><\/div><\/div><div id=\"pgc-5924-3-2\"  class=\"panel-grid-cell\" ><div id=\"panel-5924-3-2-0\" class=\"so-panel widget widget_media_image panel-first-child\" data-index=\"9\" ><img loading=\"lazy\" decoding=\"async\" width=\"92\" height=\"180\" src=\"https:\/\/mpk-ludwig.de\/wp-content\/uploads\/2020\/01\/thermokammern_04.jpg\" class=\"image wp-image-2808  attachment-full size-full\" alt=\"Miniaturansicht einer Temperaturkammer\" style=\"max-width: 100%; height: auto;\" srcset=\"https:\/\/mpk-ludwig.de\/wp-content\/uploads\/2020\/01\/thermokammern_04.jpg 92w, https:\/\/mpk-ludwig.de\/wp-content\/uploads\/2020\/01\/thermokammern_04-41x80.jpg 41w\" sizes=\"auto, (max-width: 92px) 100vw, 92px\" \/><\/div><div id=\"panel-5924-3-2-1\" class=\"so-panel widget widget_media_image panel-last-child\" data-index=\"10\" ><img loading=\"lazy\" decoding=\"async\" width=\"125\" height=\"118\" src=\"https:\/\/mpk-ludwig.de\/wp-content\/uploads\/2020\/01\/thermokammern_08.jpg\" class=\"image wp-image-2811  attachment-full size-full\" alt=\"Miniaturansicht einer Thermokammer mit ge\u00f6ffneter T\u00fcr\" style=\"max-width: 100%; height: auto;\" srcset=\"https:\/\/mpk-ludwig.de\/wp-content\/uploads\/2020\/01\/thermokammern_08.jpg 125w, https:\/\/mpk-ludwig.de\/wp-content\/uploads\/2020\/01\/thermokammern_08-80x76.jpg 80w\" sizes=\"auto, (max-width: 125px) 100vw, 125px\" \/><\/div><\/div><div id=\"pgc-5924-3-3\"  class=\"panel-grid-cell\" ><div id=\"panel-5924-3-3-0\" class=\"so-panel widget widget_media_image panel-first-child\" data-index=\"11\" ><img loading=\"lazy\" decoding=\"async\" width=\"125\" height=\"165\" src=\"https:\/\/mpk-ludwig.de\/wp-content\/uploads\/2020\/01\/thermokammern_06.jpg\" class=\"image wp-image-2809  attachment-full size-full\" alt=\"Miniaturansicht einer rechteckigen Temperaturkammer\" style=\"max-width: 100%; height: auto;\" srcset=\"https:\/\/mpk-ludwig.de\/wp-content\/uploads\/2020\/01\/thermokammern_06.jpg 125w, https:\/\/mpk-ludwig.de\/wp-content\/uploads\/2020\/01\/thermokammern_06-61x80.jpg 61w\" sizes=\"auto, (max-width: 125px) 100vw, 125px\" \/><\/div><div id=\"panel-5924-3-3-1\" class=\"so-panel widget widget_media_image panel-last-child\" data-index=\"12\" ><img loading=\"lazy\" decoding=\"async\" width=\"125\" height=\"118\" src=\"https:\/\/mpk-ludwig.de\/wp-content\/uploads\/2020\/01\/thermokammern_09.jpg\" class=\"image wp-image-2812  attachment-full size-full\" alt=\"Miniaturansicht der doppelt\u00fcrigen Thermokammer\" style=\"max-width: 100%; height: auto;\" srcset=\"https:\/\/mpk-ludwig.de\/wp-content\/uploads\/2020\/01\/thermokammern_09.jpg 125w, https:\/\/mpk-ludwig.de\/wp-content\/uploads\/2020\/01\/thermokammern_09-80x76.jpg 80w\" sizes=\"auto, (max-width: 125px) 100vw, 125px\" \/><\/div><\/div><\/div><div id=\"pg-5924-4\"  class=\"panel-grid panel-no-style\" ><div id=\"pgc-5924-4-0\"  class=\"panel-grid-cell\" ><div id=\"panel-5924-4-0-0\" class=\"so-panel widget widget_sow-editor panel-first-child panel-last-child\" data-index=\"13\" ><div\n\t\t\t\n\t\t\tclass=\"so-widget-sow-editor so-widget-sow-editor-base\"\n\t\t\t\n\t\t><h3 class=\"widget-title\">Other products besides thermo chambers<\/h3>\n<div class=\"siteorigin-widget-tinymce textwidget\">\n\t<div class=\"siteorigin-widget-tinymce textwidget\">\n<p>In addition to thermo chambers, <a href=\"https:\/\/mpk-ludwig.de\/en\/testing-machine\/\">tensile testing machines<\/a> are used to put materials through their paces. To test with a tensile tester and evaluate the results correctly, you should use various <a href=\"https:\/\/mpk-ludwig.de\/en\/tools\/grip\/\">clamping tools<\/a> and <a href=\"https:\/\/mpk-ludwig.de\/en\/extensometer\/\">extensometers<\/a>. Of course, we at mpk LUDWIG also offer this equipment. In order to put together the right equipment for your requirements, our team will be happy to provide you with <strong>information<\/strong> and <strong>advice<\/strong> on the various machines and our accessories at any time. <a href=\"https:\/\/mpk-ludwig.de\/en\/contact-en\/\">Contact us<\/a> and arrange an <strong>initial consultation<\/strong>!<\/p>\n<\/div>\n<\/div>\n<\/div><\/div><\/div><\/div><\/div>","protected":false},"excerpt":{"rendered":"<p>Testing for temperature resistance is a crucial step in evaluating the performance of materials. You would want to know at what temperature a particular material becomes porous and unstable, when it begins to melt, and how it behaves under extreme cold conditions. All these questions can be answered through comprehensive material tests in special thermal [&hellip;]<\/p>\n","protected":false},"author":3,"featured_media":0,"parent":0,"menu_order":0,"comment_status":"closed","ping_status":"closed","template":"","meta":{"footnotes":""},"class_list":["post-5924","page","type-page","status-publish","hentry"],"yoast_head":"<!-- This site is optimized with the Yoast SEO plugin v27.5 - https:\/\/yoast.com\/product\/yoast-seo-wordpress\/ -->\n<title>Thermo chambers<\/title>\n<meta name=\"description\" content=\"Explore top-tier thermo chambers for accurate material testing. Ideal for controlled temperature assessments and ensuring consistent.\" \/>\n<meta name=\"robots\" content=\"index, follow, max-snippet:-1, max-image-preview:large, max-video-preview:-1\" \/>\n<link rel=\"canonical\" href=\"https:\/\/mpk-ludwig.de\/en\/thermo-chambers\/\" \/>\n<meta property=\"og:locale\" content=\"en_US\" \/>\n<meta property=\"og:type\" content=\"article\" \/>\n<meta property=\"og:title\" content=\"Thermo chambers\" \/>\n<meta property=\"og:description\" content=\"Explore top-tier thermo chambers for accurate material testing. Ideal for controlled temperature assessments and ensuring consistent.\" \/>\n<meta property=\"og:url\" content=\"https:\/\/mpk-ludwig.de\/en\/thermo-chambers\/\" \/>\n<meta property=\"og:site_name\" content=\"mpk-LUDWIG UG\" \/>\n<meta property=\"article:modified_time\" content=\"2024-04-02T13:43:41+00:00\" \/>\n<meta property=\"og:image\" content=\"https:\/\/mpk-ludwig.de\/wp-content\/uploads\/2020\/04\/mpk-fav.png\" \/>\n\t<meta property=\"og:image:width\" content=\"600\" \/>\n\t<meta property=\"og:image:height\" content=\"600\" \/>\n\t<meta property=\"og:image:type\" content=\"image\/png\" \/>\n<meta name=\"twitter:card\" content=\"summary_large_image\" \/>\n<meta name=\"twitter:label1\" content=\"Est. reading time\" \/>\n\t<meta name=\"twitter:data1\" content=\"3 minutes\" \/>\n<script type=\"application\/ld+json\" class=\"yoast-schema-graph\">{\"@context\":\"https:\\\/\\\/schema.org\",\"@graph\":[{\"@type\":\"WebPage\",\"@id\":\"https:\\\/\\\/mpk-ludwig.de\\\/en\\\/thermo-chambers\\\/\",\"url\":\"https:\\\/\\\/mpk-ludwig.de\\\/en\\\/thermo-chambers\\\/\",\"name\":\"Thermo chambers\",\"isPartOf\":{\"@id\":\"https:\\\/\\\/mpk-ludwig.de\\\/en\\\/#website\"},\"datePublished\":\"2019-04-12T12:07:36+00:00\",\"dateModified\":\"2024-04-02T13:43:41+00:00\",\"description\":\"Explore top-tier thermo chambers for accurate material testing. Ideal for controlled temperature assessments and ensuring consistent.\",\"breadcrumb\":{\"@id\":\"https:\\\/\\\/mpk-ludwig.de\\\/en\\\/thermo-chambers\\\/#breadcrumb\"},\"inLanguage\":\"en-US\",\"potentialAction\":[{\"@type\":\"ReadAction\",\"target\":[\"https:\\\/\\\/mpk-ludwig.de\\\/en\\\/thermo-chambers\\\/\"]}]},{\"@type\":\"BreadcrumbList\",\"@id\":\"https:\\\/\\\/mpk-ludwig.de\\\/en\\\/thermo-chambers\\\/#breadcrumb\",\"itemListElement\":[{\"@type\":\"ListItem\",\"position\":1,\"name\":\"Startseite\",\"item\":\"https:\\\/\\\/mpk-ludwig.de\\\/en\\\/\"},{\"@type\":\"ListItem\",\"position\":2,\"name\":\"Thermo chambers\"}]},{\"@type\":\"WebSite\",\"@id\":\"https:\\\/\\\/mpk-ludwig.de\\\/en\\\/#website\",\"url\":\"https:\\\/\\\/mpk-ludwig.de\\\/en\\\/\",\"name\":\"mpk-LUDWIG UG\",\"description\":\"Zugpr\u00fcfmaschinen und Schraubenpr\u00fcfst\u00e4nde vom Profi\",\"publisher\":{\"@id\":\"https:\\\/\\\/mpk-ludwig.de\\\/en\\\/#organization\"},\"alternateName\":\"mpk Zugpr\u00fcfmaschinen\",\"potentialAction\":[{\"@type\":\"SearchAction\",\"target\":{\"@type\":\"EntryPoint\",\"urlTemplate\":\"https:\\\/\\\/mpk-ludwig.de\\\/en\\\/?s={search_term_string}\"},\"query-input\":{\"@type\":\"PropertyValueSpecification\",\"valueRequired\":true,\"valueName\":\"search_term_string\"}}],\"inLanguage\":\"en-US\"},{\"@type\":\"Organization\",\"@id\":\"https:\\\/\\\/mpk-ludwig.de\\\/en\\\/#organization\",\"name\":\"mpk LUDWIG UG\",\"url\":\"https:\\\/\\\/mpk-ludwig.de\\\/en\\\/\",\"logo\":{\"@type\":\"ImageObject\",\"inLanguage\":\"en-US\",\"@id\":\"https:\\\/\\\/mpk-ludwig.de\\\/en\\\/#\\\/schema\\\/logo\\\/image\\\/\",\"url\":\"https:\\\/\\\/mpk-ludwig.de\\\/wp-content\\\/uploads\\\/2019\\\/11\\\/mpk-LUDWIG-logo.png\",\"contentUrl\":\"https:\\\/\\\/mpk-ludwig.de\\\/wp-content\\\/uploads\\\/2019\\\/11\\\/mpk-LUDWIG-logo.png\",\"width\":600,\"height\":375,\"caption\":\"mpk LUDWIG UG\"},\"image\":{\"@id\":\"https:\\\/\\\/mpk-ludwig.de\\\/en\\\/#\\\/schema\\\/logo\\\/image\\\/\"},\"sameAs\":[\"https:\\\/\\\/www.youtube.com\\\/user\\\/Kraftaufnehmer\\\/\"]}]}<\/script>\n<!-- \/ Yoast SEO plugin. -->","yoast_head_json":{"title":"Thermo chambers","description":"Explore top-tier thermo chambers for accurate material testing. Ideal for controlled temperature assessments and ensuring consistent.","robots":{"index":"index","follow":"follow","max-snippet":"max-snippet:-1","max-image-preview":"max-image-preview:large","max-video-preview":"max-video-preview:-1"},"canonical":"https:\/\/mpk-ludwig.de\/en\/thermo-chambers\/","og_locale":"en_US","og_type":"article","og_title":"Thermo chambers","og_description":"Explore top-tier thermo chambers for accurate material testing. Ideal for controlled temperature assessments and ensuring consistent.","og_url":"https:\/\/mpk-ludwig.de\/en\/thermo-chambers\/","og_site_name":"mpk-LUDWIG UG","article_modified_time":"2024-04-02T13:43:41+00:00","og_image":[{"width":600,"height":600,"url":"https:\/\/mpk-ludwig.de\/wp-content\/uploads\/2020\/04\/mpk-fav.png","type":"image\/png"}],"twitter_card":"summary_large_image","twitter_misc":{"Est. reading time":"3 minutes"},"schema":{"@context":"https:\/\/schema.org","@graph":[{"@type":"WebPage","@id":"https:\/\/mpk-ludwig.de\/en\/thermo-chambers\/","url":"https:\/\/mpk-ludwig.de\/en\/thermo-chambers\/","name":"Thermo chambers","isPartOf":{"@id":"https:\/\/mpk-ludwig.de\/en\/#website"},"datePublished":"2019-04-12T12:07:36+00:00","dateModified":"2024-04-02T13:43:41+00:00","description":"Explore top-tier thermo chambers for accurate material testing. Ideal for controlled temperature assessments and ensuring consistent.","breadcrumb":{"@id":"https:\/\/mpk-ludwig.de\/en\/thermo-chambers\/#breadcrumb"},"inLanguage":"en-US","potentialAction":[{"@type":"ReadAction","target":["https:\/\/mpk-ludwig.de\/en\/thermo-chambers\/"]}]},{"@type":"BreadcrumbList","@id":"https:\/\/mpk-ludwig.de\/en\/thermo-chambers\/#breadcrumb","itemListElement":[{"@type":"ListItem","position":1,"name":"Startseite","item":"https:\/\/mpk-ludwig.de\/en\/"},{"@type":"ListItem","position":2,"name":"Thermo chambers"}]},{"@type":"WebSite","@id":"https:\/\/mpk-ludwig.de\/en\/#website","url":"https:\/\/mpk-ludwig.de\/en\/","name":"mpk-LUDWIG UG","description":"Zugpr\u00fcfmaschinen und Schraubenpr\u00fcfst\u00e4nde vom Profi","publisher":{"@id":"https:\/\/mpk-ludwig.de\/en\/#organization"},"alternateName":"mpk Zugpr\u00fcfmaschinen","potentialAction":[{"@type":"SearchAction","target":{"@type":"EntryPoint","urlTemplate":"https:\/\/mpk-ludwig.de\/en\/?s={search_term_string}"},"query-input":{"@type":"PropertyValueSpecification","valueRequired":true,"valueName":"search_term_string"}}],"inLanguage":"en-US"},{"@type":"Organization","@id":"https:\/\/mpk-ludwig.de\/en\/#organization","name":"mpk LUDWIG UG","url":"https:\/\/mpk-ludwig.de\/en\/","logo":{"@type":"ImageObject","inLanguage":"en-US","@id":"https:\/\/mpk-ludwig.de\/en\/#\/schema\/logo\/image\/","url":"https:\/\/mpk-ludwig.de\/wp-content\/uploads\/2019\/11\/mpk-LUDWIG-logo.png","contentUrl":"https:\/\/mpk-ludwig.de\/wp-content\/uploads\/2019\/11\/mpk-LUDWIG-logo.png","width":600,"height":375,"caption":"mpk LUDWIG UG"},"image":{"@id":"https:\/\/mpk-ludwig.de\/en\/#\/schema\/logo\/image\/"},"sameAs":["https:\/\/www.youtube.com\/user\/Kraftaufnehmer\/"]}]}},"_links":{"self":[{"href":"https:\/\/mpk-ludwig.de\/en\/wp-json\/wp\/v2\/pages\/5924","targetHints":{"allow":["GET"]}}],"collection":[{"href":"https:\/\/mpk-ludwig.de\/en\/wp-json\/wp\/v2\/pages"}],"about":[{"href":"https:\/\/mpk-ludwig.de\/en\/wp-json\/wp\/v2\/types\/page"}],"author":[{"embeddable":true,"href":"https:\/\/mpk-ludwig.de\/en\/wp-json\/wp\/v2\/users\/3"}],"replies":[{"embeddable":true,"href":"https:\/\/mpk-ludwig.de\/en\/wp-json\/wp\/v2\/comments?post=5924"}],"version-history":[{"count":5,"href":"https:\/\/mpk-ludwig.de\/en\/wp-json\/wp\/v2\/pages\/5924\/revisions"}],"predecessor-version":[{"id":6044,"href":"https:\/\/mpk-ludwig.de\/en\/wp-json\/wp\/v2\/pages\/5924\/revisions\/6044"}],"wp:attachment":[{"href":"https:\/\/mpk-ludwig.de\/en\/wp-json\/wp\/v2\/media?parent=5924"}],"curies":[{"name":"wp","href":"https:\/\/api.w.org\/{rel}","templated":true}]}}