{"id":5933,"date":"2019-04-12T14:08:36","date_gmt":"2019-04-12T12:08:36","guid":{"rendered":"https:\/\/mpk-ludwig.de\/?page_id=5933"},"modified":"2024-04-02T17:11:37","modified_gmt":"2024-04-02T15:11:37","slug":"extensometer","status":"publish","type":"page","link":"https:\/\/mpk-ludwig.de\/en\/extensometer\/","title":{"rendered":"Extensometer"},"content":{"rendered":"<div id=\"pl-5933\"  class=\"panel-layout\" ><div id=\"pg-5933-0\"  class=\"panel-grid panel-no-style\" ><div id=\"pgc-5933-0-0\"  class=\"panel-grid-cell\" ><div id=\"panel-5933-0-0-0\" class=\"so-panel widget widget_sow-editor panel-first-child panel-last-child\" data-index=\"0\" ><div\n\t\t\t\n\t\t\tclass=\"so-widget-sow-editor so-widget-sow-editor-base\"\n\t\t\t\n\t\t>\n<div class=\"siteorigin-widget-tinymce textwidget\">\n\t<p>The MF series of extensometers are used for <strong>tactile strain measurement<\/strong> during <strong>tensile strength testing<\/strong>. These devices can be <strong>automatically or manually<\/strong> attached to the test sample and the measuring tip is fixed by the clamping force of the extensometer.<\/p>\n<p>Each extensometer has at least <strong>two measuring tips<\/strong>. If the sample expands, the distance between these tips correspondingly changes and can provide the user with a determination of strain changes during the tensile test.<\/p>\n<p>A wide range of extensometers are available for testing different materials.<\/p>\n<\/div>\n<\/div><\/div><\/div><div id=\"pgc-5933-0-1\"  class=\"panel-grid-cell\" ><div id=\"panel-5933-0-1-0\" class=\"widget_text so-panel widget widget_custom_html panel-first-child panel-last-child\" data-index=\"1\" ><div class=\"textwidget custom-html-widget\"> <div class=\"brlbs-cmpnt-container brlbs-cmpnt-content-blocker brlbs-cmpnt-with-individual-styles\" data-borlabs-cookie-content-blocker-id=\"default\" data-borlabs-cookie-content=\"PGlmcmFtZSB3aWR0aD0iNTEwIiBoZWlnaHQ9IjMwMCIgc3JjPSJodHRwczovL3d3dy55b3V0dWJlLmNvbS9lbWJlZC9qSFBuXzNvTS1xOCIgZnJhbWVib3JkZXI9IjAiIGFsbG93PSJhY2NlbGVyb21ldGVyOyBhdXRvcGxheTsgZW5jcnlwdGVkLW1lZGlhOyBneXJvc2NvcGU7IHBpY3R1cmUtaW4tcGljdHVyZSIgYWxsb3dmdWxsc2NyZWVuPjwvaWZyYW1lPg==\"><div class=\"brlbs-cmpnt-cb-preset-a\"> <p class=\"brlbs-cmpnt-cb-description\">Sie sehen gerade einen Platzhalterinhalt von <strong>Standard<\/strong>. Um auf den eigentlichen Inhalt zuzugreifen, klicken Sie auf den Button unten. Bitte beachten Sie, dass dabei Daten an Drittanbieter weitergegeben werden.<\/p> <div class=\"brlbs-cmpnt-cb-buttons\"> <a class=\"brlbs-cmpnt-cb-btn\" href=\"#\" data-borlabs-cookie-unblock role=\"button\">Inhalt entsperren<\/a> <a class=\"brlbs-cmpnt-cb-btn\" href=\"#\" data-borlabs-cookie-accept-service role=\"button\" style=\"display: none\">Erforderlichen Service akzeptieren und Inhalte entsperren<\/a> <\/div> <a class=\"brlbs-cmpnt-cb-provider-toggle\" href=\"#\" data-borlabs-cookie-show-provider-information role=\"button\">Weitere Informationen<\/a> <\/div><\/div><\/div><\/div><\/div><\/div><div id=\"pg-5933-1\"  class=\"panel-grid panel-no-style\" ><div id=\"pgc-5933-1-0\"  class=\"panel-grid-cell\" ><div id=\"panel-5933-1-0-0\" class=\"so-panel widget widget_media_image panel-first-child panel-last-child\" data-index=\"2\" ><img loading=\"lazy\" decoding=\"async\" width=\"300\" height=\"300\" src=\"https:\/\/mpk-ludwig.de\/wp-content\/uploads\/2019\/04\/MFA-25-korr-300x300.jpg\" class=\"image wp-image-2061  attachment-medium size-medium\" alt=\"MFA 25\/12\" style=\"max-width: 100%; height: auto;\" srcset=\"https:\/\/mpk-ludwig.de\/wp-content\/uploads\/2019\/04\/MFA-25-korr-300x300.jpg 300w, https:\/\/mpk-ludwig.de\/wp-content\/uploads\/2019\/04\/MFA-25-korr-150x150.jpg 150w, https:\/\/mpk-ludwig.de\/wp-content\/uploads\/2019\/04\/MFA-25-korr-768x768.jpg 768w, https:\/\/mpk-ludwig.de\/wp-content\/uploads\/2019\/04\/MFA-25-korr-1024x1024.jpg 1024w, https:\/\/mpk-ludwig.de\/wp-content\/uploads\/2019\/04\/MFA-25-korr-80x80.jpg 80w, https:\/\/mpk-ludwig.de\/wp-content\/uploads\/2019\/04\/MFA-25-korr-250x250.jpg 250w, https:\/\/mpk-ludwig.de\/wp-content\/uploads\/2019\/04\/MFA-25-korr-320x320.jpg 320w, https:\/\/mpk-ludwig.de\/wp-content\/uploads\/2019\/04\/MFA-25-korr-640x640.jpg 640w, https:\/\/mpk-ludwig.de\/wp-content\/uploads\/2019\/04\/MFA-25-korr-960x960.jpg 960w, https:\/\/mpk-ludwig.de\/wp-content\/uploads\/2019\/04\/MFA-25-korr-580x580.jpg 580w, https:\/\/mpk-ludwig.de\/wp-content\/uploads\/2019\/04\/MFA-25-korr.jpg 1554w\" sizes=\"auto, (max-width: 300px) 100vw, 300px\" \/><\/div><\/div><div id=\"pgc-5933-1-1\"  class=\"panel-grid-cell\" ><div id=\"panel-5933-1-1-0\" class=\"so-panel widget widget_media_image panel-first-child panel-last-child\" data-index=\"3\" ><img loading=\"lazy\" decoding=\"async\" width=\"300\" height=\"300\" src=\"https:\/\/mpk-ludwig.de\/wp-content\/uploads\/2019\/04\/MFE-zoom-korr-300x300.jpg\" class=\"image wp-image-2062  attachment-medium size-medium\" alt=\"MFE\" style=\"max-width: 100%; height: auto;\" srcset=\"https:\/\/mpk-ludwig.de\/wp-content\/uploads\/2019\/04\/MFE-zoom-korr-300x300.jpg 300w, https:\/\/mpk-ludwig.de\/wp-content\/uploads\/2019\/04\/MFE-zoom-korr-150x150.jpg 150w, https:\/\/mpk-ludwig.de\/wp-content\/uploads\/2019\/04\/MFE-zoom-korr-768x768.jpg 768w, https:\/\/mpk-ludwig.de\/wp-content\/uploads\/2019\/04\/MFE-zoom-korr-1024x1024.jpg 1024w, https:\/\/mpk-ludwig.de\/wp-content\/uploads\/2019\/04\/MFE-zoom-korr-80x80.jpg 80w, https:\/\/mpk-ludwig.de\/wp-content\/uploads\/2019\/04\/MFE-zoom-korr-250x250.jpg 250w, https:\/\/mpk-ludwig.de\/wp-content\/uploads\/2019\/04\/MFE-zoom-korr-320x320.jpg 320w, https:\/\/mpk-ludwig.de\/wp-content\/uploads\/2019\/04\/MFE-zoom-korr-640x640.jpg 640w, https:\/\/mpk-ludwig.de\/wp-content\/uploads\/2019\/04\/MFE-zoom-korr-960x960.jpg 960w, https:\/\/mpk-ludwig.de\/wp-content\/uploads\/2019\/04\/MFE-zoom-korr-580x580.jpg 580w, https:\/\/mpk-ludwig.de\/wp-content\/uploads\/2019\/04\/MFE-zoom-korr.jpg 1528w\" sizes=\"auto, (max-width: 300px) 100vw, 300px\" \/><\/div><\/div><div id=\"pgc-5933-1-2\"  class=\"panel-grid-cell\" ><div id=\"panel-5933-1-2-0\" class=\"so-panel widget widget_media_image panel-first-child panel-last-child\" data-index=\"4\" ><img loading=\"lazy\" decoding=\"async\" width=\"300\" height=\"191\" src=\"https:\/\/mpk-ludwig.de\/wp-content\/uploads\/2020\/03\/extensometer-Model-3542-300x191.jpg\" class=\"image wp-image-3413  attachment-medium size-medium\" alt=\"Nahaufnahme eines gr\u00fcnen Extensometers Model 3542 der Firma Epsilon\" style=\"max-width: 100%; height: auto;\" srcset=\"https:\/\/mpk-ludwig.de\/wp-content\/uploads\/2020\/03\/extensometer-Model-3542-300x191.jpg 300w, https:\/\/mpk-ludwig.de\/wp-content\/uploads\/2020\/03\/extensometer-Model-3542-768x490.jpg 768w, https:\/\/mpk-ludwig.de\/wp-content\/uploads\/2020\/03\/extensometer-Model-3542-80x51.jpg 80w, https:\/\/mpk-ludwig.de\/wp-content\/uploads\/2020\/03\/extensometer-Model-3542-250x159.jpg 250w, https:\/\/mpk-ludwig.de\/wp-content\/uploads\/2020\/03\/extensometer-Model-3542-320x204.jpg 320w, https:\/\/mpk-ludwig.de\/wp-content\/uploads\/2020\/03\/extensometer-Model-3542-640x408.jpg 640w, https:\/\/mpk-ludwig.de\/wp-content\/uploads\/2020\/03\/extensometer-Model-3542.jpg 800w\" sizes=\"auto, (max-width: 300px) 100vw, 300px\" \/><\/div><\/div><div id=\"pgc-5933-1-3\"  class=\"panel-grid-cell\" ><div id=\"panel-5933-1-3-0\" class=\"so-panel widget widget_media_image panel-first-child panel-last-child\" data-index=\"5\" ><img loading=\"lazy\" decoding=\"async\" width=\"300\" height=\"193\" src=\"https:\/\/mpk-ludwig.de\/wp-content\/uploads\/2020\/03\/axial_extensometer-300x193.jpg\" class=\"image wp-image-3414  attachment-medium size-medium\" alt=\"Nahaufnahme eines gr\u00fcnen Extensometer der Firma Epsilon\" style=\"max-width: 100%; height: auto;\" srcset=\"https:\/\/mpk-ludwig.de\/wp-content\/uploads\/2020\/03\/axial_extensometer-300x193.jpg 300w, https:\/\/mpk-ludwig.de\/wp-content\/uploads\/2020\/03\/axial_extensometer-768x494.jpg 768w, https:\/\/mpk-ludwig.de\/wp-content\/uploads\/2020\/03\/axial_extensometer-80x52.jpg 80w, https:\/\/mpk-ludwig.de\/wp-content\/uploads\/2020\/03\/axial_extensometer-250x161.jpg 250w, https:\/\/mpk-ludwig.de\/wp-content\/uploads\/2020\/03\/axial_extensometer-320x206.jpg 320w, https:\/\/mpk-ludwig.de\/wp-content\/uploads\/2020\/03\/axial_extensometer-640x412.jpg 640w, https:\/\/mpk-ludwig.de\/wp-content\/uploads\/2020\/03\/axial_extensometer.jpg 800w\" sizes=\"auto, (max-width: 300px) 100vw, 300px\" \/><\/div><\/div><\/div><div id=\"pg-5933-2\"  class=\"panel-grid panel-no-style\" ><div id=\"pgc-5933-2-0\"  class=\"panel-grid-cell\" ><div id=\"panel-5933-2-0-0\" class=\"so-panel widget widget_sow-editor panel-first-child panel-last-child\" data-index=\"6\" ><div\n\t\t\t\n\t\t\tclass=\"so-widget-sow-editor so-widget-sow-editor-base\"\n\t\t\t\n\t\t><h3 class=\"widget-title\">Extensometers are indispensable instruments in material testing<\/h3>\n<div class=\"siteorigin-widget-tinymce textwidget\">\n\t<div class=\"siteorigin-widget-tinymce textwidget\">\n<p>...and enable the precise capture of strain changes in material samples during a tensile test. Our MF series of extensometers offers a <strong>wide range of external displacement measurement systems<\/strong> specifically developed for tactile strain measurement.<\/p>\n<p>The handling is extremely <strong>flexible and user-friendly<\/strong>. They can be attached to the material sample to be tested either manually or automatically. Once they are attached, the clamping forces securely hold the measuring points to the sample to ensure accurate measurements.<\/p>\n<p>A distinctive feature of the extensometers in the MF series is their at least two measuring points. During the tensile test, the specimen stretches, and the distance between these measuring points changes accordingly. This change in distance allows for the accurate determination of the specimen's elongation during the test. This is of crucial importance for comprehensively characterizing the mechanical properties of a material, such as its elasticity and strength.<\/p>\n<p>Another significant advantage is the ability to select the appropriate model based on the material's requirements. Each material has unique properties and requires specific tests. Therefore, we offer a <strong>wide range of extensometers<\/strong> tailored to the particular needs of <strong>different types of materials<\/strong>.<\/p>\n<p>Our tools from the MF series are highly precise and reliable, indispensable in material testing. They contribute to ensuring the quality and performance of materials in various industrial sectors. If you need more information about our extensometers or help choosing the right model for your specific applications, our <a href=\"https:\/\/mpk-ludwig.de\/en\/contact\/\">experts are at your disposal<\/a>. Rely on our high-quality extensometer to perform accurate strain measurements during your tensile tests.<\/p>\n<\/div>\n<\/div>\n<\/div><\/div><\/div><\/div><\/div>","protected":false},"excerpt":{"rendered":"<p>The MF series of extensometers are used for tactile strain measurement during tensile strength testing. These devices can be automatically or manually attached to the test sample and the measuring tip is fixed by the clamping force of the extensometer. Each extensometer has at least two measuring tips. If the sample expands, the distance between [&hellip;]<\/p>\n","protected":false},"author":3,"featured_media":0,"parent":0,"menu_order":60,"comment_status":"closed","ping_status":"closed","template":"","meta":{"footnotes":""},"class_list":["post-5933","page","type-page","status-publish","hentry"],"yoast_head":"<!-- This site is optimized with the Yoast SEO plugin v27.3 - https:\/\/yoast.com\/product\/yoast-seo-wordpress\/ -->\n<title>Extensometer | Precision Strain and Deformation Measurement<\/title>\n<meta name=\"description\" content=\"Discover advanced extensometer for accurate strain and deformation measurement in materials testing, essential for research and quality.\" \/>\n<meta name=\"robots\" content=\"index, follow, max-snippet:-1, max-image-preview:large, max-video-preview:-1\" \/>\n<link rel=\"canonical\" href=\"https:\/\/mpk-ludwig.de\/en\/extensometer\/\" \/>\n<meta property=\"og:locale\" content=\"en_US\" \/>\n<meta property=\"og:type\" content=\"article\" \/>\n<meta property=\"og:title\" content=\"Extensometer | Precision Strain and Deformation Measurement\" \/>\n<meta property=\"og:description\" content=\"Discover advanced extensometer for accurate strain and deformation measurement in materials testing, essential for research and quality.\" \/>\n<meta property=\"og:url\" content=\"https:\/\/mpk-ludwig.de\/en\/extensometer\/\" \/>\n<meta property=\"og:site_name\" content=\"mpk-LUDWIG UG\" \/>\n<meta property=\"article:modified_time\" content=\"2024-04-02T15:11:37+00:00\" \/>\n<meta property=\"og:image\" content=\"https:\/\/mpk-ludwig.de\/wp-content\/uploads\/2020\/04\/mpk-fav.png\" \/>\n\t<meta property=\"og:image:width\" content=\"600\" \/>\n\t<meta property=\"og:image:height\" content=\"600\" \/>\n\t<meta property=\"og:image:type\" content=\"image\/png\" \/>\n<meta name=\"twitter:card\" content=\"summary_large_image\" \/>\n<meta name=\"twitter:label1\" content=\"Est. reading time\" \/>\n\t<meta name=\"twitter:data1\" content=\"2 minutes\" \/>\n<script type=\"application\/ld+json\" class=\"yoast-schema-graph\">{\"@context\":\"https:\\\/\\\/schema.org\",\"@graph\":[{\"@type\":\"WebPage\",\"@id\":\"https:\\\/\\\/mpk-ludwig.de\\\/en\\\/extensometer\\\/\",\"url\":\"https:\\\/\\\/mpk-ludwig.de\\\/en\\\/extensometer\\\/\",\"name\":\"Extensometer | Precision Strain and Deformation Measurement\",\"isPartOf\":{\"@id\":\"https:\\\/\\\/mpk-ludwig.de\\\/en\\\/#website\"},\"datePublished\":\"2019-04-12T12:08:36+00:00\",\"dateModified\":\"2024-04-02T15:11:37+00:00\",\"description\":\"Discover advanced extensometer for accurate strain and deformation measurement in materials testing, essential for research and quality.\",\"breadcrumb\":{\"@id\":\"https:\\\/\\\/mpk-ludwig.de\\\/en\\\/extensometer\\\/#breadcrumb\"},\"inLanguage\":\"en-US\",\"potentialAction\":[{\"@type\":\"ReadAction\",\"target\":[\"https:\\\/\\\/mpk-ludwig.de\\\/en\\\/extensometer\\\/\"]}]},{\"@type\":\"BreadcrumbList\",\"@id\":\"https:\\\/\\\/mpk-ludwig.de\\\/en\\\/extensometer\\\/#breadcrumb\",\"itemListElement\":[{\"@type\":\"ListItem\",\"position\":1,\"name\":\"Startseite\",\"item\":\"https:\\\/\\\/mpk-ludwig.de\\\/en\\\/\"},{\"@type\":\"ListItem\",\"position\":2,\"name\":\"Extensometer\"}]},{\"@type\":\"WebSite\",\"@id\":\"https:\\\/\\\/mpk-ludwig.de\\\/en\\\/#website\",\"url\":\"https:\\\/\\\/mpk-ludwig.de\\\/en\\\/\",\"name\":\"mpk-LUDWIG UG\",\"description\":\"Zugpr\u00fcfmaschinen und Schraubenpr\u00fcfst\u00e4nde vom Profi\",\"publisher\":{\"@id\":\"https:\\\/\\\/mpk-ludwig.de\\\/en\\\/#organization\"},\"alternateName\":\"mpk Zugpr\u00fcfmaschinen\",\"potentialAction\":[{\"@type\":\"SearchAction\",\"target\":{\"@type\":\"EntryPoint\",\"urlTemplate\":\"https:\\\/\\\/mpk-ludwig.de\\\/en\\\/?s={search_term_string}\"},\"query-input\":{\"@type\":\"PropertyValueSpecification\",\"valueRequired\":true,\"valueName\":\"search_term_string\"}}],\"inLanguage\":\"en-US\"},{\"@type\":\"Organization\",\"@id\":\"https:\\\/\\\/mpk-ludwig.de\\\/en\\\/#organization\",\"name\":\"mpk LUDWIG UG\",\"url\":\"https:\\\/\\\/mpk-ludwig.de\\\/en\\\/\",\"logo\":{\"@type\":\"ImageObject\",\"inLanguage\":\"en-US\",\"@id\":\"https:\\\/\\\/mpk-ludwig.de\\\/en\\\/#\\\/schema\\\/logo\\\/image\\\/\",\"url\":\"https:\\\/\\\/mpk-ludwig.de\\\/wp-content\\\/uploads\\\/2019\\\/11\\\/mpk-LUDWIG-logo.png\",\"contentUrl\":\"https:\\\/\\\/mpk-ludwig.de\\\/wp-content\\\/uploads\\\/2019\\\/11\\\/mpk-LUDWIG-logo.png\",\"width\":600,\"height\":375,\"caption\":\"mpk LUDWIG UG\"},\"image\":{\"@id\":\"https:\\\/\\\/mpk-ludwig.de\\\/en\\\/#\\\/schema\\\/logo\\\/image\\\/\"},\"sameAs\":[\"https:\\\/\\\/www.youtube.com\\\/user\\\/Kraftaufnehmer\\\/\"]}]}<\/script>\n<!-- \/ Yoast SEO plugin. -->","yoast_head_json":{"title":"Extensometer | Precision Strain and Deformation Measurement","description":"Discover advanced extensometer for accurate strain and deformation measurement in materials testing, essential for research and quality.","robots":{"index":"index","follow":"follow","max-snippet":"max-snippet:-1","max-image-preview":"max-image-preview:large","max-video-preview":"max-video-preview:-1"},"canonical":"https:\/\/mpk-ludwig.de\/en\/extensometer\/","og_locale":"en_US","og_type":"article","og_title":"Extensometer | Precision Strain and Deformation Measurement","og_description":"Discover advanced extensometer for accurate strain and deformation measurement in materials testing, essential for research and quality.","og_url":"https:\/\/mpk-ludwig.de\/en\/extensometer\/","og_site_name":"mpk-LUDWIG UG","article_modified_time":"2024-04-02T15:11:37+00:00","og_image":[{"width":600,"height":600,"url":"https:\/\/mpk-ludwig.de\/wp-content\/uploads\/2020\/04\/mpk-fav.png","type":"image\/png"}],"twitter_card":"summary_large_image","twitter_misc":{"Est. reading time":"2 minutes"},"schema":{"@context":"https:\/\/schema.org","@graph":[{"@type":"WebPage","@id":"https:\/\/mpk-ludwig.de\/en\/extensometer\/","url":"https:\/\/mpk-ludwig.de\/en\/extensometer\/","name":"Extensometer | Precision Strain and Deformation Measurement","isPartOf":{"@id":"https:\/\/mpk-ludwig.de\/en\/#website"},"datePublished":"2019-04-12T12:08:36+00:00","dateModified":"2024-04-02T15:11:37+00:00","description":"Discover advanced extensometer for accurate strain and deformation measurement in materials testing, essential for research and quality.","breadcrumb":{"@id":"https:\/\/mpk-ludwig.de\/en\/extensometer\/#breadcrumb"},"inLanguage":"en-US","potentialAction":[{"@type":"ReadAction","target":["https:\/\/mpk-ludwig.de\/en\/extensometer\/"]}]},{"@type":"BreadcrumbList","@id":"https:\/\/mpk-ludwig.de\/en\/extensometer\/#breadcrumb","itemListElement":[{"@type":"ListItem","position":1,"name":"Startseite","item":"https:\/\/mpk-ludwig.de\/en\/"},{"@type":"ListItem","position":2,"name":"Extensometer"}]},{"@type":"WebSite","@id":"https:\/\/mpk-ludwig.de\/en\/#website","url":"https:\/\/mpk-ludwig.de\/en\/","name":"mpk-LUDWIG UG","description":"Zugpr\u00fcfmaschinen und Schraubenpr\u00fcfst\u00e4nde vom Profi","publisher":{"@id":"https:\/\/mpk-ludwig.de\/en\/#organization"},"alternateName":"mpk Zugpr\u00fcfmaschinen","potentialAction":[{"@type":"SearchAction","target":{"@type":"EntryPoint","urlTemplate":"https:\/\/mpk-ludwig.de\/en\/?s={search_term_string}"},"query-input":{"@type":"PropertyValueSpecification","valueRequired":true,"valueName":"search_term_string"}}],"inLanguage":"en-US"},{"@type":"Organization","@id":"https:\/\/mpk-ludwig.de\/en\/#organization","name":"mpk LUDWIG UG","url":"https:\/\/mpk-ludwig.de\/en\/","logo":{"@type":"ImageObject","inLanguage":"en-US","@id":"https:\/\/mpk-ludwig.de\/en\/#\/schema\/logo\/image\/","url":"https:\/\/mpk-ludwig.de\/wp-content\/uploads\/2019\/11\/mpk-LUDWIG-logo.png","contentUrl":"https:\/\/mpk-ludwig.de\/wp-content\/uploads\/2019\/11\/mpk-LUDWIG-logo.png","width":600,"height":375,"caption":"mpk LUDWIG UG"},"image":{"@id":"https:\/\/mpk-ludwig.de\/en\/#\/schema\/logo\/image\/"},"sameAs":["https:\/\/www.youtube.com\/user\/Kraftaufnehmer\/"]}]}},"_links":{"self":[{"href":"https:\/\/mpk-ludwig.de\/en\/wp-json\/wp\/v2\/pages\/5933","targetHints":{"allow":["GET"]}}],"collection":[{"href":"https:\/\/mpk-ludwig.de\/en\/wp-json\/wp\/v2\/pages"}],"about":[{"href":"https:\/\/mpk-ludwig.de\/en\/wp-json\/wp\/v2\/types\/page"}],"author":[{"embeddable":true,"href":"https:\/\/mpk-ludwig.de\/en\/wp-json\/wp\/v2\/users\/3"}],"replies":[{"embeddable":true,"href":"https:\/\/mpk-ludwig.de\/en\/wp-json\/wp\/v2\/comments?post=5933"}],"version-history":[{"count":5,"href":"https:\/\/mpk-ludwig.de\/en\/wp-json\/wp\/v2\/pages\/5933\/revisions"}],"predecessor-version":[{"id":6009,"href":"https:\/\/mpk-ludwig.de\/en\/wp-json\/wp\/v2\/pages\/5933\/revisions\/6009"}],"wp:attachment":[{"href":"https:\/\/mpk-ludwig.de\/en\/wp-json\/wp\/v2\/media?parent=5933"}],"curies":[{"name":"wp","href":"https:\/\/api.w.org\/{rel}","templated":true}]}}