{"id":5939,"date":"2020-01-10T14:20:52","date_gmt":"2020-01-10T13:20:52","guid":{"rendered":"https:\/\/mpk-ludwig.de\/?page_id=5939"},"modified":"2024-04-29T09:23:42","modified_gmt":"2024-04-29T07:23:42","slug":"modernizations","status":"publish","type":"page","link":"https:\/\/mpk-ludwig.de\/en\/modernizations\/","title":{"rendered":"Modernizations"},"content":{"rendered":"<div id=\"pl-2815\" class=\"panel-layout\">\n<div id=\"pg-2815-0\" class=\"panel-grid panel-no-style\" data-style=\"{&quot;background_image_attachment&quot;:false,&quot;background_display&quot;:&quot;tile&quot;,&quot;full_height&quot;:&quot;&quot;,&quot;cell_alignment&quot;:&quot;flex-start&quot;,&quot;iw-visible-screen&quot;:&quot;iw-all&quot;,&quot;iw-visible-layout&quot;:&quot;iw-all&quot;}\" data-ratio=\"1\" data-ratio-direction=\"right\">\n<div id=\"pgc-2815-0-0\" class=\"panel-grid-cell\" data-weight=\"1\">\n<div id=\"panel-2815-0-0-0\" class=\"so-panel widget widget_sow-editor panel-first-child panel-last-child\" data-index=\"0\" data-style=\"{&quot;background_image_attachment&quot;:false,&quot;background_display&quot;:&quot;tile&quot;,&quot;background_image_size&quot;:&quot;full&quot;,&quot;border_thickness&quot;:&quot;1px&quot;,&quot;iw-visible-screen&quot;:&quot;iw-all&quot;,&quot;iw-visible-layout&quot;:&quot;iw-all&quot;,&quot;align&quot;:&quot;left&quot;}\">\n<div class=\"so-widget-sow-editor so-widget-sow-editor-base\">\n<div class=\"siteorigin-widget-tinymce textwidget\">\n<h2>We take your tensile testing machines into the future<br \/>\n<strong><img loading=\"lazy\" decoding=\"async\" class=\"alignright wp-image-3399 size-full\" src=\"https:\/\/mpk-ludwig.de\/wp-content\/uploads\/2020\/03\/gebrauchte-maschine.jpg\" alt=\"Second hand tensile testing machine\" width=\"315\" height=\"800\" srcset=\"https:\/\/mpk-ludwig.de\/wp-content\/uploads\/2020\/03\/gebrauchte-maschine.jpg 315w, https:\/\/mpk-ludwig.de\/wp-content\/uploads\/2020\/03\/gebrauchte-maschine-118x300.jpg 118w, https:\/\/mpk-ludwig.de\/wp-content\/uploads\/2020\/03\/gebrauchte-maschine-32x80.jpg 32w, https:\/\/mpk-ludwig.de\/wp-content\/uploads\/2020\/03\/gebrauchte-maschine-98x250.jpg 98w, https:\/\/mpk-ludwig.de\/wp-content\/uploads\/2020\/03\/gebrauchte-maschine-126x320.jpg 126w, https:\/\/mpk-ludwig.de\/wp-content\/uploads\/2020\/03\/gebrauchte-maschine-252x640.jpg 252w\" sizes=\"auto, (max-width: 315px) 100vw, 315px\" \/><\/strong><\/h2>\n<p><em>Value retention for tensile testing machines: Modernization of existing systems<\/em><\/p>\n<p>Tensile and compression testing machines are used in a wide variety of <a href=\"https:\/\/mpk-ludwig.de\/en\/sectors\/\">industries<\/a>. They are used to test materials for their load limits over many years. The devices are durable capital goods. If the test requirement profile changes over time or if technical development progresses so quickly that the existing testing system has become obsolete and impractical, the question arises: <strong>new acquisition or retrofitting?<\/strong><\/p>\n<p>If the mechanics, possibly the drive and the transducers are still acceptable, there is a cost-effective alternative to a new purchase: <strong>modernization of your tensile testing machine with control and measurement electronics from DOLI!<\/strong><\/p>\n<p>DOLI electronics and software are suitable for spindle testing machines as well as for hydraulic tensile testing machines and special testing systems. They run in over 20,000 testing systems worldwide and can also bring your <a href=\"https:\/\/mpk-ludwig.de\/en\/testing-machine\/\">tensile testing machine<\/a> back up to the latest state of the art!<\/p>\n<h2>Modernization and maintenance of tensile testing machines with electric drive<\/h2>\n<p>DOLI Elektronik has been <strong>retrofitting<\/strong> and <strong>modernizing<\/strong> tensile testing machines with electric motor drives since 1979.<\/p>\n<p>We supply you with the complete system &#8211; from the <strong>transducer power supply<\/strong> and <strong>measured value processing<\/strong> to <strong>digital control of the drive<\/strong> in the appropriate control mode.<\/p>\n<p>Also supplied are:<\/p>\n<ul>\n<li><strong>Power amplifier<\/strong> for the motor<\/li>\n<li><strong>Manual control keypad<\/strong><\/li>\n<li><strong>PCs<\/strong> for displaying measured values<\/li>\n<li><strong>Software<\/strong> for graphical evaluation and further processing<\/li>\n<li><strong>Further additions<\/strong> or ergonomic add-ons<br \/>\n&#8211;&gt; Existing or new extensometers are adapted to the test conditions.<\/li>\n<\/ul>\n<p>&nbsp;<\/p>\n<h2>Learn more about the modernization of testing machines<\/h2>\n<p>Please fill out our <a href=\"https:\/\/mpk-ludwig.de\/en\/contact\/\">contact form<\/a> or give us a call if you would like to find out more about our modernization services. We will advise you specifically on your case and give you our <strong>assessment<\/strong> of whether it is worthwhile for you to upgrade your tensile testing machine. If not, we will also be happy to advise you on our <a href=\"https:\/\/mpk-ludwig.de\/en\/used-tensile-testing-machines\/\">used tensile testing machines<\/a>. We look forward to helping you in any case!<\/p>\n<\/div>\n<\/div>\n<\/div>\n<\/div>\n<\/div>\n<\/div>\n","protected":false},"excerpt":{"rendered":"<p>We take your tensile testing machines into the future Value retention for tensile testing machines: Modernization of existing systems Tensile and compression testing machines are used in a wide variety of industries. They are used to test materials for their load limits over many years. The devices are durable capital goods. If the test requirement [&hellip;]<\/p>\n","protected":false},"author":3,"featured_media":0,"parent":0,"menu_order":80,"comment_status":"closed","ping_status":"closed","template":"","meta":{"footnotes":""},"class_list":["post-5939","page","type-page","status-publish","hentry"],"yoast_head":"<!-- This site is optimized with the Yoast SEO plugin v27.3 - https:\/\/yoast.com\/product\/yoast-seo-wordpress\/ -->\n<title>Testing Machine Modernizations | Enhancing Precision &amp; Efficiency<\/title>\n<meta name=\"description\" content=\"Upgrade your testing capabilities with our machine modernizations services. Experience increased precision in all testing processes.\" \/>\n<meta name=\"robots\" content=\"index, follow, max-snippet:-1, max-image-preview:large, max-video-preview:-1\" \/>\n<link rel=\"canonical\" href=\"https:\/\/mpk-ludwig.de\/en\/modernizations\/\" \/>\n<meta property=\"og:locale\" content=\"en_US\" \/>\n<meta property=\"og:type\" content=\"article\" \/>\n<meta property=\"og:title\" content=\"Testing Machine Modernizations | Enhancing Precision &amp; Efficiency\" \/>\n<meta property=\"og:description\" content=\"Upgrade your testing capabilities with our machine modernizations services. Experience increased precision in all testing processes.\" \/>\n<meta property=\"og:url\" content=\"https:\/\/mpk-ludwig.de\/en\/modernizations\/\" \/>\n<meta property=\"og:site_name\" content=\"mpk-LUDWIG UG\" \/>\n<meta property=\"article:modified_time\" content=\"2024-04-29T07:23:42+00:00\" \/>\n<meta property=\"og:image\" content=\"https:\/\/mpk-ludwig.de\/wp-content\/uploads\/2020\/03\/gebrauchte-maschine.jpg\" \/>\n<meta name=\"twitter:card\" content=\"summary_large_image\" \/>\n<meta name=\"twitter:label1\" content=\"Est. reading time\" \/>\n\t<meta name=\"twitter:data1\" content=\"2 minutes\" \/>\n<script type=\"application\/ld+json\" class=\"yoast-schema-graph\">{\"@context\":\"https:\\\/\\\/schema.org\",\"@graph\":[{\"@type\":\"WebPage\",\"@id\":\"https:\\\/\\\/mpk-ludwig.de\\\/en\\\/modernizations\\\/\",\"url\":\"https:\\\/\\\/mpk-ludwig.de\\\/en\\\/modernizations\\\/\",\"name\":\"Testing Machine Modernizations | Enhancing Precision & Efficiency\",\"isPartOf\":{\"@id\":\"https:\\\/\\\/mpk-ludwig.de\\\/en\\\/#website\"},\"primaryImageOfPage\":{\"@id\":\"https:\\\/\\\/mpk-ludwig.de\\\/en\\\/modernizations\\\/#primaryimage\"},\"image\":{\"@id\":\"https:\\\/\\\/mpk-ludwig.de\\\/en\\\/modernizations\\\/#primaryimage\"},\"thumbnailUrl\":\"https:\\\/\\\/mpk-ludwig.de\\\/wp-content\\\/uploads\\\/2020\\\/03\\\/gebrauchte-maschine.jpg\",\"datePublished\":\"2020-01-10T13:20:52+00:00\",\"dateModified\":\"2024-04-29T07:23:42+00:00\",\"description\":\"Upgrade your testing capabilities with our machine modernizations services. Experience increased precision in all testing processes.\",\"breadcrumb\":{\"@id\":\"https:\\\/\\\/mpk-ludwig.de\\\/en\\\/modernizations\\\/#breadcrumb\"},\"inLanguage\":\"en-US\",\"potentialAction\":[{\"@type\":\"ReadAction\",\"target\":[\"https:\\\/\\\/mpk-ludwig.de\\\/en\\\/modernizations\\\/\"]}]},{\"@type\":\"ImageObject\",\"inLanguage\":\"en-US\",\"@id\":\"https:\\\/\\\/mpk-ludwig.de\\\/en\\\/modernizations\\\/#primaryimage\",\"url\":\"https:\\\/\\\/mpk-ludwig.de\\\/wp-content\\\/uploads\\\/2020\\\/03\\\/gebrauchte-maschine.jpg\",\"contentUrl\":\"https:\\\/\\\/mpk-ludwig.de\\\/wp-content\\\/uploads\\\/2020\\\/03\\\/gebrauchte-maschine.jpg\"},{\"@type\":\"BreadcrumbList\",\"@id\":\"https:\\\/\\\/mpk-ludwig.de\\\/en\\\/modernizations\\\/#breadcrumb\",\"itemListElement\":[{\"@type\":\"ListItem\",\"position\":1,\"name\":\"Startseite\",\"item\":\"https:\\\/\\\/mpk-ludwig.de\\\/en\\\/\"},{\"@type\":\"ListItem\",\"position\":2,\"name\":\"Modernizations\"}]},{\"@type\":\"WebSite\",\"@id\":\"https:\\\/\\\/mpk-ludwig.de\\\/en\\\/#website\",\"url\":\"https:\\\/\\\/mpk-ludwig.de\\\/en\\\/\",\"name\":\"mpk-LUDWIG UG\",\"description\":\"Zugpr\u00fcfmaschinen und Schraubenpr\u00fcfst\u00e4nde vom Profi\",\"publisher\":{\"@id\":\"https:\\\/\\\/mpk-ludwig.de\\\/en\\\/#organization\"},\"alternateName\":\"mpk Zugpr\u00fcfmaschinen\",\"potentialAction\":[{\"@type\":\"SearchAction\",\"target\":{\"@type\":\"EntryPoint\",\"urlTemplate\":\"https:\\\/\\\/mpk-ludwig.de\\\/en\\\/?s={search_term_string}\"},\"query-input\":{\"@type\":\"PropertyValueSpecification\",\"valueRequired\":true,\"valueName\":\"search_term_string\"}}],\"inLanguage\":\"en-US\"},{\"@type\":\"Organization\",\"@id\":\"https:\\\/\\\/mpk-ludwig.de\\\/en\\\/#organization\",\"name\":\"mpk LUDWIG UG\",\"url\":\"https:\\\/\\\/mpk-ludwig.de\\\/en\\\/\",\"logo\":{\"@type\":\"ImageObject\",\"inLanguage\":\"en-US\",\"@id\":\"https:\\\/\\\/mpk-ludwig.de\\\/en\\\/#\\\/schema\\\/logo\\\/image\\\/\",\"url\":\"https:\\\/\\\/mpk-ludwig.de\\\/wp-content\\\/uploads\\\/2019\\\/11\\\/mpk-LUDWIG-logo.png\",\"contentUrl\":\"https:\\\/\\\/mpk-ludwig.de\\\/wp-content\\\/uploads\\\/2019\\\/11\\\/mpk-LUDWIG-logo.png\",\"width\":600,\"height\":375,\"caption\":\"mpk LUDWIG UG\"},\"image\":{\"@id\":\"https:\\\/\\\/mpk-ludwig.de\\\/en\\\/#\\\/schema\\\/logo\\\/image\\\/\"},\"sameAs\":[\"https:\\\/\\\/www.youtube.com\\\/user\\\/Kraftaufnehmer\\\/\"]}]}<\/script>\n<!-- \/ Yoast SEO plugin. -->","yoast_head_json":{"title":"Testing Machine Modernizations | Enhancing Precision & Efficiency","description":"Upgrade your testing capabilities with our machine modernizations services. Experience increased precision in all testing processes.","robots":{"index":"index","follow":"follow","max-snippet":"max-snippet:-1","max-image-preview":"max-image-preview:large","max-video-preview":"max-video-preview:-1"},"canonical":"https:\/\/mpk-ludwig.de\/en\/modernizations\/","og_locale":"en_US","og_type":"article","og_title":"Testing Machine Modernizations | Enhancing Precision & Efficiency","og_description":"Upgrade your testing capabilities with our machine modernizations services. Experience increased precision in all testing processes.","og_url":"https:\/\/mpk-ludwig.de\/en\/modernizations\/","og_site_name":"mpk-LUDWIG UG","article_modified_time":"2024-04-29T07:23:42+00:00","og_image":[{"url":"https:\/\/mpk-ludwig.de\/wp-content\/uploads\/2020\/03\/gebrauchte-maschine.jpg","type":"","width":"","height":""}],"twitter_card":"summary_large_image","twitter_misc":{"Est. reading time":"2 minutes"},"schema":{"@context":"https:\/\/schema.org","@graph":[{"@type":"WebPage","@id":"https:\/\/mpk-ludwig.de\/en\/modernizations\/","url":"https:\/\/mpk-ludwig.de\/en\/modernizations\/","name":"Testing Machine Modernizations | Enhancing Precision & Efficiency","isPartOf":{"@id":"https:\/\/mpk-ludwig.de\/en\/#website"},"primaryImageOfPage":{"@id":"https:\/\/mpk-ludwig.de\/en\/modernizations\/#primaryimage"},"image":{"@id":"https:\/\/mpk-ludwig.de\/en\/modernizations\/#primaryimage"},"thumbnailUrl":"https:\/\/mpk-ludwig.de\/wp-content\/uploads\/2020\/03\/gebrauchte-maschine.jpg","datePublished":"2020-01-10T13:20:52+00:00","dateModified":"2024-04-29T07:23:42+00:00","description":"Upgrade your testing capabilities with our machine modernizations services. Experience increased precision in all testing processes.","breadcrumb":{"@id":"https:\/\/mpk-ludwig.de\/en\/modernizations\/#breadcrumb"},"inLanguage":"en-US","potentialAction":[{"@type":"ReadAction","target":["https:\/\/mpk-ludwig.de\/en\/modernizations\/"]}]},{"@type":"ImageObject","inLanguage":"en-US","@id":"https:\/\/mpk-ludwig.de\/en\/modernizations\/#primaryimage","url":"https:\/\/mpk-ludwig.de\/wp-content\/uploads\/2020\/03\/gebrauchte-maschine.jpg","contentUrl":"https:\/\/mpk-ludwig.de\/wp-content\/uploads\/2020\/03\/gebrauchte-maschine.jpg"},{"@type":"BreadcrumbList","@id":"https:\/\/mpk-ludwig.de\/en\/modernizations\/#breadcrumb","itemListElement":[{"@type":"ListItem","position":1,"name":"Startseite","item":"https:\/\/mpk-ludwig.de\/en\/"},{"@type":"ListItem","position":2,"name":"Modernizations"}]},{"@type":"WebSite","@id":"https:\/\/mpk-ludwig.de\/en\/#website","url":"https:\/\/mpk-ludwig.de\/en\/","name":"mpk-LUDWIG UG","description":"Zugpr\u00fcfmaschinen und Schraubenpr\u00fcfst\u00e4nde vom Profi","publisher":{"@id":"https:\/\/mpk-ludwig.de\/en\/#organization"},"alternateName":"mpk Zugpr\u00fcfmaschinen","potentialAction":[{"@type":"SearchAction","target":{"@type":"EntryPoint","urlTemplate":"https:\/\/mpk-ludwig.de\/en\/?s={search_term_string}"},"query-input":{"@type":"PropertyValueSpecification","valueRequired":true,"valueName":"search_term_string"}}],"inLanguage":"en-US"},{"@type":"Organization","@id":"https:\/\/mpk-ludwig.de\/en\/#organization","name":"mpk LUDWIG UG","url":"https:\/\/mpk-ludwig.de\/en\/","logo":{"@type":"ImageObject","inLanguage":"en-US","@id":"https:\/\/mpk-ludwig.de\/en\/#\/schema\/logo\/image\/","url":"https:\/\/mpk-ludwig.de\/wp-content\/uploads\/2019\/11\/mpk-LUDWIG-logo.png","contentUrl":"https:\/\/mpk-ludwig.de\/wp-content\/uploads\/2019\/11\/mpk-LUDWIG-logo.png","width":600,"height":375,"caption":"mpk LUDWIG UG"},"image":{"@id":"https:\/\/mpk-ludwig.de\/en\/#\/schema\/logo\/image\/"},"sameAs":["https:\/\/www.youtube.com\/user\/Kraftaufnehmer\/"]}]}},"_links":{"self":[{"href":"https:\/\/mpk-ludwig.de\/en\/wp-json\/wp\/v2\/pages\/5939","targetHints":{"allow":["GET"]}}],"collection":[{"href":"https:\/\/mpk-ludwig.de\/en\/wp-json\/wp\/v2\/pages"}],"about":[{"href":"https:\/\/mpk-ludwig.de\/en\/wp-json\/wp\/v2\/types\/page"}],"author":[{"embeddable":true,"href":"https:\/\/mpk-ludwig.de\/en\/wp-json\/wp\/v2\/users\/3"}],"replies":[{"embeddable":true,"href":"https:\/\/mpk-ludwig.de\/en\/wp-json\/wp\/v2\/comments?post=5939"}],"version-history":[{"count":5,"href":"https:\/\/mpk-ludwig.de\/en\/wp-json\/wp\/v2\/pages\/5939\/revisions"}],"predecessor-version":[{"id":6161,"href":"https:\/\/mpk-ludwig.de\/en\/wp-json\/wp\/v2\/pages\/5939\/revisions\/6161"}],"wp:attachment":[{"href":"https:\/\/mpk-ludwig.de\/en\/wp-json\/wp\/v2\/media?parent=5939"}],"curies":[{"name":"wp","href":"https:\/\/api.w.org\/{rel}","templated":true}]}}