{"id":5940,"date":"2020-01-14T10:51:14","date_gmt":"2020-01-14T09:51:14","guid":{"rendered":"https:\/\/mpk-ludwig.de\/?page_id=5940"},"modified":"2024-04-02T16:50:16","modified_gmt":"2024-04-02T14:50:16","slug":"force-gauge","status":"publish","type":"page","link":"https:\/\/mpk-ludwig.de\/en\/force-gauge\/","title":{"rendered":"Force gauge"},"content":{"rendered":"<div id=\"pl-5940\"  class=\"panel-layout\" ><div id=\"pg-5940-0\"  class=\"panel-grid panel-no-style\" ><div id=\"pgc-5940-0-0\"  class=\"panel-grid-cell\" ><div id=\"panel-5940-0-0-0\" class=\"so-panel widget widget_sow-editor panel-first-child panel-last-child\" data-index=\"0\" ><div\n\t\t\t\n\t\t\tclass=\"so-widget-sow-editor so-widget-sow-editor-base\"\n\t\t\t\n\t\t>\n<div class=\"siteorigin-widget-tinymce textwidget\">\n\t<p>Force measuring devices are used for the high-precision <strong>determination of ACTUAL values<\/strong>, which are related to pressure and tension stresses. These values are used to <strong>control stress-critical points<\/strong> and to <strong>calibrate<\/strong> testing equipment. In addition to indicating the applied stress, the force measuring device also provides information about the type of measurement. Tensile and compressive stresses are displayed in the desired physical unit on the display. Decreasing battery power supply or overload is reported through optical and acoustic warning signals.<\/p>\n<div>\n<h2>Electronic force gauge for mobile use<\/h2>\n<div>\n<p><a href=\"https:\/\/mpk-ludwig.de\/en\/force-gauge\/digital-force-gauge\/\">Mobile electronic force measuring<\/a> devices enable force measurement at any suitable point of a system. Because the highly accurate results contribute to the <strong>design, adaptation<\/strong>, or <strong>expansion of sensors<\/strong> on a unit. Therefore, force measurements can be carried out independently of location during routine inspections or targeted troubleshooting. An electronic force measuring device is particularly suitable for <strong>service providers<\/strong> who can perform measurements in-house or on-site upon customer request<\/p>\n<p>With a large and easily readable <strong>LCD display<\/strong>, all operation and control values are always in view. Fully encapsulated sensor buttons allow for <strong>interference-free operation<\/strong> even in environments heavily laden with dust. The <strong>robust and waterproof casing<\/strong> thus protects the electronic force measuring device well against splashing water, dew, humidity, and light impacts or falls.<\/p>\n<p><strong>Operation is very simple<\/strong>: once the tolerance range has been entered in the force gauge using an upper and lower target value, the test can be started. The force and tolerance ranges can be freely selected.<\/p>\n<p>The EFG series force gauge includes: Impact-resistant transport case, six accessories for various measuring applications, and a charger for the integrated battery. Where local power access is available, the force gauge can also be operated with a direct connection. For mobile applications, the integrated battery allows for several hours of operation.<\/p>\n<\/div>\n<h2>Hydraulic force gauge for on-site use without power supply<\/h2>\n<div>\n<p>A <a href=\"https:\/\/mpk-ludwig.de\/en\/force-gauge\/hydraulic-force-gauge\/\">hydraulic force gauge<\/a> is especially suited for <strong>quick, power-free operation<\/strong>. The hydraulic force gauge is in no way inferior to the electronic force gauge in terms of accuracy. The hydraulic force gauge is available in five different models. This ensures that the appropriate force gauge can be found for every application. The analog circular instruments work <strong>extremely reliably and with high precision<\/strong>. If desired, they can be replaced with digital models. These are particularly useful in darkness or for transferring data to a central collection point.<\/p>\n<p>The hydraulic force gauge of type HKS is designed for <strong>linear compressive stresses<\/strong>. The force is displayed immediately and linearly on the analog display during the application of force. A force reception range of 250-630 kN is available in the sensor area.<br \/>\nHigher compressive stresses of up to 1.6 MN can be determined with the HKL force gauge.<\/p>\n<p>If the compressive stresses are not linear but angularly offset, the hydraulic force gauge of type HK3 can determine the necessary values. With its three measuring points offset at 60\u00b0 angles to each other, the device is suitable, for example, for checking clamping systems on lathes.<\/p>\n<p>For the precise determination of tensile stresses, the hydraulic force measuring device of type HKZ is suitable. It is developed for testing purposes but can also be permanently installed. The type HKZ is available for up to 630 MN of tensile stress.<\/p>\n<\/div>\n<\/div>\n<\/div>\n<\/div><\/div><\/div><div id=\"pgc-5940-0-1\"  class=\"panel-grid-cell\" ><div id=\"panel-5940-0-1-0\" class=\"so-panel widget widget_sow-image panel-first-child\" data-index=\"1\" ><div class=\"image_button panel-widget-style panel-widget-style-for-5940-0-1-0\" ><div\n\t\t\t\n\t\t\tclass=\"so-widget-sow-image so-widget-sow-image-default-334eeca80698-5940\"\n\t\t\t\n\t\t>\n<div class=\"sow-image-container\">\n\t\t\t<a href=\"https:\/\/mpk-ludwig.de\/en\/force-gauge\/hydraulic-force-gauge\/\"\n\t\t\t\t\t>\n\t\t\t<img \n\tsrc=\"https:\/\/mpk-ludwig.de\/wp-content\/uploads\/2019\/04\/IMG_8077.jpg\" width=\"4435\" height=\"2956\" srcset=\"https:\/\/mpk-ludwig.de\/wp-content\/uploads\/2019\/04\/IMG_8077.jpg 4435w, https:\/\/mpk-ludwig.de\/wp-content\/uploads\/2019\/04\/IMG_8077-300x200.jpg 300w, https:\/\/mpk-ludwig.de\/wp-content\/uploads\/2019\/04\/IMG_8077-768x512.jpg 768w, https:\/\/mpk-ludwig.de\/wp-content\/uploads\/2019\/04\/IMG_8077-1024x683.jpg 1024w, https:\/\/mpk-ludwig.de\/wp-content\/uploads\/2019\/04\/IMG_8077-80x53.jpg 80w, https:\/\/mpk-ludwig.de\/wp-content\/uploads\/2019\/04\/IMG_8077-250x167.jpg 250w, https:\/\/mpk-ludwig.de\/wp-content\/uploads\/2019\/04\/IMG_8077-320x213.jpg 320w, https:\/\/mpk-ludwig.de\/wp-content\/uploads\/2019\/04\/IMG_8077-640x427.jpg 640w, https:\/\/mpk-ludwig.de\/wp-content\/uploads\/2019\/04\/IMG_8077-960x640.jpg 960w, https:\/\/mpk-ludwig.de\/wp-content\/uploads\/2019\/04\/IMG_8077-272x182.jpg 272w\" sizes=\"(max-width: 4435px) 100vw, 4435px\" title=\"Hydraulic force gauge\" alt=\"Hydraulic force gauge\" \t\tclass=\"so-widget-image\"\/>\n\t\t\t<\/a><\/div>\n\n<h3 class=\"widget-title\">Hydraulic force gauge<\/h3><\/div><\/div><\/div><div id=\"panel-5940-0-1-1\" class=\"so-panel widget widget_sow-image\" data-index=\"2\" ><div class=\"image_button panel-widget-style panel-widget-style-for-5940-0-1-1\" ><div\n\t\t\t\n\t\t\tclass=\"so-widget-sow-image so-widget-sow-image-default-8b5b6f678277-5940\"\n\t\t\t\n\t\t>\n<div class=\"sow-image-container\">\n\t\t\t<a href=\"https:\/\/mpk-ludwig.de\/en\/force-gauge\/digital-force-gauge\/\"\n\t\t\t\t\t>\n\t\t\t<img \n\tsrc=\"https:\/\/mpk-ludwig.de\/wp-content\/uploads\/2019\/09\/E41A6361-kl.jpg\" width=\"800\" height=\"533\" srcset=\"https:\/\/mpk-ludwig.de\/wp-content\/uploads\/2019\/09\/E41A6361-kl.jpg 800w, https:\/\/mpk-ludwig.de\/wp-content\/uploads\/2019\/09\/E41A6361-kl-300x200.jpg 300w, https:\/\/mpk-ludwig.de\/wp-content\/uploads\/2019\/09\/E41A6361-kl-768x512.jpg 768w, https:\/\/mpk-ludwig.de\/wp-content\/uploads\/2019\/09\/E41A6361-kl-80x53.jpg 80w, https:\/\/mpk-ludwig.de\/wp-content\/uploads\/2019\/09\/E41A6361-kl-250x167.jpg 250w, https:\/\/mpk-ludwig.de\/wp-content\/uploads\/2019\/09\/E41A6361-kl-320x213.jpg 320w, https:\/\/mpk-ludwig.de\/wp-content\/uploads\/2019\/09\/E41A6361-kl-640x426.jpg 640w, https:\/\/mpk-ludwig.de\/wp-content\/uploads\/2019\/09\/E41A6361-kl-600x400.jpg 600w, https:\/\/mpk-ludwig.de\/wp-content\/uploads\/2019\/09\/E41A6361-kl-272x182.jpg 272w\" sizes=\"(max-width: 800px) 100vw, 800px\" title=\"Digital force gauge\" alt=\"Digital force gauge\" \t\tclass=\"so-widget-image\"\/>\n\t\t\t<\/a><\/div>\n\n<h3 class=\"widget-title\">Digital force gauge<\/h3><\/div><\/div><\/div><div id=\"panel-5940-0-1-2\" class=\"so-panel widget widget_sow-image panel-last-child\" data-index=\"3\" ><div class=\"image_button panel-widget-style panel-widget-style-for-5940-0-1-2\" ><div\n\t\t\t\n\t\t\tclass=\"so-widget-sow-image so-widget-sow-image-default-8b5b6f678277-5940\"\n\t\t\t\n\t\t>\n<div class=\"sow-image-container\">\n\t\t\t<a href=\"https:\/\/mpk-ludwig.de\/en\/force-gauge\/force-transducer\/\"\n\t\t\t\t\t>\n\t\t\t<img \n\tsrc=\"https:\/\/mpk-ludwig.de\/wp-content\/uploads\/2020\/01\/kraftaufnehmer_ts.jpg\" width=\"170\" height=\"110\" srcset=\"https:\/\/mpk-ludwig.de\/wp-content\/uploads\/2020\/01\/kraftaufnehmer_ts.jpg 170w, https:\/\/mpk-ludwig.de\/wp-content\/uploads\/2020\/01\/kraftaufnehmer_ts-80x52.jpg 80w\" sizes=\"(max-width: 170px) 100vw, 170px\" title=\"Force transducer\" alt=\"Force transducer\" \t\tclass=\"so-widget-image\"\/>\n\t\t\t<\/a><\/div>\n\n<h3 class=\"widget-title\">Force transducer<\/h3><\/div><\/div><\/div><\/div><\/div><\/div>","protected":false},"excerpt":{"rendered":"<p>Force measuring devices are used for the high-precision determination of ACTUAL values, which are related to pressure and tension stresses. These values are used to control stress-critical points and to calibrate testing equipment. In addition to indicating the applied stress, the force measuring device also provides information about the type of measurement. Tensile and compressive [&hellip;]<\/p>\n","protected":false},"author":3,"featured_media":0,"parent":0,"menu_order":35,"comment_status":"closed","ping_status":"closed","template":"","meta":{"footnotes":""},"class_list":["post-5940","page","type-page","status-publish","hentry"],"yoast_head":"<!-- This site is optimized with the Yoast SEO plugin v27.3 - https:\/\/yoast.com\/product\/yoast-seo-wordpress\/ -->\n<title>Our Force gauge leaves nothing to chance<\/title>\n<meta name=\"description\" content=\"Discover high-precision force gauge for accurate measurement of compression and tension forces in quality control, research, and development.\" \/>\n<meta name=\"robots\" content=\"index, follow, max-snippet:-1, max-image-preview:large, max-video-preview:-1\" \/>\n<link rel=\"canonical\" href=\"https:\/\/mpk-ludwig.de\/en\/force-gauge\/\" \/>\n<meta property=\"og:locale\" content=\"en_US\" \/>\n<meta property=\"og:type\" content=\"article\" \/>\n<meta property=\"og:title\" content=\"Our Force gauge leaves nothing to chance\" \/>\n<meta property=\"og:description\" content=\"Discover high-precision force gauge for accurate measurement of compression and tension forces in quality control, research, and development.\" \/>\n<meta property=\"og:url\" content=\"https:\/\/mpk-ludwig.de\/en\/force-gauge\/\" \/>\n<meta property=\"og:site_name\" content=\"mpk-LUDWIG UG\" \/>\n<meta property=\"article:modified_time\" content=\"2024-04-02T14:50:16+00:00\" \/>\n<meta property=\"og:image\" content=\"https:\/\/mpk-ludwig.de\/wp-content\/uploads\/2020\/04\/mpk-fav.png\" \/>\n\t<meta property=\"og:image:width\" content=\"600\" \/>\n\t<meta property=\"og:image:height\" content=\"600\" \/>\n\t<meta property=\"og:image:type\" content=\"image\/png\" \/>\n<meta name=\"twitter:card\" content=\"summary_large_image\" \/>\n<meta name=\"twitter:label1\" content=\"Est. reading time\" \/>\n\t<meta name=\"twitter:data1\" content=\"3 minutes\" \/>\n<script type=\"application\/ld+json\" class=\"yoast-schema-graph\">{\"@context\":\"https:\\\/\\\/schema.org\",\"@graph\":[{\"@type\":\"WebPage\",\"@id\":\"https:\\\/\\\/mpk-ludwig.de\\\/en\\\/force-gauge\\\/\",\"url\":\"https:\\\/\\\/mpk-ludwig.de\\\/en\\\/force-gauge\\\/\",\"name\":\"Our Force gauge leaves nothing to chance\",\"isPartOf\":{\"@id\":\"https:\\\/\\\/mpk-ludwig.de\\\/en\\\/#website\"},\"datePublished\":\"2020-01-14T09:51:14+00:00\",\"dateModified\":\"2024-04-02T14:50:16+00:00\",\"description\":\"Discover high-precision force gauge for accurate measurement of compression and tension forces in quality control, research, and development.\",\"breadcrumb\":{\"@id\":\"https:\\\/\\\/mpk-ludwig.de\\\/en\\\/force-gauge\\\/#breadcrumb\"},\"inLanguage\":\"en-US\",\"potentialAction\":[{\"@type\":\"ReadAction\",\"target\":[\"https:\\\/\\\/mpk-ludwig.de\\\/en\\\/force-gauge\\\/\"]}]},{\"@type\":\"BreadcrumbList\",\"@id\":\"https:\\\/\\\/mpk-ludwig.de\\\/en\\\/force-gauge\\\/#breadcrumb\",\"itemListElement\":[{\"@type\":\"ListItem\",\"position\":1,\"name\":\"Startseite\",\"item\":\"https:\\\/\\\/mpk-ludwig.de\\\/en\\\/\"},{\"@type\":\"ListItem\",\"position\":2,\"name\":\"Force gauge\"}]},{\"@type\":\"WebSite\",\"@id\":\"https:\\\/\\\/mpk-ludwig.de\\\/en\\\/#website\",\"url\":\"https:\\\/\\\/mpk-ludwig.de\\\/en\\\/\",\"name\":\"mpk-LUDWIG UG\",\"description\":\"Zugpr\u00fcfmaschinen und Schraubenpr\u00fcfst\u00e4nde vom Profi\",\"publisher\":{\"@id\":\"https:\\\/\\\/mpk-ludwig.de\\\/en\\\/#organization\"},\"alternateName\":\"mpk Zugpr\u00fcfmaschinen\",\"potentialAction\":[{\"@type\":\"SearchAction\",\"target\":{\"@type\":\"EntryPoint\",\"urlTemplate\":\"https:\\\/\\\/mpk-ludwig.de\\\/en\\\/?s={search_term_string}\"},\"query-input\":{\"@type\":\"PropertyValueSpecification\",\"valueRequired\":true,\"valueName\":\"search_term_string\"}}],\"inLanguage\":\"en-US\"},{\"@type\":\"Organization\",\"@id\":\"https:\\\/\\\/mpk-ludwig.de\\\/en\\\/#organization\",\"name\":\"mpk LUDWIG UG\",\"url\":\"https:\\\/\\\/mpk-ludwig.de\\\/en\\\/\",\"logo\":{\"@type\":\"ImageObject\",\"inLanguage\":\"en-US\",\"@id\":\"https:\\\/\\\/mpk-ludwig.de\\\/en\\\/#\\\/schema\\\/logo\\\/image\\\/\",\"url\":\"https:\\\/\\\/mpk-ludwig.de\\\/wp-content\\\/uploads\\\/2019\\\/11\\\/mpk-LUDWIG-logo.png\",\"contentUrl\":\"https:\\\/\\\/mpk-ludwig.de\\\/wp-content\\\/uploads\\\/2019\\\/11\\\/mpk-LUDWIG-logo.png\",\"width\":600,\"height\":375,\"caption\":\"mpk LUDWIG UG\"},\"image\":{\"@id\":\"https:\\\/\\\/mpk-ludwig.de\\\/en\\\/#\\\/schema\\\/logo\\\/image\\\/\"},\"sameAs\":[\"https:\\\/\\\/www.youtube.com\\\/user\\\/Kraftaufnehmer\\\/\"]}]}<\/script>\n<!-- \/ Yoast SEO plugin. -->","yoast_head_json":{"title":"Our Force gauge leaves nothing to chance","description":"Discover high-precision force gauge for accurate measurement of compression and tension forces in quality control, research, and development.","robots":{"index":"index","follow":"follow","max-snippet":"max-snippet:-1","max-image-preview":"max-image-preview:large","max-video-preview":"max-video-preview:-1"},"canonical":"https:\/\/mpk-ludwig.de\/en\/force-gauge\/","og_locale":"en_US","og_type":"article","og_title":"Our Force gauge leaves nothing to chance","og_description":"Discover high-precision force gauge for accurate measurement of compression and tension forces in quality control, research, and development.","og_url":"https:\/\/mpk-ludwig.de\/en\/force-gauge\/","og_site_name":"mpk-LUDWIG UG","article_modified_time":"2024-04-02T14:50:16+00:00","og_image":[{"width":600,"height":600,"url":"https:\/\/mpk-ludwig.de\/wp-content\/uploads\/2020\/04\/mpk-fav.png","type":"image\/png"}],"twitter_card":"summary_large_image","twitter_misc":{"Est. reading time":"3 minutes"},"schema":{"@context":"https:\/\/schema.org","@graph":[{"@type":"WebPage","@id":"https:\/\/mpk-ludwig.de\/en\/force-gauge\/","url":"https:\/\/mpk-ludwig.de\/en\/force-gauge\/","name":"Our Force gauge leaves nothing to chance","isPartOf":{"@id":"https:\/\/mpk-ludwig.de\/en\/#website"},"datePublished":"2020-01-14T09:51:14+00:00","dateModified":"2024-04-02T14:50:16+00:00","description":"Discover high-precision force gauge for accurate measurement of compression and tension forces in quality control, research, and development.","breadcrumb":{"@id":"https:\/\/mpk-ludwig.de\/en\/force-gauge\/#breadcrumb"},"inLanguage":"en-US","potentialAction":[{"@type":"ReadAction","target":["https:\/\/mpk-ludwig.de\/en\/force-gauge\/"]}]},{"@type":"BreadcrumbList","@id":"https:\/\/mpk-ludwig.de\/en\/force-gauge\/#breadcrumb","itemListElement":[{"@type":"ListItem","position":1,"name":"Startseite","item":"https:\/\/mpk-ludwig.de\/en\/"},{"@type":"ListItem","position":2,"name":"Force gauge"}]},{"@type":"WebSite","@id":"https:\/\/mpk-ludwig.de\/en\/#website","url":"https:\/\/mpk-ludwig.de\/en\/","name":"mpk-LUDWIG UG","description":"Zugpr\u00fcfmaschinen und Schraubenpr\u00fcfst\u00e4nde vom Profi","publisher":{"@id":"https:\/\/mpk-ludwig.de\/en\/#organization"},"alternateName":"mpk Zugpr\u00fcfmaschinen","potentialAction":[{"@type":"SearchAction","target":{"@type":"EntryPoint","urlTemplate":"https:\/\/mpk-ludwig.de\/en\/?s={search_term_string}"},"query-input":{"@type":"PropertyValueSpecification","valueRequired":true,"valueName":"search_term_string"}}],"inLanguage":"en-US"},{"@type":"Organization","@id":"https:\/\/mpk-ludwig.de\/en\/#organization","name":"mpk LUDWIG UG","url":"https:\/\/mpk-ludwig.de\/en\/","logo":{"@type":"ImageObject","inLanguage":"en-US","@id":"https:\/\/mpk-ludwig.de\/en\/#\/schema\/logo\/image\/","url":"https:\/\/mpk-ludwig.de\/wp-content\/uploads\/2019\/11\/mpk-LUDWIG-logo.png","contentUrl":"https:\/\/mpk-ludwig.de\/wp-content\/uploads\/2019\/11\/mpk-LUDWIG-logo.png","width":600,"height":375,"caption":"mpk LUDWIG UG"},"image":{"@id":"https:\/\/mpk-ludwig.de\/en\/#\/schema\/logo\/image\/"},"sameAs":["https:\/\/www.youtube.com\/user\/Kraftaufnehmer\/"]}]}},"_links":{"self":[{"href":"https:\/\/mpk-ludwig.de\/en\/wp-json\/wp\/v2\/pages\/5940","targetHints":{"allow":["GET"]}}],"collection":[{"href":"https:\/\/mpk-ludwig.de\/en\/wp-json\/wp\/v2\/pages"}],"about":[{"href":"https:\/\/mpk-ludwig.de\/en\/wp-json\/wp\/v2\/types\/page"}],"author":[{"embeddable":true,"href":"https:\/\/mpk-ludwig.de\/en\/wp-json\/wp\/v2\/users\/3"}],"replies":[{"embeddable":true,"href":"https:\/\/mpk-ludwig.de\/en\/wp-json\/wp\/v2\/comments?post=5940"}],"version-history":[{"count":3,"href":"https:\/\/mpk-ludwig.de\/en\/wp-json\/wp\/v2\/pages\/5940\/revisions"}],"predecessor-version":[{"id":5997,"href":"https:\/\/mpk-ludwig.de\/en\/wp-json\/wp\/v2\/pages\/5940\/revisions\/5997"}],"wp:attachment":[{"href":"https:\/\/mpk-ludwig.de\/en\/wp-json\/wp\/v2\/media?parent=5940"}],"curies":[{"name":"wp","href":"https:\/\/api.w.org\/{rel}","templated":true}]}}