{"id":5942,"date":"2019-04-12T14:12:31","date_gmt":"2019-04-12T12:12:31","guid":{"rendered":"https:\/\/mpk-ludwig.de\/?page_id=5942"},"modified":"2024-04-02T16:53:07","modified_gmt":"2024-04-02T14:53:07","slug":"hydraulic-force-gauge","status":"publish","type":"page","link":"https:\/\/mpk-ludwig.de\/en\/force-gauge\/hydraulic-force-gauge\/","title":{"rendered":"Hydraulic force gauge"},"content":{"rendered":"<div id=\"pl-5942\"  class=\"panel-layout\" ><div id=\"pg-5942-0\"  class=\"panel-grid panel-no-style\" ><div id=\"pgc-5942-0-0\"  class=\"panel-grid-cell\" ><div id=\"panel-5942-0-0-0\" class=\"so-panel widget widget_sow-editor panel-first-child panel-last-child\" data-index=\"0\" ><div\n\t\t\t\n\t\t\tclass=\"so-widget-sow-editor so-widget-sow-editor-base\"\n\t\t\t\n\t\t>\n<div class=\"siteorigin-widget-tinymce textwidget\">\n\t<div>Our hydraulic force gauges are naturally based on the principle of hydraulic power transmission. As opposed to our digital force gauges, the hydraulic force gauges are <strong>easy to use<\/strong> and <strong>do not require electricity<\/strong> to be operated.<\/div>\n<div><\/div>\n<div>Hydraulic force gauges are used in a variety of applications and <strong>industries<\/strong> such as <strong>mechanical engineering and plant construction<\/strong>. They can be designed for <strong>occasional<\/strong> or <strong>ongoing<\/strong> use. Among the most important tasks that a hydraulic force gauge has to fulfill are <strong>controlled measurements pressure forces<\/strong>. To this end, a force acts on the piston, which is then converted into hydraulic pressure. The resultant pressure on the dial gauge can then be read off.<\/div>\n<h2>Hydraulic force gauges: Shock protection system<\/h2>\n<div>The stainless steel pressure system has been equipped with a unique \"<a href=\"https:\/\/en.wikipedia.org\/wiki\/Incabloc_shock_protection_system\" target=\"_blank\" rel=\"noopener\">shock protection system<\/a>\" so that impacts against the cylinder have only a minimal effect on the measuring mechanism.<\/div>\n<\/div>\n<\/div><\/div><\/div><\/div><div id=\"pg-5942-1\"  class=\"panel-grid panel-no-style\" ><div id=\"pgc-5942-1-0\"  class=\"panel-grid-cell\" ><div id=\"panel-5942-1-0-0\" class=\"so-panel widget widget_web2_title_widget panel-first-child\" data-index=\"1\" ><div\n\t\t\t\n\t\t\tclass=\"so-widget-web2_title_widget so-widget-web2_title_widget-default-d75171398898-5942\"\n\t\t\t\n\t\t><h3 class=\"web2-title textalign--center web2-title--default\"><span>HKS<\/span><\/h3><\/div><\/div><div id=\"panel-5942-1-0-1\" class=\"so-panel widget widget_sow-image\" data-index=\"2\" ><div\n\t\t\t\n\t\t\tclass=\"so-widget-sow-image so-widget-sow-image-default-113ccd71f3e6-5942\"\n\t\t\t\n\t\t>\n<div class=\"sow-image-container\">\n\t\t<img \n\tsrc=\"https:\/\/mpk-ludwig.de\/wp-content\/uploads\/2020\/01\/hks.jpg\" width=\"98\" height=\"160\" srcset=\"https:\/\/mpk-ludwig.de\/wp-content\/uploads\/2020\/01\/hks.jpg 98w, https:\/\/mpk-ludwig.de\/wp-content\/uploads\/2020\/01\/hks-49x80.jpg 49w\" sizes=\"(max-width: 98px) 100vw, 98px\" title=\"HKS\" alt=\"HKS\" \t\tclass=\"so-widget-image\"\/>\n\t<\/div>\n\n<\/div><\/div><div id=\"panel-5942-1-0-2\" class=\"so-panel widget widget_sow-button panel-last-child\" data-index=\"3\" ><div\n\t\t\t\n\t\t\tclass=\"so-widget-sow-button so-widget-sow-button-flat-a33744d81660-5942\"\n\t\t\t\n\t\t><div class=\"ow-button-base ow-button-align-center\"\n>\n\t\t\t<a\n\t\t\t\t\thref=\"https:\/\/mpk-ludwig.de\/wp-content\/uploads\/2020\/01\/datenblatt_hks.pdf\"\n\t\t\t\t\tclass=\"sowb-button ow-icon-placement-left ow-button-hover\" target=\"_blank\" rel=\"noopener noreferrer\" \t>\n\t\t<span>\n\t\t\t<span class=\"sow-icon-fontawesome sow-fas\" data-sow-icon=\"&#xf46d;\"\n\t\tstyle=\"\" \n\t\taria-hidden=\"true\"><\/span>\n\t\t\tdata sheet HKS\t\t<\/span>\n\t\t\t<\/a>\n\t<\/div>\n<\/div><\/div><\/div><div id=\"pgc-5942-1-1\"  class=\"panel-grid-cell\" ><div id=\"panel-5942-1-1-0\" class=\"so-panel widget widget_web2_title_widget panel-first-child\" data-index=\"4\" ><div\n\t\t\t\n\t\t\tclass=\"so-widget-web2_title_widget so-widget-web2_title_widget-default-d75171398898-5942\"\n\t\t\t\n\t\t><h3 class=\"web2-title textalign--center web2-title--default\"><span>HKL<\/span><\/h3><\/div><\/div><div id=\"panel-5942-1-1-1\" class=\"so-panel widget widget_sow-image\" data-index=\"5\" ><div\n\t\t\t\n\t\t\tclass=\"so-widget-sow-image so-widget-sow-image-default-113ccd71f3e6-5942\"\n\t\t\t\n\t\t>\n<div class=\"sow-image-container\">\n\t\t<img \n\tsrc=\"https:\/\/mpk-ludwig.de\/wp-content\/uploads\/2020\/01\/hkl.jpg\" width=\"98\" height=\"160\" srcset=\"https:\/\/mpk-ludwig.de\/wp-content\/uploads\/2020\/01\/hkl.jpg 98w, https:\/\/mpk-ludwig.de\/wp-content\/uploads\/2020\/01\/hkl-49x80.jpg 49w\" sizes=\"(max-width: 98px) 100vw, 98px\" title=\"HKL\" alt=\"HKL\" \t\tclass=\"so-widget-image\"\/>\n\t<\/div>\n\n<\/div><\/div><div id=\"panel-5942-1-1-2\" class=\"so-panel widget widget_sow-button panel-last-child\" data-index=\"6\" ><div\n\t\t\t\n\t\t\tclass=\"so-widget-sow-button so-widget-sow-button-flat-a33744d81660-5942\"\n\t\t\t\n\t\t><div class=\"ow-button-base ow-button-align-center\"\n>\n\t\t\t<a\n\t\t\t\t\thref=\"https:\/\/mpk-ludwig.de\/wp-content\/uploads\/2020\/01\/datenblatt_hkl.pdf\"\n\t\t\t\t\tclass=\"sowb-button ow-icon-placement-left ow-button-hover\" target=\"_blank\" rel=\"noopener noreferrer\" \t>\n\t\t<span>\n\t\t\t<span class=\"sow-icon-fontawesome sow-fas\" data-sow-icon=\"&#xf46d;\"\n\t\tstyle=\"\" \n\t\taria-hidden=\"true\"><\/span>\n\t\t\tdata sheet HKL\t\t<\/span>\n\t\t\t<\/a>\n\t<\/div>\n<\/div><\/div><\/div><div id=\"pgc-5942-1-2\"  class=\"panel-grid-cell\" ><div id=\"panel-5942-1-2-0\" class=\"so-panel widget widget_web2_title_widget panel-first-child\" data-index=\"7\" ><div\n\t\t\t\n\t\t\tclass=\"so-widget-web2_title_widget so-widget-web2_title_widget-default-d75171398898-5942\"\n\t\t\t\n\t\t><h3 class=\"web2-title textalign--center web2-title--default\"><span>HKK<\/span><\/h3><\/div><\/div><div id=\"panel-5942-1-2-1\" class=\"so-panel widget widget_sow-image\" data-index=\"8\" ><div\n\t\t\t\n\t\t\tclass=\"so-widget-sow-image so-widget-sow-image-default-113ccd71f3e6-5942\"\n\t\t\t\n\t\t>\n<div class=\"sow-image-container\">\n\t\t<img \n\tsrc=\"https:\/\/mpk-ludwig.de\/wp-content\/uploads\/2020\/01\/hkk.jpg\" width=\"98\" height=\"160\" srcset=\"https:\/\/mpk-ludwig.de\/wp-content\/uploads\/2020\/01\/hkk.jpg 98w, https:\/\/mpk-ludwig.de\/wp-content\/uploads\/2020\/01\/hkk-49x80.jpg 49w\" sizes=\"(max-width: 98px) 100vw, 98px\" title=\"HKK\" alt=\"HKK\" \t\tclass=\"so-widget-image\"\/>\n\t<\/div>\n\n<\/div><\/div><div id=\"panel-5942-1-2-2\" class=\"so-panel widget widget_sow-button panel-last-child\" data-index=\"9\" ><div\n\t\t\t\n\t\t\tclass=\"so-widget-sow-button so-widget-sow-button-flat-a33744d81660-5942\"\n\t\t\t\n\t\t><div class=\"ow-button-base ow-button-align-center\"\n>\n\t\t\t<a\n\t\t\t\t\thref=\"https:\/\/mpk-ludwig.de\/wp-content\/uploads\/2020\/01\/datenblatt_hkk.pdf\"\n\t\t\t\t\tclass=\"sowb-button ow-icon-placement-left ow-button-hover\" target=\"_blank\" rel=\"noopener noreferrer\" \t>\n\t\t<span>\n\t\t\t<span class=\"sow-icon-fontawesome sow-fas\" data-sow-icon=\"&#xf46d;\"\n\t\tstyle=\"\" \n\t\taria-hidden=\"true\"><\/span>\n\t\t\tdata sheet HKK\t\t<\/span>\n\t\t\t<\/a>\n\t<\/div>\n<\/div><\/div><\/div><div id=\"pgc-5942-1-3\"  class=\"panel-grid-cell\" ><div id=\"panel-5942-1-3-0\" class=\"so-panel widget widget_web2_title_widget panel-first-child\" data-index=\"10\" ><div\n\t\t\t\n\t\t\tclass=\"so-widget-web2_title_widget so-widget-web2_title_widget-default-d75171398898-5942\"\n\t\t\t\n\t\t><h3 class=\"web2-title textalign--center web2-title--default\"><span>HKZ<\/span><\/h3><\/div><\/div><div id=\"panel-5942-1-3-1\" class=\"so-panel widget widget_sow-image\" data-index=\"11\" ><div\n\t\t\t\n\t\t\tclass=\"so-widget-sow-image so-widget-sow-image-default-113ccd71f3e6-5942\"\n\t\t\t\n\t\t>\n<div class=\"sow-image-container\">\n\t\t<img \n\tsrc=\"https:\/\/mpk-ludwig.de\/wp-content\/uploads\/2020\/01\/hkz.jpg\" width=\"98\" height=\"160\" srcset=\"https:\/\/mpk-ludwig.de\/wp-content\/uploads\/2020\/01\/hkz.jpg 98w, https:\/\/mpk-ludwig.de\/wp-content\/uploads\/2020\/01\/hkz-49x80.jpg 49w\" sizes=\"(max-width: 98px) 100vw, 98px\" title=\"HKZ\" alt=\"HKZ\" \t\tclass=\"so-widget-image\"\/>\n\t<\/div>\n\n<\/div><\/div><div id=\"panel-5942-1-3-2\" class=\"so-panel widget widget_sow-button panel-last-child\" data-index=\"12\" ><div\n\t\t\t\n\t\t\tclass=\"so-widget-sow-button so-widget-sow-button-flat-a33744d81660-5942\"\n\t\t\t\n\t\t><div class=\"ow-button-base ow-button-align-center\"\n>\n\t\t\t<a\n\t\t\t\t\thref=\"https:\/\/mpk-ludwig.de\/wp-content\/uploads\/2020\/01\/datenblatt_hkz.pdf\"\n\t\t\t\t\tclass=\"sowb-button ow-icon-placement-left ow-button-hover\" target=\"_blank\" rel=\"noopener noreferrer\" \t>\n\t\t<span>\n\t\t\t<span class=\"sow-icon-fontawesome sow-fas\" data-sow-icon=\"&#xf46d;\"\n\t\tstyle=\"\" \n\t\taria-hidden=\"true\"><\/span>\n\t\t\tdata sheet HKZ\t\t<\/span>\n\t\t\t<\/a>\n\t<\/div>\n<\/div><\/div><\/div><div id=\"pgc-5942-1-4\"  class=\"panel-grid-cell\" ><div id=\"panel-5942-1-4-0\" class=\"so-panel widget widget_web2_title_widget panel-first-child\" data-index=\"13\" ><div\n\t\t\t\n\t\t\tclass=\"so-widget-web2_title_widget so-widget-web2_title_widget-default-d75171398898-5942\"\n\t\t\t\n\t\t><h3 class=\"web2-title textalign--center web2-title--default\"><span>HK3<\/span><\/h3><\/div><\/div><div id=\"panel-5942-1-4-1\" class=\"so-panel widget widget_sow-image\" data-index=\"14\" ><div\n\t\t\t\n\t\t\tclass=\"so-widget-sow-image so-widget-sow-image-default-113ccd71f3e6-5942\"\n\t\t\t\n\t\t>\n<div class=\"sow-image-container\">\n\t\t<img \n\tsrc=\"https:\/\/mpk-ludwig.de\/wp-content\/uploads\/2020\/01\/hk3.jpg\" width=\"98\" height=\"160\" srcset=\"https:\/\/mpk-ludwig.de\/wp-content\/uploads\/2020\/01\/hk3.jpg 98w, https:\/\/mpk-ludwig.de\/wp-content\/uploads\/2020\/01\/hk3-49x80.jpg 49w\" sizes=\"(max-width: 98px) 100vw, 98px\" title=\"HK3\" alt=\"HK3\" \t\tclass=\"so-widget-image\"\/>\n\t<\/div>\n\n<\/div><\/div><div id=\"panel-5942-1-4-2\" class=\"so-panel widget widget_sow-button panel-last-child\" data-index=\"15\" ><div\n\t\t\t\n\t\t\tclass=\"so-widget-sow-button so-widget-sow-button-flat-a33744d81660-5942\"\n\t\t\t\n\t\t><div class=\"ow-button-base ow-button-align-center\"\n>\n\t\t\t<a\n\t\t\t\t\thref=\"https:\/\/mpk-ludwig.de\/wp-content\/uploads\/2020\/01\/datenblatt_hk3.pdf\"\n\t\t\t\t\tclass=\"sowb-button ow-icon-placement-left ow-button-hover\" target=\"_blank\" rel=\"noopener noreferrer\" \t>\n\t\t<span>\n\t\t\t<span class=\"sow-icon-fontawesome sow-fas\" data-sow-icon=\"&#xf46d;\"\n\t\tstyle=\"\" \n\t\taria-hidden=\"true\"><\/span>\n\t\t\tdata sheet HK3\t\t<\/span>\n\t\t\t<\/a>\n\t<\/div>\n<\/div><\/div><\/div><\/div><div id=\"pg-5942-2\"  class=\"panel-grid panel-no-style\" ><div id=\"pgc-5942-2-0\"  class=\"panel-grid-cell\" ><div id=\"panel-5942-2-0-0\" class=\"so-panel widget widget_sow-editor panel-first-child\" data-index=\"16\" ><div\n\t\t\t\n\t\t\tclass=\"so-widget-sow-editor so-widget-sow-editor-base\"\n\t\t\t\n\t\t>\n<div class=\"siteorigin-widget-tinymce textwidget\">\n\t<h2 class=\"small-2 columns\">Hydraulic force gauge - cost-effective and simple<\/h2>\n<div class=\"small-2 columns\">Our hydraulic force gauges are available in many variants, all of which are <strong>simple<\/strong> and <strong>easy to use<\/strong>. The essential components that any hydraulic force gauge possesses are the <strong>force transducer<\/strong> and the <strong>dial gauge<\/strong>. The force transducer is a piston and the force is measured with the dial gauge in either Newtons or Kilonewtons. Hydraulic pressure ensures that the absorbed force can be read by the dial gauge.<\/div>\n<h2>Hydraulic force gauge - Field of application<\/h2>\n<div>Fundamentally, a hydraulic force measuring device can be used anywhere where pressure forces are to be measured. In most cases, these are static pressure forces. Important areas of application are <strong>maintenance measurements<\/strong> and <strong>industrial work<\/strong>. To meet various practical requirements, a hydraulic force measuring device is designed either for occasional or for permanent use. Moreover, a hydraulic force measuring device can be very simple or complex in construction. The latter especially applies to a hydraulic force measuring device that is intended for permanent use in industrial or in machinery and plant engineering.<\/div>\n<h2>Hydraulic power transmission<\/h2>\n<p>A hydraulic force measuring device operates on the principle of <strong>hydraulic force transmission<\/strong>. In order for the force acting on the piston to be converted into hydraulic pressure and transmitted to the connected measuring device, the time of force rise must not fall below one second. This limit is precisely defined and should be adhered to in order to ensure flawless function and accurate measurement.<\/p>\n<h3>Units of measurement and measuring ranges<\/h3>\n<div>The device is scaled in either <strong>newtons<\/strong> or <strong>kilonewtons<\/strong>. In addition, the measuring ranges that can be displayed by the hydraulic force gauge are very different. This is to take account of the fact that hydraulic force gauges can be used in many areas of industry or manufacturing. For smaller measuring ranges, a small hydraulic force gauge, which can also have a very simple design, is completely sufficient. The situation is somewhat different when larger forces are involved. Here, both larger hydraulic force gauges and larger measuring ranges are required. In addition, a hydraulic force gauge must be resilient, accurate and precise.<\/div>\n<div><\/div>\n<h2>We advise you<\/h2>\n<div>Whether you are interested in a hydraulic or <a href=\"https:\/\/mpk-ludwig.de\/en\/force-gauge\/digital-force-gauge\/\">digital force measuring<\/a> device or have a specific question, we can provide you with expert advice at any time! Simply give us a call or contact us by e-mail or via our <a href=\"https:\/\/mpk-ludwig.de\/en\/contact\/\">contact form<\/a>.<\/div>\n<\/div>\n<\/div><\/div><div id=\"panel-5942-2-0-1\" class=\"so-panel widget widget_media_image panel-last-child\" data-index=\"17\" ><img loading=\"lazy\" decoding=\"async\" width=\"5044\" height=\"2985\" src=\"https:\/\/mpk-ludwig.de\/wp-content\/uploads\/2019\/04\/IMG_8097.jpg\" class=\"image wp-image-1927  attachment-full size-full\" alt=\"Gruppenbild aller hydraulischen Kraftmessger\u00e4te (Dynamometer)\" style=\"max-width: 100%; height: auto;\" srcset=\"https:\/\/mpk-ludwig.de\/wp-content\/uploads\/2019\/04\/IMG_8097.jpg 5044w, https:\/\/mpk-ludwig.de\/wp-content\/uploads\/2019\/04\/IMG_8097-300x178.jpg 300w, https:\/\/mpk-ludwig.de\/wp-content\/uploads\/2019\/04\/IMG_8097-768x454.jpg 768w, https:\/\/mpk-ludwig.de\/wp-content\/uploads\/2019\/04\/IMG_8097-1024x606.jpg 1024w, https:\/\/mpk-ludwig.de\/wp-content\/uploads\/2019\/04\/IMG_8097-80x47.jpg 80w, https:\/\/mpk-ludwig.de\/wp-content\/uploads\/2019\/04\/IMG_8097-250x148.jpg 250w, https:\/\/mpk-ludwig.de\/wp-content\/uploads\/2019\/04\/IMG_8097-320x189.jpg 320w, https:\/\/mpk-ludwig.de\/wp-content\/uploads\/2019\/04\/IMG_8097-640x379.jpg 640w, https:\/\/mpk-ludwig.de\/wp-content\/uploads\/2019\/04\/IMG_8097-960x568.jpg 960w\" sizes=\"auto, (max-width: 5044px) 100vw, 5044px\" \/><\/div><\/div><\/div><\/div>","protected":false},"excerpt":{"rendered":"<p>Our hydraulic force gauges are naturally based on the principle of hydraulic power transmission. As opposed to our digital force gauges, the hydraulic force gauges are easy to use and do not require electricity to be operated. Hydraulic force gauges are used in a variety of applications and industries such as mechanical engineering and plant [&hellip;]<\/p>\n","protected":false},"author":3,"featured_media":0,"parent":5940,"menu_order":10,"comment_status":"closed","ping_status":"closed","template":"","meta":{"footnotes":""},"class_list":["post-5942","page","type-page","status-publish","hentry"],"yoast_head":"<!-- This site is optimized with the Yoast SEO plugin v27.3 - https:\/\/yoast.com\/product\/yoast-seo-wordpress\/ -->\n<title>Hydraulic force gauge | Precision Force Measurement Tools<\/title>\n<meta name=\"description\" content=\"Explore top-grade hydraulic force gauges for reliable, high-precision measurement of forces in industrial, laboratory, and field settings.\" \/>\n<meta name=\"robots\" content=\"index, follow, max-snippet:-1, max-image-preview:large, max-video-preview:-1\" \/>\n<link rel=\"canonical\" href=\"https:\/\/mpk-ludwig.de\/en\/force-gauge\/hydraulic-force-gauge\/\" \/>\n<meta property=\"og:locale\" content=\"en_US\" \/>\n<meta property=\"og:type\" content=\"article\" \/>\n<meta property=\"og:title\" content=\"Hydraulic force gauge | Precision Force Measurement Tools\" \/>\n<meta property=\"og:description\" content=\"Explore top-grade hydraulic force gauges for reliable, high-precision measurement of forces in industrial, laboratory, and field settings.\" \/>\n<meta property=\"og:url\" content=\"https:\/\/mpk-ludwig.de\/en\/force-gauge\/hydraulic-force-gauge\/\" \/>\n<meta property=\"og:site_name\" content=\"mpk-LUDWIG UG\" \/>\n<meta property=\"article:modified_time\" content=\"2024-04-02T14:53:07+00:00\" \/>\n<meta property=\"og:image\" content=\"https:\/\/mpk-ludwig.de\/wp-content\/uploads\/2020\/04\/mpk-fav.png\" \/>\n\t<meta property=\"og:image:width\" content=\"600\" \/>\n\t<meta property=\"og:image:height\" content=\"600\" \/>\n\t<meta property=\"og:image:type\" content=\"image\/png\" \/>\n<meta name=\"twitter:card\" content=\"summary_large_image\" \/>\n<meta name=\"twitter:label1\" content=\"Est. reading time\" \/>\n\t<meta name=\"twitter:data1\" content=\"3 minutes\" \/>\n<script type=\"application\/ld+json\" class=\"yoast-schema-graph\">{\"@context\":\"https:\\\/\\\/schema.org\",\"@graph\":[{\"@type\":\"WebPage\",\"@id\":\"https:\\\/\\\/mpk-ludwig.de\\\/en\\\/force-gauge\\\/hydraulic-force-gauge\\\/\",\"url\":\"https:\\\/\\\/mpk-ludwig.de\\\/en\\\/force-gauge\\\/hydraulic-force-gauge\\\/\",\"name\":\"Hydraulic force gauge | Precision Force Measurement Tools\",\"isPartOf\":{\"@id\":\"https:\\\/\\\/mpk-ludwig.de\\\/en\\\/#website\"},\"datePublished\":\"2019-04-12T12:12:31+00:00\",\"dateModified\":\"2024-04-02T14:53:07+00:00\",\"description\":\"Explore top-grade hydraulic force gauges for reliable, high-precision measurement of forces in industrial, laboratory, and field settings.\",\"breadcrumb\":{\"@id\":\"https:\\\/\\\/mpk-ludwig.de\\\/en\\\/force-gauge\\\/hydraulic-force-gauge\\\/#breadcrumb\"},\"inLanguage\":\"en-US\",\"potentialAction\":[{\"@type\":\"ReadAction\",\"target\":[\"https:\\\/\\\/mpk-ludwig.de\\\/en\\\/force-gauge\\\/hydraulic-force-gauge\\\/\"]}]},{\"@type\":\"BreadcrumbList\",\"@id\":\"https:\\\/\\\/mpk-ludwig.de\\\/en\\\/force-gauge\\\/hydraulic-force-gauge\\\/#breadcrumb\",\"itemListElement\":[{\"@type\":\"ListItem\",\"position\":1,\"name\":\"Startseite\",\"item\":\"https:\\\/\\\/mpk-ludwig.de\\\/en\\\/\"},{\"@type\":\"ListItem\",\"position\":2,\"name\":\"Force gauge\",\"item\":\"https:\\\/\\\/mpk-ludwig.de\\\/en\\\/force-gauge\\\/\"},{\"@type\":\"ListItem\",\"position\":3,\"name\":\"Hydraulic force gauge\"}]},{\"@type\":\"WebSite\",\"@id\":\"https:\\\/\\\/mpk-ludwig.de\\\/en\\\/#website\",\"url\":\"https:\\\/\\\/mpk-ludwig.de\\\/en\\\/\",\"name\":\"mpk-LUDWIG UG\",\"description\":\"Zugpr\u00fcfmaschinen und Schraubenpr\u00fcfst\u00e4nde vom Profi\",\"publisher\":{\"@id\":\"https:\\\/\\\/mpk-ludwig.de\\\/en\\\/#organization\"},\"alternateName\":\"mpk Zugpr\u00fcfmaschinen\",\"potentialAction\":[{\"@type\":\"SearchAction\",\"target\":{\"@type\":\"EntryPoint\",\"urlTemplate\":\"https:\\\/\\\/mpk-ludwig.de\\\/en\\\/?s={search_term_string}\"},\"query-input\":{\"@type\":\"PropertyValueSpecification\",\"valueRequired\":true,\"valueName\":\"search_term_string\"}}],\"inLanguage\":\"en-US\"},{\"@type\":\"Organization\",\"@id\":\"https:\\\/\\\/mpk-ludwig.de\\\/en\\\/#organization\",\"name\":\"mpk LUDWIG UG\",\"url\":\"https:\\\/\\\/mpk-ludwig.de\\\/en\\\/\",\"logo\":{\"@type\":\"ImageObject\",\"inLanguage\":\"en-US\",\"@id\":\"https:\\\/\\\/mpk-ludwig.de\\\/en\\\/#\\\/schema\\\/logo\\\/image\\\/\",\"url\":\"https:\\\/\\\/mpk-ludwig.de\\\/wp-content\\\/uploads\\\/2019\\\/11\\\/mpk-LUDWIG-logo.png\",\"contentUrl\":\"https:\\\/\\\/mpk-ludwig.de\\\/wp-content\\\/uploads\\\/2019\\\/11\\\/mpk-LUDWIG-logo.png\",\"width\":600,\"height\":375,\"caption\":\"mpk LUDWIG UG\"},\"image\":{\"@id\":\"https:\\\/\\\/mpk-ludwig.de\\\/en\\\/#\\\/schema\\\/logo\\\/image\\\/\"},\"sameAs\":[\"https:\\\/\\\/www.youtube.com\\\/user\\\/Kraftaufnehmer\\\/\"]}]}<\/script>\n<!-- \/ Yoast SEO plugin. -->","yoast_head_json":{"title":"Hydraulic force gauge | Precision Force Measurement Tools","description":"Explore top-grade hydraulic force gauges for reliable, high-precision measurement of forces in industrial, laboratory, and field settings.","robots":{"index":"index","follow":"follow","max-snippet":"max-snippet:-1","max-image-preview":"max-image-preview:large","max-video-preview":"max-video-preview:-1"},"canonical":"https:\/\/mpk-ludwig.de\/en\/force-gauge\/hydraulic-force-gauge\/","og_locale":"en_US","og_type":"article","og_title":"Hydraulic force gauge | Precision Force Measurement Tools","og_description":"Explore top-grade hydraulic force gauges for reliable, high-precision measurement of forces in industrial, laboratory, and field settings.","og_url":"https:\/\/mpk-ludwig.de\/en\/force-gauge\/hydraulic-force-gauge\/","og_site_name":"mpk-LUDWIG UG","article_modified_time":"2024-04-02T14:53:07+00:00","og_image":[{"width":600,"height":600,"url":"https:\/\/mpk-ludwig.de\/wp-content\/uploads\/2020\/04\/mpk-fav.png","type":"image\/png"}],"twitter_card":"summary_large_image","twitter_misc":{"Est. reading time":"3 minutes"},"schema":{"@context":"https:\/\/schema.org","@graph":[{"@type":"WebPage","@id":"https:\/\/mpk-ludwig.de\/en\/force-gauge\/hydraulic-force-gauge\/","url":"https:\/\/mpk-ludwig.de\/en\/force-gauge\/hydraulic-force-gauge\/","name":"Hydraulic force gauge | Precision Force Measurement Tools","isPartOf":{"@id":"https:\/\/mpk-ludwig.de\/en\/#website"},"datePublished":"2019-04-12T12:12:31+00:00","dateModified":"2024-04-02T14:53:07+00:00","description":"Explore top-grade hydraulic force gauges for reliable, high-precision measurement of forces in industrial, laboratory, and field settings.","breadcrumb":{"@id":"https:\/\/mpk-ludwig.de\/en\/force-gauge\/hydraulic-force-gauge\/#breadcrumb"},"inLanguage":"en-US","potentialAction":[{"@type":"ReadAction","target":["https:\/\/mpk-ludwig.de\/en\/force-gauge\/hydraulic-force-gauge\/"]}]},{"@type":"BreadcrumbList","@id":"https:\/\/mpk-ludwig.de\/en\/force-gauge\/hydraulic-force-gauge\/#breadcrumb","itemListElement":[{"@type":"ListItem","position":1,"name":"Startseite","item":"https:\/\/mpk-ludwig.de\/en\/"},{"@type":"ListItem","position":2,"name":"Force gauge","item":"https:\/\/mpk-ludwig.de\/en\/force-gauge\/"},{"@type":"ListItem","position":3,"name":"Hydraulic force gauge"}]},{"@type":"WebSite","@id":"https:\/\/mpk-ludwig.de\/en\/#website","url":"https:\/\/mpk-ludwig.de\/en\/","name":"mpk-LUDWIG UG","description":"Zugpr\u00fcfmaschinen und Schraubenpr\u00fcfst\u00e4nde vom Profi","publisher":{"@id":"https:\/\/mpk-ludwig.de\/en\/#organization"},"alternateName":"mpk Zugpr\u00fcfmaschinen","potentialAction":[{"@type":"SearchAction","target":{"@type":"EntryPoint","urlTemplate":"https:\/\/mpk-ludwig.de\/en\/?s={search_term_string}"},"query-input":{"@type":"PropertyValueSpecification","valueRequired":true,"valueName":"search_term_string"}}],"inLanguage":"en-US"},{"@type":"Organization","@id":"https:\/\/mpk-ludwig.de\/en\/#organization","name":"mpk LUDWIG UG","url":"https:\/\/mpk-ludwig.de\/en\/","logo":{"@type":"ImageObject","inLanguage":"en-US","@id":"https:\/\/mpk-ludwig.de\/en\/#\/schema\/logo\/image\/","url":"https:\/\/mpk-ludwig.de\/wp-content\/uploads\/2019\/11\/mpk-LUDWIG-logo.png","contentUrl":"https:\/\/mpk-ludwig.de\/wp-content\/uploads\/2019\/11\/mpk-LUDWIG-logo.png","width":600,"height":375,"caption":"mpk LUDWIG UG"},"image":{"@id":"https:\/\/mpk-ludwig.de\/en\/#\/schema\/logo\/image\/"},"sameAs":["https:\/\/www.youtube.com\/user\/Kraftaufnehmer\/"]}]}},"_links":{"self":[{"href":"https:\/\/mpk-ludwig.de\/en\/wp-json\/wp\/v2\/pages\/5942","targetHints":{"allow":["GET"]}}],"collection":[{"href":"https:\/\/mpk-ludwig.de\/en\/wp-json\/wp\/v2\/pages"}],"about":[{"href":"https:\/\/mpk-ludwig.de\/en\/wp-json\/wp\/v2\/types\/page"}],"author":[{"embeddable":true,"href":"https:\/\/mpk-ludwig.de\/en\/wp-json\/wp\/v2\/users\/3"}],"replies":[{"embeddable":true,"href":"https:\/\/mpk-ludwig.de\/en\/wp-json\/wp\/v2\/comments?post=5942"}],"version-history":[{"count":5,"href":"https:\/\/mpk-ludwig.de\/en\/wp-json\/wp\/v2\/pages\/5942\/revisions"}],"predecessor-version":[{"id":5998,"href":"https:\/\/mpk-ludwig.de\/en\/wp-json\/wp\/v2\/pages\/5942\/revisions\/5998"}],"up":[{"embeddable":true,"href":"https:\/\/mpk-ludwig.de\/en\/wp-json\/wp\/v2\/pages\/5940"}],"wp:attachment":[{"href":"https:\/\/mpk-ludwig.de\/en\/wp-json\/wp\/v2\/media?parent=5942"}],"curies":[{"name":"wp","href":"https:\/\/api.w.org\/{rel}","templated":true}]}}