{"id":5950,"date":"2020-01-14T11:02:30","date_gmt":"2020-01-14T10:02:30","guid":{"rendered":"https:\/\/mpk-ludwig.de\/?page_id=5950"},"modified":"2024-04-02T16:57:18","modified_gmt":"2024-04-02T14:57:18","slug":"digital-force-gauge","status":"publish","type":"page","link":"https:\/\/mpk-ludwig.de\/en\/force-gauge\/digital-force-gauge\/","title":{"rendered":"Digital force gauge"},"content":{"rendered":"<div id=\"pl-5950\"  class=\"panel-layout\" ><div id=\"pg-5950-0\"  class=\"panel-grid panel-no-style\" ><div id=\"pgc-5950-0-0\"  class=\"panel-grid-cell\" ><div id=\"panel-5950-0-0-0\" class=\"so-panel widget widget_sow-editor panel-first-child panel-last-child\" data-index=\"0\" ><div\n\t\t\t\n\t\t\tclass=\"so-widget-sow-editor so-widget-sow-editor-base\"\n\t\t\t\n\t\t>\n<div class=\"siteorigin-widget-tinymce textwidget\">\n\t<p>The digital force gauges in the EFG series have a large, easy-to-read <strong>LCD display<\/strong> and are operated using <strong>sensor buttons<\/strong>.<\/p>\n<p>An <strong>ergonomic metal housing<\/strong> protects the high-precision load cell and the electronics when used in a harsh environment.<\/p>\n<p>During the measurement, the physical unit as well as a tension or compression symbol is displayed. If the power of the <a href=\"https:\/\/en.wikipedia.org\/wiki\/Nickel%E2%80%93metal_hydride_battery\" target=\"_blank\" rel=\"noopener\">Ni-MH batteries<\/a> is running low, this will be indicated by a symbol on the display. If the force measuring device is overloaded, the display will blink as a warning.<\/p>\n<p>An upper and a lower setpoint can be entered. The LCD display can then show whether the test is okay or not okay. Select the area or areas that are best suited for your application.<\/p>\n<p>All force measuring devices of the EFG series are delivered in a <strong>complete set<\/strong> including: force measuring device, hard plastic case, a set of six accessories for measurement, and an AC adapter\/charger. All force measuring devices of the EFG series can be operated with the internal <strong>Ni-MH batteries or via mains power supply<\/strong>.<\/p>\n<h2>Features<\/h2>\n<ul>\n<li>Accuracy: \u00b10.2% of final value<\/li>\n<li>Ergonomic, durable, heavy-duty metal construction<\/li>\n<li>Sensor buttons<\/li>\n<li>Automatic, reversible display<\/li>\n<li>Selectable physical units (mN, N, gf, kgf, ozf, and lbf)<\/li>\n<li>Calibration certificate included<\/li>\n<li>Protection mechanism against overload<\/li>\n<li>Overload alarm<\/li>\n<li>Charger with US\/EUR\/UK plugs, selectable<\/li>\n<li>Accuracy of display resolution: \u00b10.2% of Ew. \u00b11 LSD<\/li>\n<\/ul>\n<p>&nbsp;<\/p>\n<h2>\u00a0Digital force gauges from mpk-LUDWIG<\/h2>\n<p>Are you looking for a suitable<a href=\"https:\/\/mpk-ludwig.de\/en\/force-gauge\/\"> force gauge<\/a> for your material tests? mpk-LUDWIG offers a wide range of <a href=\"https:\/\/mpk-ludwig.de\/en\/force-gauge\/digital-force-gauge\/\">digital<\/a> and <a href=\"https:\/\/mpk-ludwig.de\/en\/force-gauge\/hydraulic-force-gauge\/\">hydraulic<\/a> force gauges. Are you unsure which type of force gauge is best suited to your requirements? We can <strong>advise<\/strong> you on our entire range at any time and find the perfect solution for your requirements. Please feel free to <a href=\"https:\/\/mpk-ludwig.de\/en\/contact\/\">contact us<\/a>!<\/p>\n<\/div>\n<\/div><\/div><\/div><div id=\"pgc-5950-0-1\"  class=\"panel-grid-cell\" ><div id=\"panel-5950-0-1-0\" class=\"so-panel widget widget_sow-image panel-first-child panel-last-child\" data-index=\"1\" ><div\n\t\t\t\n\t\t\tclass=\"so-widget-sow-image so-widget-sow-image-default-8b5b6f678277-5950\"\n\t\t\t\n\t\t>\n<div class=\"sow-image-container\">\n\t\t<img \n\tsrc=\"https:\/\/mpk-ludwig.de\/wp-content\/uploads\/2019\/09\/E41A6391-kl.jpg\" width=\"800\" height=\"1200\" srcset=\"https:\/\/mpk-ludwig.de\/wp-content\/uploads\/2019\/09\/E41A6391-kl.jpg 800w, https:\/\/mpk-ludwig.de\/wp-content\/uploads\/2019\/09\/E41A6391-kl-200x300.jpg 200w, https:\/\/mpk-ludwig.de\/wp-content\/uploads\/2019\/09\/E41A6391-kl-768x1152.jpg 768w, https:\/\/mpk-ludwig.de\/wp-content\/uploads\/2019\/09\/E41A6391-kl-683x1024.jpg 683w, https:\/\/mpk-ludwig.de\/wp-content\/uploads\/2019\/09\/E41A6391-kl-53x80.jpg 53w, https:\/\/mpk-ludwig.de\/wp-content\/uploads\/2019\/09\/E41A6391-kl-167x250.jpg 167w, https:\/\/mpk-ludwig.de\/wp-content\/uploads\/2019\/09\/E41A6391-kl-213x320.jpg 213w, https:\/\/mpk-ludwig.de\/wp-content\/uploads\/2019\/09\/E41A6391-kl-427x640.jpg 427w, https:\/\/mpk-ludwig.de\/wp-content\/uploads\/2019\/09\/E41A6391-kl-640x960.jpg 640w\" sizes=\"(max-width: 800px) 100vw, 800px\" alt=\"Eine Halt h\u00e4lt ein Kraftmessger\u00e4t fest\" \t\tclass=\"so-widget-image\"\/>\n\t<\/div>\n\n<\/div><\/div><\/div><\/div><\/div>","protected":false},"excerpt":{"rendered":"<p>The digital force gauges in the EFG series have a large, easy-to-read LCD display and are operated using sensor buttons. An ergonomic metal housing protects the high-precision load cell and the electronics when used in a harsh environment. During the measurement, the physical unit as well as a tension or compression symbol is displayed. If [&hellip;]<\/p>\n","protected":false},"author":3,"featured_media":0,"parent":5940,"menu_order":20,"comment_status":"closed","ping_status":"closed","template":"","meta":{"footnotes":""},"class_list":["post-5950","page","type-page","status-publish","hentry"],"yoast_head":"<!-- This site is optimized with the Yoast SEO plugin v27.3 - https:\/\/yoast.com\/product\/yoast-seo-wordpress\/ -->\n<title>Digital Force Gauge | Advanced Force Measurement Technology<\/title>\n<meta name=\"description\" content=\"Unlock force measurement with our digital force gauge: with easy-to-read displays and versatile applications for industry and research.\" \/>\n<meta name=\"robots\" content=\"index, follow, max-snippet:-1, max-image-preview:large, max-video-preview:-1\" \/>\n<link rel=\"canonical\" href=\"https:\/\/mpk-ludwig.de\/en\/force-gauge\/digital-force-gauge\/\" \/>\n<meta property=\"og:locale\" content=\"en_US\" \/>\n<meta property=\"og:type\" content=\"article\" \/>\n<meta property=\"og:title\" content=\"Digital Force Gauge | Advanced Force Measurement Technology\" \/>\n<meta property=\"og:description\" content=\"Unlock force measurement with our digital force gauge: with easy-to-read displays and versatile applications for industry and research.\" \/>\n<meta property=\"og:url\" content=\"https:\/\/mpk-ludwig.de\/en\/force-gauge\/digital-force-gauge\/\" \/>\n<meta property=\"og:site_name\" content=\"mpk-LUDWIG UG\" \/>\n<meta property=\"article:modified_time\" content=\"2024-04-02T14:57:18+00:00\" \/>\n<meta property=\"og:image\" content=\"https:\/\/mpk-ludwig.de\/wp-content\/uploads\/2020\/04\/mpk-fav.png\" \/>\n\t<meta property=\"og:image:width\" content=\"600\" \/>\n\t<meta property=\"og:image:height\" content=\"600\" \/>\n\t<meta property=\"og:image:type\" content=\"image\/png\" \/>\n<meta name=\"twitter:card\" content=\"summary_large_image\" \/>\n<meta name=\"twitter:label1\" content=\"Est. reading time\" \/>\n\t<meta name=\"twitter:data1\" content=\"2 minutes\" \/>\n<script type=\"application\/ld+json\" class=\"yoast-schema-graph\">{\"@context\":\"https:\\\/\\\/schema.org\",\"@graph\":[{\"@type\":\"WebPage\",\"@id\":\"https:\\\/\\\/mpk-ludwig.de\\\/en\\\/force-gauge\\\/digital-force-gauge\\\/\",\"url\":\"https:\\\/\\\/mpk-ludwig.de\\\/en\\\/force-gauge\\\/digital-force-gauge\\\/\",\"name\":\"Digital Force Gauge | Advanced Force Measurement Technology\",\"isPartOf\":{\"@id\":\"https:\\\/\\\/mpk-ludwig.de\\\/en\\\/#website\"},\"datePublished\":\"2020-01-14T10:02:30+00:00\",\"dateModified\":\"2024-04-02T14:57:18+00:00\",\"description\":\"Unlock force measurement with our digital force gauge: with easy-to-read displays and versatile applications for industry and research.\",\"breadcrumb\":{\"@id\":\"https:\\\/\\\/mpk-ludwig.de\\\/en\\\/force-gauge\\\/digital-force-gauge\\\/#breadcrumb\"},\"inLanguage\":\"en-US\",\"potentialAction\":[{\"@type\":\"ReadAction\",\"target\":[\"https:\\\/\\\/mpk-ludwig.de\\\/en\\\/force-gauge\\\/digital-force-gauge\\\/\"]}]},{\"@type\":\"BreadcrumbList\",\"@id\":\"https:\\\/\\\/mpk-ludwig.de\\\/en\\\/force-gauge\\\/digital-force-gauge\\\/#breadcrumb\",\"itemListElement\":[{\"@type\":\"ListItem\",\"position\":1,\"name\":\"Startseite\",\"item\":\"https:\\\/\\\/mpk-ludwig.de\\\/en\\\/\"},{\"@type\":\"ListItem\",\"position\":2,\"name\":\"Force gauge\",\"item\":\"https:\\\/\\\/mpk-ludwig.de\\\/en\\\/force-gauge\\\/\"},{\"@type\":\"ListItem\",\"position\":3,\"name\":\"Digital force gauge\"}]},{\"@type\":\"WebSite\",\"@id\":\"https:\\\/\\\/mpk-ludwig.de\\\/en\\\/#website\",\"url\":\"https:\\\/\\\/mpk-ludwig.de\\\/en\\\/\",\"name\":\"mpk-LUDWIG UG\",\"description\":\"Zugpr\u00fcfmaschinen und Schraubenpr\u00fcfst\u00e4nde vom Profi\",\"publisher\":{\"@id\":\"https:\\\/\\\/mpk-ludwig.de\\\/en\\\/#organization\"},\"alternateName\":\"mpk Zugpr\u00fcfmaschinen\",\"potentialAction\":[{\"@type\":\"SearchAction\",\"target\":{\"@type\":\"EntryPoint\",\"urlTemplate\":\"https:\\\/\\\/mpk-ludwig.de\\\/en\\\/?s={search_term_string}\"},\"query-input\":{\"@type\":\"PropertyValueSpecification\",\"valueRequired\":true,\"valueName\":\"search_term_string\"}}],\"inLanguage\":\"en-US\"},{\"@type\":\"Organization\",\"@id\":\"https:\\\/\\\/mpk-ludwig.de\\\/en\\\/#organization\",\"name\":\"mpk LUDWIG UG\",\"url\":\"https:\\\/\\\/mpk-ludwig.de\\\/en\\\/\",\"logo\":{\"@type\":\"ImageObject\",\"inLanguage\":\"en-US\",\"@id\":\"https:\\\/\\\/mpk-ludwig.de\\\/en\\\/#\\\/schema\\\/logo\\\/image\\\/\",\"url\":\"https:\\\/\\\/mpk-ludwig.de\\\/wp-content\\\/uploads\\\/2019\\\/11\\\/mpk-LUDWIG-logo.png\",\"contentUrl\":\"https:\\\/\\\/mpk-ludwig.de\\\/wp-content\\\/uploads\\\/2019\\\/11\\\/mpk-LUDWIG-logo.png\",\"width\":600,\"height\":375,\"caption\":\"mpk LUDWIG UG\"},\"image\":{\"@id\":\"https:\\\/\\\/mpk-ludwig.de\\\/en\\\/#\\\/schema\\\/logo\\\/image\\\/\"},\"sameAs\":[\"https:\\\/\\\/www.youtube.com\\\/user\\\/Kraftaufnehmer\\\/\"]}]}<\/script>\n<!-- \/ Yoast SEO plugin. -->","yoast_head_json":{"title":"Digital Force Gauge | Advanced Force Measurement Technology","description":"Unlock force measurement with our digital force gauge: with easy-to-read displays and versatile applications for industry and research.","robots":{"index":"index","follow":"follow","max-snippet":"max-snippet:-1","max-image-preview":"max-image-preview:large","max-video-preview":"max-video-preview:-1"},"canonical":"https:\/\/mpk-ludwig.de\/en\/force-gauge\/digital-force-gauge\/","og_locale":"en_US","og_type":"article","og_title":"Digital Force Gauge | Advanced Force Measurement Technology","og_description":"Unlock force measurement with our digital force gauge: with easy-to-read displays and versatile applications for industry and research.","og_url":"https:\/\/mpk-ludwig.de\/en\/force-gauge\/digital-force-gauge\/","og_site_name":"mpk-LUDWIG UG","article_modified_time":"2024-04-02T14:57:18+00:00","og_image":[{"width":600,"height":600,"url":"https:\/\/mpk-ludwig.de\/wp-content\/uploads\/2020\/04\/mpk-fav.png","type":"image\/png"}],"twitter_card":"summary_large_image","twitter_misc":{"Est. reading time":"2 minutes"},"schema":{"@context":"https:\/\/schema.org","@graph":[{"@type":"WebPage","@id":"https:\/\/mpk-ludwig.de\/en\/force-gauge\/digital-force-gauge\/","url":"https:\/\/mpk-ludwig.de\/en\/force-gauge\/digital-force-gauge\/","name":"Digital Force Gauge | Advanced Force Measurement Technology","isPartOf":{"@id":"https:\/\/mpk-ludwig.de\/en\/#website"},"datePublished":"2020-01-14T10:02:30+00:00","dateModified":"2024-04-02T14:57:18+00:00","description":"Unlock force measurement with our digital force gauge: with easy-to-read displays and versatile applications for industry and research.","breadcrumb":{"@id":"https:\/\/mpk-ludwig.de\/en\/force-gauge\/digital-force-gauge\/#breadcrumb"},"inLanguage":"en-US","potentialAction":[{"@type":"ReadAction","target":["https:\/\/mpk-ludwig.de\/en\/force-gauge\/digital-force-gauge\/"]}]},{"@type":"BreadcrumbList","@id":"https:\/\/mpk-ludwig.de\/en\/force-gauge\/digital-force-gauge\/#breadcrumb","itemListElement":[{"@type":"ListItem","position":1,"name":"Startseite","item":"https:\/\/mpk-ludwig.de\/en\/"},{"@type":"ListItem","position":2,"name":"Force gauge","item":"https:\/\/mpk-ludwig.de\/en\/force-gauge\/"},{"@type":"ListItem","position":3,"name":"Digital force gauge"}]},{"@type":"WebSite","@id":"https:\/\/mpk-ludwig.de\/en\/#website","url":"https:\/\/mpk-ludwig.de\/en\/","name":"mpk-LUDWIG UG","description":"Zugpr\u00fcfmaschinen und Schraubenpr\u00fcfst\u00e4nde vom Profi","publisher":{"@id":"https:\/\/mpk-ludwig.de\/en\/#organization"},"alternateName":"mpk Zugpr\u00fcfmaschinen","potentialAction":[{"@type":"SearchAction","target":{"@type":"EntryPoint","urlTemplate":"https:\/\/mpk-ludwig.de\/en\/?s={search_term_string}"},"query-input":{"@type":"PropertyValueSpecification","valueRequired":true,"valueName":"search_term_string"}}],"inLanguage":"en-US"},{"@type":"Organization","@id":"https:\/\/mpk-ludwig.de\/en\/#organization","name":"mpk LUDWIG UG","url":"https:\/\/mpk-ludwig.de\/en\/","logo":{"@type":"ImageObject","inLanguage":"en-US","@id":"https:\/\/mpk-ludwig.de\/en\/#\/schema\/logo\/image\/","url":"https:\/\/mpk-ludwig.de\/wp-content\/uploads\/2019\/11\/mpk-LUDWIG-logo.png","contentUrl":"https:\/\/mpk-ludwig.de\/wp-content\/uploads\/2019\/11\/mpk-LUDWIG-logo.png","width":600,"height":375,"caption":"mpk LUDWIG UG"},"image":{"@id":"https:\/\/mpk-ludwig.de\/en\/#\/schema\/logo\/image\/"},"sameAs":["https:\/\/www.youtube.com\/user\/Kraftaufnehmer\/"]}]}},"_links":{"self":[{"href":"https:\/\/mpk-ludwig.de\/en\/wp-json\/wp\/v2\/pages\/5950","targetHints":{"allow":["GET"]}}],"collection":[{"href":"https:\/\/mpk-ludwig.de\/en\/wp-json\/wp\/v2\/pages"}],"about":[{"href":"https:\/\/mpk-ludwig.de\/en\/wp-json\/wp\/v2\/types\/page"}],"author":[{"embeddable":true,"href":"https:\/\/mpk-ludwig.de\/en\/wp-json\/wp\/v2\/users\/3"}],"replies":[{"embeddable":true,"href":"https:\/\/mpk-ludwig.de\/en\/wp-json\/wp\/v2\/comments?post=5950"}],"version-history":[{"count":5,"href":"https:\/\/mpk-ludwig.de\/en\/wp-json\/wp\/v2\/pages\/5950\/revisions"}],"predecessor-version":[{"id":6003,"href":"https:\/\/mpk-ludwig.de\/en\/wp-json\/wp\/v2\/pages\/5950\/revisions\/6003"}],"up":[{"embeddable":true,"href":"https:\/\/mpk-ludwig.de\/en\/wp-json\/wp\/v2\/pages\/5940"}],"wp:attachment":[{"href":"https:\/\/mpk-ludwig.de\/en\/wp-json\/wp\/v2\/media?parent=5950"}],"curies":[{"name":"wp","href":"https:\/\/api.w.org\/{rel}","templated":true}]}}