{"id":6206,"date":"2024-06-06T11:25:06","date_gmt":"2024-06-06T09:25:06","guid":{"rendered":"https:\/\/mpk-ludwig.de\/?page_id=6206"},"modified":"2024-06-12T22:08:39","modified_gmt":"2024-06-12T20:08:39","slug":"video-extensometer","status":"publish","type":"page","link":"https:\/\/mpk-ludwig.de\/en\/video-extensometer\/","title":{"rendered":"Video extensometer"},"content":{"rendered":"<div id=\"pl-6206\"  class=\"panel-layout\" ><div id=\"pg-6206-0\"  class=\"panel-grid panel-has-style\" ><div class=\"siteorigin-panels-stretch panel-row-style panel-row-style-for-6206-0\" data-stretch-type=\"full\" ><div id=\"pgc-6206-0-0\"  class=\"panel-grid-cell\" ><div id=\"panel-6206-0-0-0\" class=\"so-panel widget widget_sow-editor panel-first-child panel-last-child\" data-index=\"0\" ><div\n\t\t\t\n\t\t\tclass=\"so-widget-sow-editor so-widget-sow-editor-base\"\n\t\t\t\n\t\t>\n<div class=\"siteorigin-widget-tinymce textwidget\">\n\t<p>We use the non-contact video extensometer from the <a href=\"https:\/\/www.limess.com\/en\/\">German manufacturer LIMESS<\/a> to measure the elongation of material samples. This is integrated into our electronics via a serial interface. The non-contact measurement of elongation is not only important for steel or plastics, but also where contact with a specimen is not possible, such as films or paper. The measuring range <strong>is not dependent on the sample length<\/strong> and is up to 1000% elongation. Image fields of a few millimeters up to several meters are possible - thus also strain-controlled tests.<\/p>\n<p>&nbsp;<\/p>\n<\/div>\n<\/div><\/div><\/div><div id=\"pgc-6206-0-1\"  class=\"panel-grid-cell\" ><div id=\"panel-6206-0-1-0\" class=\"so-panel widget widget_media_image panel-first-child panel-last-child\" data-index=\"1\" ><div class=\"textalign--center panel-widget-style panel-widget-style-for-6206-0-1-0\" ><img loading=\"lazy\" decoding=\"async\" width=\"186\" height=\"300\" src=\"https:\/\/mpk-ludwig.de\/wp-content\/uploads\/2024\/06\/Bildschirmfoto-2024-06-05-um-13.44.35-186x300.png\" class=\"image wp-image-6175  attachment-medium size-medium\" alt=\"Das LIMESS Videoextensometer\" style=\"max-width: 100%; height: auto;\" srcset=\"https:\/\/mpk-ludwig.de\/wp-content\/uploads\/2024\/06\/Bildschirmfoto-2024-06-05-um-13.44.35-186x300.png 186w, https:\/\/mpk-ludwig.de\/wp-content\/uploads\/2024\/06\/Bildschirmfoto-2024-06-05-um-13.44.35-49x80.png 49w, https:\/\/mpk-ludwig.de\/wp-content\/uploads\/2024\/06\/Bildschirmfoto-2024-06-05-um-13.44.35-155x250.png 155w, https:\/\/mpk-ludwig.de\/wp-content\/uploads\/2024\/06\/Bildschirmfoto-2024-06-05-um-13.44.35-198x320.png 198w, https:\/\/mpk-ludwig.de\/wp-content\/uploads\/2024\/06\/Bildschirmfoto-2024-06-05-um-13.44.35.png 222w\" sizes=\"auto, (max-width: 186px) 100vw, 186px\" \/><\/div><\/div><\/div><\/div><\/div><div id=\"pg-6206-1\"  class=\"panel-grid panel-no-style\" ><div id=\"pgc-6206-1-0\"  class=\"panel-grid-cell\" ><div id=\"panel-6206-1-0-0\" class=\"so-panel widget widget_media_image panel-first-child\" data-index=\"2\" ><div style=\"width: 229px\" class=\"wp-caption alignnone\"><img loading=\"lazy\" decoding=\"async\" width=\"219\" height=\"183\" src=\"https:\/\/mpk-ludwig.de\/wp-content\/uploads\/2024\/06\/Bildschirmfoto-2024-06-05-um-13.45.00.png\" class=\"image wp-image-6177  attachment-full size-full\" alt=\"Probenbruch\" style=\"max-width: 100%; height: auto;\" srcset=\"https:\/\/mpk-ludwig.de\/wp-content\/uploads\/2024\/06\/Bildschirmfoto-2024-06-05-um-13.45.00.png 219w, https:\/\/mpk-ludwig.de\/wp-content\/uploads\/2024\/06\/Bildschirmfoto-2024-06-05-um-13.45.00-80x67.png 80w\" sizes=\"auto, (max-width: 219px) 100vw, 219px\" \/><p class=\"wp-caption-text\">Sample breakage<\/p><\/div><\/div><div id=\"panel-6206-1-0-1\" class=\"so-panel widget widget_media_image panel-last-child\" data-index=\"3\" ><div style=\"width: 199px\" class=\"wp-caption alignnone\"><img loading=\"lazy\" decoding=\"async\" width=\"189\" height=\"181\" src=\"https:\/\/mpk-ludwig.de\/wp-content\/uploads\/2024\/06\/Bildschirmfoto-2024-06-05-um-13.45.17.png\" class=\"image wp-image-6179  attachment-full size-full\" alt=\"Software Brucherkennung\" style=\"max-width: 100%; height: auto;\" srcset=\"https:\/\/mpk-ludwig.de\/wp-content\/uploads\/2024\/06\/Bildschirmfoto-2024-06-05-um-13.45.17.png 189w, https:\/\/mpk-ludwig.de\/wp-content\/uploads\/2024\/06\/Bildschirmfoto-2024-06-05-um-13.45.17-80x77.png 80w\" sizes=\"auto, (max-width: 189px) 100vw, 189px\" \/><p class=\"wp-caption-text\">Software breakage detection<\/p><\/div><\/div><\/div><div id=\"pgc-6206-1-1\"  class=\"panel-grid-cell\" ><div id=\"panel-6206-1-1-0\" class=\"so-panel widget widget_sow-editor panel-first-child panel-last-child\" data-index=\"4\" ><div\n\t\t\t\n\t\t\tclass=\"so-widget-sow-editor so-widget-sow-editor-base\"\n\t\t\t\n\t\t><h3 class=\"widget-title\">RTSS Video extensometer<\/h3>\n<div class=\"siteorigin-widget-tinymce textwidget\">\n\t<div class=\"siteorigin-widget-tinymce textwidget\">\n<h3><span style=\"text-decoration: underline;\">Technical description: <\/span><\/h3>\n<h4>Camera RTSSCAM2.4MP<\/h4>\n<p>DCMU 2.4 MP, 2.4Megapixel (2000 x 1200 Pixel), 2\/3\u201c Image sensor, USB3<\/p>\n<ul>\n<li>For high measuring accuracy in dynamic tests<\/li>\n<li>Accuracy class 1.0 with 100mm field of view<\/li>\n<li>1\u00b5m resolution with 100mm image field width<\/li>\n<li>Longitudinal strain: resolution up to 0.002% strain<\/li>\n<li>Transverse strain over sample cross-section<\/li>\n<li>Measuring rate up to approx. 1500Hz<\/li>\n<li>Scope of delivery: Camera, USB3-cable 5m<\/li>\n<\/ul>\n<h4>Fixed focal length lens<\/h4>\n<p>Compact quality lens with fixed focal length.<br \/>\nStandard focal lengths: 12, 25, 35, 50, 75, 80 mm.<br \/>\nOptics are selected according to the application.<\/p>\n<\/div>\n<\/div>\n<\/div><\/div><\/div><\/div><div id=\"pg-6206-2\"  class=\"panel-grid panel-no-style\" ><div id=\"pgc-6206-2-0\"  class=\"panel-grid-cell\" ><div id=\"panel-6206-2-0-0\" class=\"so-panel widget widget_sow-editor panel-first-child panel-last-child\" data-index=\"5\" ><div\n\t\t\t\n\t\t\tclass=\"so-widget-sow-editor so-widget-sow-editor-base\"\n\t\t\t\n\t\t><h3 class=\"widget-title\">RTSS Measurement and control software<\/h3>\n<div class=\"siteorigin-widget-tinymce textwidget\">\n\t<div class=\"siteorigin-widget-tinymce textwidget\">\n<p>The RTSS (Real Time Strain Sensor) video extensometer is a non-contact strain measurement system based on a high-resolution digital camera and real-time image processing. It is mainly used automatically with <a href=\"https:\/\/mpk-ludwig.de\/en\/testing-machine\/\">tensile testing machines<\/a>. Component deformation is measured with sub-pixel accuracy between two or more line markings. It is also possible to measure the movement of a marker during bending tests and for certification\/calibration. The system is used for image fields of approx. 10mm to 2000mm.<\/p>\n<p>Typical applications are the determination of material parameters [E-modulus, transverse contraction coefficient, etc.], strain-controlled tensile tests, crack tracking, cyclic tensile tests, dynamic and high-speed tests, vibration analysis, etc.<\/p>\n<p>The data is transferred to external software and devices via a digital or analog interface. RTSS is 100% compatible with common tensile testing machines such as Instron, MTS, Zwick, Schenk, etc.<\/p>\n<\/div>\n<\/div>\n<\/div><\/div><\/div><div id=\"pgc-6206-2-1\"  class=\"panel-grid-cell\" ><div id=\"panel-6206-2-1-0\" class=\"so-panel widget widget_media_image panel-first-child\" data-index=\"6\" ><div style=\"width: 247px\" class=\"wp-caption alignnone\"><img loading=\"lazy\" decoding=\"async\" width=\"237\" height=\"158\" src=\"https:\/\/mpk-ludwig.de\/wp-content\/uploads\/2024\/06\/Bildschirmfoto-2024-06-05-um-13.46.15.png\" class=\"image wp-image-6183  attachment-full size-full\" alt=\"Bestimmung von Material Parametern\" style=\"max-width: 100%; height: auto;\" srcset=\"https:\/\/mpk-ludwig.de\/wp-content\/uploads\/2024\/06\/Bildschirmfoto-2024-06-05-um-13.46.15.png 237w, https:\/\/mpk-ludwig.de\/wp-content\/uploads\/2024\/06\/Bildschirmfoto-2024-06-05-um-13.46.15-80x53.png 80w\" sizes=\"auto, (max-width: 237px) 100vw, 237px\" \/><p class=\"wp-caption-text\">Determination of material parameters<\/p><\/div><\/div><div id=\"panel-6206-2-1-1\" class=\"so-panel widget widget_media_image panel-last-child\" data-index=\"7\" ><div style=\"width: 236px\" class=\"wp-caption alignnone\"><img loading=\"lazy\" decoding=\"async\" width=\"226\" height=\"160\" src=\"https:\/\/mpk-ludwig.de\/wp-content\/uploads\/2024\/06\/Bildschirmfoto-2024-06-05-um-13.46.29.png\" class=\"image wp-image-6185  attachment-full size-full\" alt=\"Digitale Schnittstelle der RTSS Mess- und Steuersoftware\" style=\"max-width: 100%; height: auto;\" srcset=\"https:\/\/mpk-ludwig.de\/wp-content\/uploads\/2024\/06\/Bildschirmfoto-2024-06-05-um-13.46.29.png 226w, https:\/\/mpk-ludwig.de\/wp-content\/uploads\/2024\/06\/Bildschirmfoto-2024-06-05-um-13.46.29-80x57.png 80w\" sizes=\"auto, (max-width: 226px) 100vw, 226px\" \/><p class=\"wp-caption-text\">Digital interface of the RTSS measurement and control software<\/p><\/div><\/div><\/div><\/div><div id=\"pg-6206-3\"  class=\"panel-grid panel-no-style\" ><div id=\"pgc-6206-3-0\"  class=\"panel-grid-cell\" ><div id=\"panel-6206-3-0-0\" class=\"so-panel widget widget_sow-editor panel-first-child panel-last-child\" data-index=\"8\" ><div\n\t\t\t\n\t\t\tclass=\"so-widget-sow-editor so-widget-sow-editor-base\"\n\t\t\t\n\t\t>\n<div class=\"siteorigin-widget-tinymce textwidget\">\n\t<h3>Features:<\/h3>\n<ul>\n<li>Video extensometer for use on (tensile) testing machines.<\/li>\n<li>Measuring rate typically 100 Hz (optionally up to 4KHz with special camera)<\/li>\n<li>Measurement of\n<ul>\n<li>Longitudinal strain over <strong>2 sample markings.<\/strong><\/li>\n<li>Distance of the sample marker (calibration).<\/li>\n<li>Measurement of transverse strain <strong>via sample geometry.<\/strong><\/li>\n<li>Constriction over sample cross-section.<\/li>\n<li>Width of the sample over the sample cross-section (calibration).<\/li>\n<\/ul>\n<\/li>\n<li>Multiple marker detection: For a spatially resolved strain measurement, up to 20 line markers can be detected simultaneously.<\/li>\n<li>Measuring accuracy approx. 0.002% for longitudinal elongation (HR version)<\/li>\n<li>Saving images during the test. The images can be converted into an AVI using RTSS. The strain distribution can be measured using <a href=\"https:\/\/www.limess.com\/en\/products\/q400-digital-image-correlation\">digital image correlation<\/a> (optional at extra cost).<\/li>\n<li>Available interfaces: Serial, ASCII file, DOLI controller, DLL, <strong>Optional: Analog via DAQhw (2 channels, \u00b110V, 16bit).<\/strong><\/li>\n<li>A modern, configurable and intuitive user interface<\/li>\n<li>Use of templates for various measurement tasks<\/li>\n<li>The thread-optimized kernel supports multi-core processors for a low processor load<\/li>\n<li>This allows, for example, installation on the control computer of the testing machine<\/li>\n<li>Scope of delivery: Software license, installation CD, online manual and short operating instructions.<\/li>\n<\/ul>\n<\/div>\n<\/div><\/div><\/div><div id=\"pgc-6206-3-1\"  class=\"panel-grid-cell\" ><div id=\"panel-6206-3-1-0\" class=\"so-panel widget widget_sow-editor panel-first-child\" data-index=\"9\" ><div\n\t\t\t\n\t\t\tclass=\"so-widget-sow-editor so-widget-sow-editor-base\"\n\t\t\t\n\t\t>\n<div class=\"siteorigin-widget-tinymce textwidget\">\n\t<h3>Calibration plate<\/h3>\n<p>Calibration plate for calibrating the system (measured values in mm).<br \/>\nField of view: 10 to 250mm (other sizes on request).<\/p>\n<h3>Marker set<\/h3>\n<p>Marker set for applying standardized line marks.<br \/>\nScope of delivery: Marker template for L0=20 to 100mm, 1x black Edding, 1x white Edding, line sticker<\/p>\n<h3>High-power illumination (incident light)<\/h3>\n<p>Incident light (LED) for dynamic testing (not shown).<\/p>\n<\/div>\n<\/div><\/div><div id=\"panel-6206-3-1-1\" class=\"so-panel widget widget_media_image panel-last-child\" data-index=\"10\" ><div class=\"textalign--center panel-widget-style panel-widget-style-for-6206-3-1-1\" ><img loading=\"lazy\" decoding=\"async\" width=\"300\" height=\"174\" src=\"https:\/\/mpk-ludwig.de\/wp-content\/uploads\/2024\/06\/Bildschirmfoto-2024-06-05-um-13.45.59-300x174.png\" class=\"image wp-image-6181  attachment-medium size-medium\" alt=\"Detailaufnahme des Videoextensometers\" style=\"max-width: 100%; height: auto;\" srcset=\"https:\/\/mpk-ludwig.de\/wp-content\/uploads\/2024\/06\/Bildschirmfoto-2024-06-05-um-13.45.59-300x174.png 300w, https:\/\/mpk-ludwig.de\/wp-content\/uploads\/2024\/06\/Bildschirmfoto-2024-06-05-um-13.45.59-768x446.png 768w, https:\/\/mpk-ludwig.de\/wp-content\/uploads\/2024\/06\/Bildschirmfoto-2024-06-05-um-13.45.59-80x46.png 80w, https:\/\/mpk-ludwig.de\/wp-content\/uploads\/2024\/06\/Bildschirmfoto-2024-06-05-um-13.45.59-250x145.png 250w, https:\/\/mpk-ludwig.de\/wp-content\/uploads\/2024\/06\/Bildschirmfoto-2024-06-05-um-13.45.59-320x186.png 320w, https:\/\/mpk-ludwig.de\/wp-content\/uploads\/2024\/06\/Bildschirmfoto-2024-06-05-um-13.45.59-640x372.png 640w, https:\/\/mpk-ludwig.de\/wp-content\/uploads\/2024\/06\/Bildschirmfoto-2024-06-05-um-13.45.59.png 780w\" sizes=\"auto, (max-width: 300px) 100vw, 300px\" \/><\/div><\/div><\/div><\/div><\/div>","protected":false},"excerpt":{"rendered":"<p>We use the non-contact video extensometer from the German manufacturer LIMESS to measure the elongation of material samples. This is integrated into our electronics via a serial interface. The non-contact measurement of elongation is not only important for steel or plastics, but also where contact with a specimen is not possible, such as films or [&hellip;]<\/p>\n","protected":false},"author":3,"featured_media":0,"parent":0,"menu_order":0,"comment_status":"closed","ping_status":"closed","template":"","meta":{"footnotes":""},"class_list":["post-6206","page","type-page","status-publish","hentry"],"yoast_head":"<!-- This site is optimized with the Yoast SEO plugin v27.3 - https:\/\/yoast.com\/product\/yoast-seo-wordpress\/ -->\n<title>Video extensometer of mpk-Ludwig<\/title>\n<meta name=\"description\" content=\"We use the non-contact video extensometer to measure the elongation of material samples. Find out more here.\" \/>\n<meta name=\"robots\" content=\"index, follow, max-snippet:-1, max-image-preview:large, max-video-preview:-1\" \/>\n<link rel=\"canonical\" href=\"https:\/\/mpk-ludwig.de\/en\/video-extensometer\/\" \/>\n<meta property=\"og:locale\" content=\"en_US\" \/>\n<meta property=\"og:type\" content=\"article\" \/>\n<meta property=\"og:title\" content=\"Video extensometer of mpk-Ludwig\" \/>\n<meta property=\"og:description\" content=\"We use the non-contact video extensometer to measure the elongation of material samples. Find out more here.\" \/>\n<meta property=\"og:url\" content=\"https:\/\/mpk-ludwig.de\/en\/video-extensometer\/\" \/>\n<meta property=\"og:site_name\" content=\"mpk-LUDWIG UG\" \/>\n<meta property=\"article:modified_time\" content=\"2024-06-12T20:08:39+00:00\" \/>\n<meta property=\"og:image\" content=\"https:\/\/mpk-ludwig.de\/wp-content\/uploads\/2020\/04\/mpk-fav.png\" \/>\n\t<meta property=\"og:image:width\" content=\"600\" \/>\n\t<meta property=\"og:image:height\" content=\"600\" \/>\n\t<meta property=\"og:image:type\" content=\"image\/png\" \/>\n<meta name=\"twitter:card\" content=\"summary_large_image\" \/>\n<meta name=\"twitter:label1\" content=\"Est. reading time\" \/>\n\t<meta name=\"twitter:data1\" content=\"3 minutes\" \/>\n<script type=\"application\/ld+json\" class=\"yoast-schema-graph\">{\"@context\":\"https:\\\/\\\/schema.org\",\"@graph\":[{\"@type\":\"WebPage\",\"@id\":\"https:\\\/\\\/mpk-ludwig.de\\\/en\\\/video-extensometer\\\/\",\"url\":\"https:\\\/\\\/mpk-ludwig.de\\\/en\\\/video-extensometer\\\/\",\"name\":\"Video extensometer of mpk-Ludwig\",\"isPartOf\":{\"@id\":\"https:\\\/\\\/mpk-ludwig.de\\\/en\\\/#website\"},\"datePublished\":\"2024-06-06T09:25:06+00:00\",\"dateModified\":\"2024-06-12T20:08:39+00:00\",\"description\":\"We use the non-contact video extensometer to measure the elongation of material samples. Find out more here.\",\"breadcrumb\":{\"@id\":\"https:\\\/\\\/mpk-ludwig.de\\\/en\\\/video-extensometer\\\/#breadcrumb\"},\"inLanguage\":\"en-US\",\"potentialAction\":[{\"@type\":\"ReadAction\",\"target\":[\"https:\\\/\\\/mpk-ludwig.de\\\/en\\\/video-extensometer\\\/\"]}]},{\"@type\":\"BreadcrumbList\",\"@id\":\"https:\\\/\\\/mpk-ludwig.de\\\/en\\\/video-extensometer\\\/#breadcrumb\",\"itemListElement\":[{\"@type\":\"ListItem\",\"position\":1,\"name\":\"Startseite\",\"item\":\"https:\\\/\\\/mpk-ludwig.de\\\/en\\\/\"},{\"@type\":\"ListItem\",\"position\":2,\"name\":\"Video extensometer\"}]},{\"@type\":\"WebSite\",\"@id\":\"https:\\\/\\\/mpk-ludwig.de\\\/en\\\/#website\",\"url\":\"https:\\\/\\\/mpk-ludwig.de\\\/en\\\/\",\"name\":\"mpk-LUDWIG UG\",\"description\":\"Zugpr\u00fcfmaschinen und Schraubenpr\u00fcfst\u00e4nde vom Profi\",\"publisher\":{\"@id\":\"https:\\\/\\\/mpk-ludwig.de\\\/en\\\/#organization\"},\"alternateName\":\"mpk Zugpr\u00fcfmaschinen\",\"potentialAction\":[{\"@type\":\"SearchAction\",\"target\":{\"@type\":\"EntryPoint\",\"urlTemplate\":\"https:\\\/\\\/mpk-ludwig.de\\\/en\\\/?s={search_term_string}\"},\"query-input\":{\"@type\":\"PropertyValueSpecification\",\"valueRequired\":true,\"valueName\":\"search_term_string\"}}],\"inLanguage\":\"en-US\"},{\"@type\":\"Organization\",\"@id\":\"https:\\\/\\\/mpk-ludwig.de\\\/en\\\/#organization\",\"name\":\"mpk LUDWIG UG\",\"url\":\"https:\\\/\\\/mpk-ludwig.de\\\/en\\\/\",\"logo\":{\"@type\":\"ImageObject\",\"inLanguage\":\"en-US\",\"@id\":\"https:\\\/\\\/mpk-ludwig.de\\\/en\\\/#\\\/schema\\\/logo\\\/image\\\/\",\"url\":\"https:\\\/\\\/mpk-ludwig.de\\\/wp-content\\\/uploads\\\/2019\\\/11\\\/mpk-LUDWIG-logo.png\",\"contentUrl\":\"https:\\\/\\\/mpk-ludwig.de\\\/wp-content\\\/uploads\\\/2019\\\/11\\\/mpk-LUDWIG-logo.png\",\"width\":600,\"height\":375,\"caption\":\"mpk LUDWIG UG\"},\"image\":{\"@id\":\"https:\\\/\\\/mpk-ludwig.de\\\/en\\\/#\\\/schema\\\/logo\\\/image\\\/\"},\"sameAs\":[\"https:\\\/\\\/www.youtube.com\\\/user\\\/Kraftaufnehmer\\\/\"]}]}<\/script>\n<!-- \/ Yoast SEO plugin. -->","yoast_head_json":{"title":"Video extensometer of mpk-Ludwig","description":"We use the non-contact video extensometer to measure the elongation of material samples. Find out more here.","robots":{"index":"index","follow":"follow","max-snippet":"max-snippet:-1","max-image-preview":"max-image-preview:large","max-video-preview":"max-video-preview:-1"},"canonical":"https:\/\/mpk-ludwig.de\/en\/video-extensometer\/","og_locale":"en_US","og_type":"article","og_title":"Video extensometer of mpk-Ludwig","og_description":"We use the non-contact video extensometer to measure the elongation of material samples. Find out more here.","og_url":"https:\/\/mpk-ludwig.de\/en\/video-extensometer\/","og_site_name":"mpk-LUDWIG UG","article_modified_time":"2024-06-12T20:08:39+00:00","og_image":[{"width":600,"height":600,"url":"https:\/\/mpk-ludwig.de\/wp-content\/uploads\/2020\/04\/mpk-fav.png","type":"image\/png"}],"twitter_card":"summary_large_image","twitter_misc":{"Est. reading time":"3 minutes"},"schema":{"@context":"https:\/\/schema.org","@graph":[{"@type":"WebPage","@id":"https:\/\/mpk-ludwig.de\/en\/video-extensometer\/","url":"https:\/\/mpk-ludwig.de\/en\/video-extensometer\/","name":"Video extensometer of mpk-Ludwig","isPartOf":{"@id":"https:\/\/mpk-ludwig.de\/en\/#website"},"datePublished":"2024-06-06T09:25:06+00:00","dateModified":"2024-06-12T20:08:39+00:00","description":"We use the non-contact video extensometer to measure the elongation of material samples. Find out more here.","breadcrumb":{"@id":"https:\/\/mpk-ludwig.de\/en\/video-extensometer\/#breadcrumb"},"inLanguage":"en-US","potentialAction":[{"@type":"ReadAction","target":["https:\/\/mpk-ludwig.de\/en\/video-extensometer\/"]}]},{"@type":"BreadcrumbList","@id":"https:\/\/mpk-ludwig.de\/en\/video-extensometer\/#breadcrumb","itemListElement":[{"@type":"ListItem","position":1,"name":"Startseite","item":"https:\/\/mpk-ludwig.de\/en\/"},{"@type":"ListItem","position":2,"name":"Video extensometer"}]},{"@type":"WebSite","@id":"https:\/\/mpk-ludwig.de\/en\/#website","url":"https:\/\/mpk-ludwig.de\/en\/","name":"mpk-LUDWIG UG","description":"Zugpr\u00fcfmaschinen und Schraubenpr\u00fcfst\u00e4nde vom Profi","publisher":{"@id":"https:\/\/mpk-ludwig.de\/en\/#organization"},"alternateName":"mpk Zugpr\u00fcfmaschinen","potentialAction":[{"@type":"SearchAction","target":{"@type":"EntryPoint","urlTemplate":"https:\/\/mpk-ludwig.de\/en\/?s={search_term_string}"},"query-input":{"@type":"PropertyValueSpecification","valueRequired":true,"valueName":"search_term_string"}}],"inLanguage":"en-US"},{"@type":"Organization","@id":"https:\/\/mpk-ludwig.de\/en\/#organization","name":"mpk LUDWIG UG","url":"https:\/\/mpk-ludwig.de\/en\/","logo":{"@type":"ImageObject","inLanguage":"en-US","@id":"https:\/\/mpk-ludwig.de\/en\/#\/schema\/logo\/image\/","url":"https:\/\/mpk-ludwig.de\/wp-content\/uploads\/2019\/11\/mpk-LUDWIG-logo.png","contentUrl":"https:\/\/mpk-ludwig.de\/wp-content\/uploads\/2019\/11\/mpk-LUDWIG-logo.png","width":600,"height":375,"caption":"mpk LUDWIG UG"},"image":{"@id":"https:\/\/mpk-ludwig.de\/en\/#\/schema\/logo\/image\/"},"sameAs":["https:\/\/www.youtube.com\/user\/Kraftaufnehmer\/"]}]}},"_links":{"self":[{"href":"https:\/\/mpk-ludwig.de\/en\/wp-json\/wp\/v2\/pages\/6206","targetHints":{"allow":["GET"]}}],"collection":[{"href":"https:\/\/mpk-ludwig.de\/en\/wp-json\/wp\/v2\/pages"}],"about":[{"href":"https:\/\/mpk-ludwig.de\/en\/wp-json\/wp\/v2\/types\/page"}],"author":[{"embeddable":true,"href":"https:\/\/mpk-ludwig.de\/en\/wp-json\/wp\/v2\/users\/3"}],"replies":[{"embeddable":true,"href":"https:\/\/mpk-ludwig.de\/en\/wp-json\/wp\/v2\/comments?post=6206"}],"version-history":[{"count":4,"href":"https:\/\/mpk-ludwig.de\/en\/wp-json\/wp\/v2\/pages\/6206\/revisions"}],"predecessor-version":[{"id":6211,"href":"https:\/\/mpk-ludwig.de\/en\/wp-json\/wp\/v2\/pages\/6206\/revisions\/6211"}],"wp:attachment":[{"href":"https:\/\/mpk-ludwig.de\/en\/wp-json\/wp\/v2\/media?parent=6206"}],"curies":[{"name":"wp","href":"https:\/\/api.w.org\/{rel}","templated":true}]}}